{"id":8645,"date":"2022-08-08T12:50:06","date_gmt":"2022-08-08T11:50:06","guid":{"rendered":"https:\/\/www.profondia.com\/?page_id=8645"},"modified":"2022-08-08T12:53:09","modified_gmt":"2022-08-08T11:53:09","slug":"it-markt-report-suisse-2022","status":"publish","type":"page","link":"https:\/\/www.profondia.com\/fr\/it-markt-report-suisse-2022\/","title":{"rendered":"IT-Markt Report Suisse 2022"},"content":{"rendered":"<div id=\"pl-8645\"  class=\"panel-layout\" ><div id=\"pg-8645-0\"  class=\"panel-grid panel-no-style\" ><div id=\"pgc-8645-0-0\"  class=\"panel-grid-cell\" ><div id=\"panel-8645-0-0-0\" class=\"so-panel widget widget_sow-editor panel-first-child panel-last-child\" data-index=\"0\" ><div\n\t\t\t\n\t\t\tclass=\"so-widget-sow-editor so-widget-sow-editor-base\"\n\t\t\t\n\t\t>\n<div class=\"siteorigin-widget-tinymce textwidget\">\n\t<h4><strong>FAITS, TENDANCES ET NOUVELLES ANALYSES<\/strong><\/h4>\n<\/div>\n<\/div><\/div><\/div><\/div><div id=\"pg-8645-1\"  class=\"panel-grid panel-no-style\" ><div id=\"pgc-8645-1-0\"  class=\"panel-grid-cell\" ><div id=\"panel-8645-1-0-0\" class=\"so-panel widget widget_media_image panel-first-child panel-last-child\" data-index=\"1\" ><img width=\"752\" height=\"1024\" src=\"https:\/\/www.profondia.com\/wp-content\/uploads\/2022\/07\/IT-Markt-Report-2022_FR-752x1024.jpg\" class=\"image wp-image-8487  attachment-large size-large\" alt=\"\" loading=\"lazy\" style=\"max-width: 100%; height: auto;\" srcset=\"https:\/\/www.profondia.com\/wp-content\/uploads\/2022\/07\/IT-Markt-Report-2022_FR-752x1024.jpg 752w, https:\/\/www.profondia.com\/wp-content\/uploads\/2022\/07\/IT-Markt-Report-2022_FR-220x300.jpg 220w, https:\/\/www.profondia.com\/wp-content\/uploads\/2022\/07\/IT-Markt-Report-2022_FR-768x1046.jpg 768w, https:\/\/www.profondia.com\/wp-content\/uploads\/2022\/07\/IT-Markt-Report-2022_FR-1128x1536.jpg 1128w, https:\/\/www.profondia.com\/wp-content\/uploads\/2022\/07\/IT-Markt-Report-2022_FR-1200x1634.jpg 1200w, https:\/\/www.profondia.com\/wp-content\/uploads\/2022\/07\/IT-Markt-Report-2022_FR.jpg 1388w\" sizes=\"(max-width: 752px) 85vw, 752px\" \/><\/div><\/div><div id=\"pgc-8645-1-1\"  class=\"panel-grid-cell\" ><div id=\"panel-8645-1-1-0\" class=\"so-panel widget widget_sow-editor panel-first-child panel-last-child\" data-index=\"2\" ><div\n\t\t\t\n\t\t\tclass=\"so-widget-sow-editor so-widget-sow-editor-base\"\n\t\t\t\n\t\t>\n<div class=\"siteorigin-widget-tinymce textwidget\">\n\t<p>D\u00e9j\u00e0 31,8 % des entreprises suisses qui ont fourni des indications sur les syst\u00e8mes h\u00f4tes utilis\u00e9s n'utilisent plus de serveurs sur site. L'ann\u00e9e pr\u00e9c\u00e9dente, ce chiffre n'\u00e9tait que de 26,8 %. Dans la pr\u00e9sentation d\u00e9taill\u00e9e, vous d\u00e9couvrirez si ces entreprises comptent sur un Corporate Cloud, un Hosted Private Cloud ou sur les services d'un hyperscaler. Lire la suite<\/p>\n<p>Le rapport entre les serveurs virtuels (VMs) et les serveurs physiques, qui est pass\u00e9 de 4,2 \u00e0 5,0 en l'espace d'un an, est \u00e9galement une preuve de la poursuite de la consolidation.<\/p>\n<p>Pour la premi\u00e8re fois, les parts de march\u00e9 des firewalls et des plates-formes de gestion de l'infrastructure informatique ont \u00e9t\u00e9 \u00e9valu\u00e9es dans l'\u00e9dition de cette ann\u00e9e.<\/p>\n<p>La <a href=\"https:\/\/www.profondia.com\/wp-content\/uploads\/2022\/07\/IT-Markt-Report-2022_FR_220725.pdf\" target=\"_blank\" rel=\"noopener\">pr\u00e9sentation<\/a> du march\u00e9 informatique vous donne un aper\u00e7u d\u00e9taill\u00e9 de l'\u00e9volution du march\u00e9.<\/p>\n<p>De plus, Netzmedien AG a publi\u00e9 un <a href=\"https:\/\/www.profondia.com\/wp-content\/uploads\/2022\/07\/IT-Markt-2022_F_220630.pdf\" target=\"_blank\" rel=\"noopener\">r\u00e9sum\u00e9<\/a> des principales conclusions dans l'\u00e9dition 5\/2022 du IT-Markt.<\/p>\n<p>Quel est l'impact de ces \u00e9volutions sur votre offre ? Nous vous aidons volontiers \u00e0 tirer les bonnes conclusions des donn\u00e9es:<\/p>\n<p><a class=\"btn\" href=\"https:\/\/www.profondia.com\/fr\/contact\/\">Contact<\/a><\/p>\n<\/div>\n<\/div><\/div><\/div><\/div><\/div>","protected":false},"excerpt":{"rendered":"<p>FAITS, TENDANCES ET NOUVELLES ANALYSES D\u00e9j\u00e0 31,8 % des entreprises suisses qui ont fourni des indications sur les syst\u00e8mes h\u00f4tes utilis\u00e9s n&rsquo;utilisent plus de serveurs sur site. L&rsquo;ann\u00e9e pr\u00e9c\u00e9dente, ce chiffre n&rsquo;\u00e9tait que de 26,8 %. Dans la pr\u00e9sentation d\u00e9taill\u00e9e, vous d\u00e9couvrirez si ces entreprises comptent sur un Corporate Cloud, un Hosted Private Cloud ou &hellip; <a href=\"https:\/\/www.profondia.com\/fr\/it-markt-report-suisse-2022\/\" class=\"more-link\">Continue reading<span class=\"screen-reader-text\"> \u00ab\u00a0IT-Markt Report Suisse 2022\u00a0\u00bb<\/span><\/a><\/p>\n","protected":false},"author":3,"featured_media":0,"parent":0,"menu_order":0,"comment_status":"closed","ping_status":"closed","template":"","meta":{"_seopress_robots_primary_cat":"","_seopress_titles_title":"IT-Markt Report Suisse 2022 - Profondia AG","_seopress_titles_desc":"La 11e \u00e9dition du IT-Markt Report sur le march\u00e9 de l&#039;informatique montre \u00e0 quel point les strat\u00e9gies et les demandes informatiques des entreprises suisses \u00e9voluent. Mais il n&#039;y a pas que les r\u00e9ponses des entreprises interrog\u00e9es qui changent, nos enqu\u00eates et nos services s&#039;adaptent \u00e9galement \u00e0 l&#039;\u00e9volution du march\u00e9.","_seopress_robots_index":"","_kiway_template_id":"","_kiway_page_mode":"","_kiway_site_id":"","_kiway_nav_order":0,"_kiway_nav_parent":"","_kiway_is_front_page":""},"acf":[],"_links":{"self":[{"href":"https:\/\/www.profondia.com\/fr\/wp-json\/wp\/v2\/pages\/8645"}],"collection":[{"href":"https:\/\/www.profondia.com\/fr\/wp-json\/wp\/v2\/pages"}],"about":[{"href":"https:\/\/www.profondia.com\/fr\/wp-json\/wp\/v2\/types\/page"}],"author":[{"embeddable":true,"href":"https:\/\/www.profondia.com\/fr\/wp-json\/wp\/v2\/users\/3"}],"replies":[{"embeddable":true,"href":"https:\/\/www.profondia.com\/fr\/wp-json\/wp\/v2\/comments?post=8645"}],"version-history":[{"count":3,"href":"https:\/\/www.profondia.com\/fr\/wp-json\/wp\/v2\/pages\/8645\/revisions"}],"predecessor-version":[{"id":8649,"href":"https:\/\/www.profondia.com\/fr\/wp-json\/wp\/v2\/pages\/8645\/revisions\/8649"}],"wp:attachment":[{"href":"https:\/\/www.profondia.com\/fr\/wp-json\/wp\/v2\/media?parent=8645"}],"curies":[{"name":"wp","href":"https:\/\/api.w.org\/{rel}","templated":true}]}}