{"id":8637,"date":"2022-08-08T12:08:30","date_gmt":"2022-08-08T11:08:30","guid":{"rendered":"https:\/\/www.profondia.com\/?page_id=8637"},"modified":"2022-08-08T12:09:01","modified_gmt":"2022-08-08T11:09:01","slug":"priorites-de-digitalisation","status":"publish","type":"page","link":"https:\/\/www.profondia.com\/fr\/priorites-de-digitalisation\/","title":{"rendered":"Priorit\u00e9s de digitalisation"},"content":{"rendered":"<div id=\"pl-8637\"  class=\"panel-layout\" ><div id=\"pg-8637-0\"  class=\"panel-grid panel-no-style\" ><div id=\"pgc-8637-0-0\"  class=\"panel-grid-cell\" ><div id=\"panel-8637-0-0-0\" class=\"so-panel widget widget_sow-editor panel-first-child panel-last-child\" data-index=\"0\" ><div\n\t\t\t\n\t\t\tclass=\"so-widget-sow-editor so-widget-sow-editor-base\"\n\t\t\t\n\t\t>\n<div class=\"siteorigin-widget-tinymce textwidget\">\n\t<h4><strong>OU SE CONCENTRE L'ATTENTION DES ENTREPRISES ?<\/strong><\/h4>\n<\/div>\n<\/div><\/div><\/div><\/div><div id=\"pg-8637-1\"  class=\"panel-grid panel-no-style\" ><div id=\"pgc-8637-1-0\"  class=\"panel-grid-cell\" ><div id=\"panel-8637-1-0-0\" class=\"so-panel widget widget_media_image panel-first-child panel-last-child\" data-index=\"1\" ><img width=\"300\" height=\"300\" src=\"https:\/\/www.profondia.com\/wp-content\/uploads\/2022\/08\/Digitalisierungsprioritaeten-300x300.jpg\" class=\"image wp-image-8561  attachment-medium size-medium\" alt=\"Digitalisierungspriorit\u00e4ten\" loading=\"lazy\" style=\"max-width: 100%; height: auto;\" srcset=\"https:\/\/www.profondia.com\/wp-content\/uploads\/2022\/08\/Digitalisierungsprioritaeten-300x300.jpg 300w, https:\/\/www.profondia.com\/wp-content\/uploads\/2022\/08\/Digitalisierungsprioritaeten-1024x1024.jpg 1024w, https:\/\/www.profondia.com\/wp-content\/uploads\/2022\/08\/Digitalisierungsprioritaeten-150x150.jpg 150w, https:\/\/www.profondia.com\/wp-content\/uploads\/2022\/08\/Digitalisierungsprioritaeten-768x768.jpg 768w, https:\/\/www.profondia.com\/wp-content\/uploads\/2022\/08\/Digitalisierungsprioritaeten-1536x1536.jpg 1536w, https:\/\/www.profondia.com\/wp-content\/uploads\/2022\/08\/Digitalisierungsprioritaeten-1200x1200.jpg 1200w, https:\/\/www.profondia.com\/wp-content\/uploads\/2022\/08\/Digitalisierungsprioritaeten.jpg 1920w\" sizes=\"(max-width: 300px) 85vw, 300px\" \/><\/div><\/div><div id=\"pgc-8637-1-1\"  class=\"panel-grid-cell\" ><div id=\"panel-8637-1-1-0\" class=\"so-panel widget widget_sow-editor panel-first-child panel-last-child\" data-index=\"2\" ><div\n\t\t\t\n\t\t\tclass=\"so-widget-sow-editor so-widget-sow-editor-base\"\n\t\t\t\n\t\t>\n<div class=\"siteorigin-widget-tinymce textwidget\">\n\t<p>Quels sont les domaines d'activit\u00e9 qui sont au centre des pr\u00e9occupations des entreprises lorsqu'elles num\u00e9risent leurs processus ?<\/p>\n<p>Les processus interd\u00e9partementaux sont-ils au premier plan ou l'accent est-il mis sur des domaines sp\u00e9cifiques, comme les ressources humaines ou l'interaction avec les clients ou les fournisseurs ?<\/p>\n<p>Le fait que plus des trois quarts des entreprises qui peuvent donner des indications sur les priorit\u00e9s de num\u00e9risation pr\u00e9voient \u00e9galement des projets correspondants est un signe clair que les entreprises sont s\u00e9rieusement en train de repenser leurs processus.<\/p>\n<p><a class=\"btn\" href=\"https:\/\/www.profondia.com\/fr\/contact\/\">Contact<\/a><\/p>\n<\/div>\n<\/div><\/div><\/div><\/div><\/div>","protected":false},"excerpt":{"rendered":"<p>OU SE CONCENTRE L&rsquo;ATTENTION DES ENTREPRISES ? Quels sont les domaines d&rsquo;activit\u00e9 qui sont au centre des pr\u00e9occupations des entreprises lorsqu&rsquo;elles num\u00e9risent leurs processus ? Les processus interd\u00e9partementaux sont-ils au premier plan ou l&rsquo;accent est-il mis sur des domaines sp\u00e9cifiques, comme les ressources humaines ou l&rsquo;interaction avec les clients ou les fournisseurs ? Le fait &hellip; <a href=\"https:\/\/www.profondia.com\/fr\/priorites-de-digitalisation\/\" class=\"more-link\">Continue reading<span class=\"screen-reader-text\"> \u00ab\u00a0Priorit\u00e9s de digitalisation\u00a0\u00bb<\/span><\/a><\/p>\n","protected":false},"author":3,"featured_media":0,"parent":0,"menu_order":0,"comment_status":"closed","ping_status":"closed","template":"","meta":{"_seopress_robots_primary_cat":"","_seopress_titles_title":"Priorit\u00e9s de digitalisation - Profondia AG","_seopress_titles_desc":"Quels sont les domaines d&#039;activit\u00e9 qui sont au centre des pr\u00e9occupations des entreprises lorsqu&#039;elles num\u00e9risent leurs processus ? ","_seopress_robots_index":"","_kiway_template_id":"","_kiway_page_mode":"","_kiway_site_id":"","_kiway_nav_order":0,"_kiway_nav_parent":"","_kiway_is_front_page":""},"acf":[],"_links":{"self":[{"href":"https:\/\/www.profondia.com\/fr\/wp-json\/wp\/v2\/pages\/8637"}],"collection":[{"href":"https:\/\/www.profondia.com\/fr\/wp-json\/wp\/v2\/pages"}],"about":[{"href":"https:\/\/www.profondia.com\/fr\/wp-json\/wp\/v2\/types\/page"}],"author":[{"embeddable":true,"href":"https:\/\/www.profondia.com\/fr\/wp-json\/wp\/v2\/users\/3"}],"replies":[{"embeddable":true,"href":"https:\/\/www.profondia.com\/fr\/wp-json\/wp\/v2\/comments?post=8637"}],"version-history":[{"count":4,"href":"https:\/\/www.profondia.com\/fr\/wp-json\/wp\/v2\/pages\/8637\/revisions"}],"predecessor-version":[{"id":8642,"href":"https:\/\/www.profondia.com\/fr\/wp-json\/wp\/v2\/pages\/8637\/revisions\/8642"}],"wp:attachment":[{"href":"https:\/\/www.profondia.com\/fr\/wp-json\/wp\/v2\/media?parent=8637"}],"curies":[{"name":"wp","href":"https:\/\/api.w.org\/{rel}","templated":true}]}}