{"id":8631,"date":"2022-08-08T10:59:50","date_gmt":"2022-08-08T09:59:50","guid":{"rendered":"https:\/\/www.profondia.com\/?page_id=8631"},"modified":"2022-08-08T12:09:48","modified_gmt":"2022-08-08T11:09:48","slug":"creation-de-contenu","status":"publish","type":"page","link":"https:\/\/www.profondia.com\/fr\/creation-de-contenu\/","title":{"rendered":"Cr\u00e9ation de contenu"},"content":{"rendered":"<div id=\"pl-8631\"  class=\"panel-layout\" ><div id=\"pg-8631-0\"  class=\"panel-grid panel-no-style\" ><div id=\"pgc-8631-0-0\"  class=\"panel-grid-cell\" ><div id=\"panel-8631-0-0-0\" class=\"so-panel widget widget_sow-editor panel-first-child\" data-index=\"0\" ><div\n\t\t\t\n\t\t\tclass=\"so-widget-sow-editor so-widget-sow-editor-base\"\n\t\t\t\n\t\t>\n<div class=\"siteorigin-widget-tinymce textwidget\">\n\t<h4><strong>CONVAINCRE AVES DES CONTENUS<\/strong><\/h4>\n<\/div>\n<\/div><\/div><div id=\"panel-8631-0-0-1\" class=\"so-panel widget widget_media_image panel-last-child\" data-index=\"1\" ><img width=\"850\" height=\"336\" src=\"https:\/\/www.profondia.com\/wp-content\/uploads\/2022\/08\/Content-Creation-1024x405.jpg\" class=\"image wp-image-8594  attachment-850x336 size-850x336\" alt=\"Content-Creation\" loading=\"lazy\" style=\"max-width: 100%; height: auto;\" srcset=\"https:\/\/www.profondia.com\/wp-content\/uploads\/2022\/08\/Content-Creation-1024x405.jpg 1024w, https:\/\/www.profondia.com\/wp-content\/uploads\/2022\/08\/Content-Creation-300x119.jpg 300w, https:\/\/www.profondia.com\/wp-content\/uploads\/2022\/08\/Content-Creation-768x304.jpg 768w, https:\/\/www.profondia.com\/wp-content\/uploads\/2022\/08\/Content-Creation-1536x607.jpg 1536w, https:\/\/www.profondia.com\/wp-content\/uploads\/2022\/08\/Content-Creation-1200x474.jpg 1200w, https:\/\/www.profondia.com\/wp-content\/uploads\/2022\/08\/Content-Creation.jpg 1920w\" sizes=\"(max-width: 709px) 85vw, (max-width: 909px) 67vw, (max-width: 1362px) 62vw, 840px\" \/><\/div><\/div><\/div><div id=\"pg-8631-1\"  class=\"panel-grid panel-no-style\" ><div id=\"pgc-8631-1-0\"  class=\"panel-grid-cell panel-grid-cell-mobile-last\" ><div id=\"panel-8631-1-0-0\" class=\"so-panel widget widget_sow-editor panel-first-child panel-last-child\" data-index=\"2\" ><div\n\t\t\t\n\t\t\tclass=\"so-widget-sow-editor so-widget-sow-editor-base\"\n\t\t\t\n\t\t>\n<div class=\"siteorigin-widget-tinymce textwidget\">\n\t<p>En fait, vous auriez beaucoup \u00e0 dire sur vos solutions et votre entreprise, mais vous manquez de temps ou de ressources pour pr\u00e9senter ces sujets sous une forme captivante ?<\/p>\n<p>Avec notre <a href=\"https:\/\/www.profondia.com\/fr\/social-media-marketing\/\">#Social_Media_Service<\/a>, vous atteignez exactement les entreprises et les d\u00e9cideurs qui correspondent au profil de votre client id\u00e9al. Vous \u00e9conomisez ainsi non seulement de l'argent sur le budget des m\u00e9dias, mais aussi du temps, qui doit souvent \u00eatre consacr\u00e9 \u00e0 la requalification des leads lors de telles campagnes.<\/p>\n<p>Pour que votre message ne soit pas seulement re\u00e7u, mais qu'il suscite aussi de l'int\u00e9r\u00eat, nous proposons deux forfaits pour que votre message apparaisse sous son meilleur jour.<\/p>\n<p>Des journalistes sp\u00e9cialis\u00e9s en informatique confirm\u00e9s, qui connaissent parfaitement le march\u00e9 suisse, r\u00e9sument votre message dans un texte accrocheur et trouvent la repr\u00e9sentation visuelle ad\u00e9quate.<\/p>\n<p>Que souhaitez-vous communiquer ? Nous sommes \u00e0 votre \u00e9coute :<\/p>\n<p><a class=\"btn\" href=\"https:\/\/www.profondia.com\/fr\/contact\/\">Contact<\/a><\/p>\n<\/div>\n<\/div><\/div><\/div><div id=\"pgc-8631-1-1\"  class=\"panel-grid-cell panel-grid-cell-empty\" ><\/div><\/div><\/div>","protected":false},"excerpt":{"rendered":"<p>CONVAINCRE AVES DES CONTENUS En fait, vous auriez beaucoup \u00e0 dire sur vos solutions et votre entreprise, mais vous manquez de temps ou de ressources pour pr\u00e9senter ces sujets sous une forme captivante ? Avec notre #Social_Media_Service, vous atteignez exactement les entreprises et les d\u00e9cideurs qui correspondent au profil de votre client id\u00e9al. Vous \u00e9conomisez &hellip; <a href=\"https:\/\/www.profondia.com\/fr\/creation-de-contenu\/\" class=\"more-link\">Continue reading<span class=\"screen-reader-text\"> \u00ab\u00a0Cr\u00e9ation de contenu\u00a0\u00bb<\/span><\/a><\/p>\n","protected":false},"author":3,"featured_media":0,"parent":0,"menu_order":0,"comment_status":"closed","ping_status":"closed","template":"","meta":{"_seopress_robots_primary_cat":"","_seopress_titles_title":"Cr\u00e9ation de contenu - Profondia AG","_seopress_titles_desc":"En fait, vous auriez beaucoup \u00e0 dire sur vos solutions et votre entreprise, mais vous manquez de temps ou de ressources pour pr\u00e9senter ces sujets sous une forme captivante ?","_seopress_robots_index":"","_kiway_template_id":"","_kiway_page_mode":"","_kiway_site_id":"","_kiway_nav_order":0,"_kiway_nav_parent":"","_kiway_is_front_page":""},"acf":[],"_links":{"self":[{"href":"https:\/\/www.profondia.com\/fr\/wp-json\/wp\/v2\/pages\/8631"}],"collection":[{"href":"https:\/\/www.profondia.com\/fr\/wp-json\/wp\/v2\/pages"}],"about":[{"href":"https:\/\/www.profondia.com\/fr\/wp-json\/wp\/v2\/types\/page"}],"author":[{"embeddable":true,"href":"https:\/\/www.profondia.com\/fr\/wp-json\/wp\/v2\/users\/3"}],"replies":[{"embeddable":true,"href":"https:\/\/www.profondia.com\/fr\/wp-json\/wp\/v2\/comments?post=8631"}],"version-history":[{"count":6,"href":"https:\/\/www.profondia.com\/fr\/wp-json\/wp\/v2\/pages\/8631\/revisions"}],"predecessor-version":[{"id":8644,"href":"https:\/\/www.profondia.com\/fr\/wp-json\/wp\/v2\/pages\/8631\/revisions\/8644"}],"wp:attachment":[{"href":"https:\/\/www.profondia.com\/fr\/wp-json\/wp\/v2\/media?parent=8631"}],"curies":[{"name":"wp","href":"https:\/\/api.w.org\/{rel}","templated":true}]}}