{"id":681,"date":"2021-12-16T11:24:27","date_gmt":"2021-12-16T11:24:27","guid":{"rendered":"http:\/\/profondia.ch\/unternehmen\/"},"modified":"2021-12-29T06:22:54","modified_gmt":"2021-12-29T06:22:54","slug":"entreprise","status":"publish","type":"page","link":"https:\/\/www.profondia.com\/fr\/entreprise\/","title":{"rendered":"Entreprise"},"content":{"rendered":"<div id=\"pl-681\"  class=\"panel-layout\" ><div id=\"pg-681-0\"  class=\"panel-grid panel-no-style\" ><div id=\"pgc-681-0-0\"  class=\"panel-grid-cell\" ><div id=\"panel-681-0-0-0\" class=\"so-panel widget widget_sow-editor panel-first-child panel-last-child\" data-index=\"0\" ><div\n\t\t\t\n\t\t\tclass=\"so-widget-sow-editor so-widget-sow-editor-base\"\n\t\t\t\n\t\t>\n<div class=\"siteorigin-widget-tinymce textwidget\">\n\t<h1 class=\"pageTitle\">Entreprise<\/h1>\n<h3>Profondia AG<\/h3>\n<p>La soci\u00e9t\u00e9 Profondia a \u00e9t\u00e9 cr\u00e9\u00e9e en 1991. Depuis le d\u00e9but, notre activit\u00e9 principale consiste \u00e0 collecter des informations d\u00e9taill\u00e9es sur l\u2019utilisation des TIC dans les 13 700 plus grosses entreprises suisses.<\/p>\n<p>Outre l\u2019entretien de la base de donn\u00e9es TIC Userbase, nous avons acquis une certaine capacit\u00e9 \u00e0 r\u00e9aliser des enqu\u00eates sp\u00e9cifiques aux clients.<\/p>\n<p>La principale pr\u00e9occupation des 20 collaborateurs et plus des sites Schlieren et de B\u00e2le consiste \u00e0 assurer les exigences de qualit\u00e9 \u00e9lev\u00e9es afin de permettre \u00e0 nos clients une exploitation syst\u00e9matique et cibl\u00e9e du march\u00e9.<\/p>\n<h3>Notre mission<\/h3>\n<ul>\n<li>Nos collaborateurs sont des sp\u00e9cialistes de l\u2019informatique et des t\u00e9l\u00e9communications.<\/li>\n<li>Nous fournissons des donn\u00e9es actuelles sur l\u2019utilisation des TIC sur le march\u00e9 suisse.<\/li>\n<li>Afin de r\u00e9aliser un recensement exhaustif, nous nous effor\u00e7ons d\u2019obtenir un taux d\u2019informations aussi \u00e9lev\u00e9 que possible et mettons le contenu \u00e0 disposition dans une structure claire et des formats compr\u00e9hensibles.<\/li>\n<li>Les applications conviviales facilitent des travaux efficaces.<\/li>\n<li>L\u2019observation constante du march\u00e9 des TIC garantit l\u2019adaptation du contenu de l\u2019information aux situations actuelles du march\u00e9.<\/li>\n<li>Le conseil et le suivi individuels garantissent l\u2019utilisation optimale de nos donn\u00e9es.<\/li>\n<\/ul>\n<h3>Plus vite au but avec Profondia<\/h3>\n<p>Nous r\u00e9pondons aux questions-cl\u00e9s suivantes et vous aidons \u00e0 atteindre plus rapidement vos objectifs:<\/p>\n<ul>\n<li>Quelle est l\u2019\u00e9tendue de votre potentiel commercial?<\/li>\n<li>Comment votre march\u00e9 peut-il \u00eatre segment\u00e9?<\/li>\n<li>O\u00f9 y a-t-il des d\u00e9cisions \u00e0 prendre sur les investissements en TIC et qui sont les interlocuteurs appropri\u00e9s?<\/li>\n<li>L\u2019\u00e9quipe de vente s\u2019adresse-t-elle efficacement aux bons contacts?<\/li>\n<li>Quels sont les mat\u00e9riaux et logiciels utilis\u00e9s et les contrats de service disponibles?<\/li>\n<li>Quelles sont les acquisitions pr\u00e9vues dans les 12 prochains mois?<\/li>\n<li>Quels sont les clients de vos concurrents?<\/li>\n<li>Quelle est la taille des parts de march\u00e9 des diff\u00e9rents fournisseurs TIC?<\/li>\n<li>Qui l\u2019emporte sur quel concurrent et pourquoi?<\/li>\n<\/ul>\n<\/div>\n<\/div><\/div><\/div><\/div><\/div>","protected":false},"excerpt":{"rendered":"<p>Entreprise Profondia AG La soci\u00e9t\u00e9 Profondia a \u00e9t\u00e9 cr\u00e9\u00e9e en 1991. Depuis le d\u00e9but, notre activit\u00e9 principale consiste \u00e0 collecter des informations d\u00e9taill\u00e9es sur l\u2019utilisation des TIC dans les 13 700 plus grosses entreprises suisses. Outre l\u2019entretien de la base de donn\u00e9es TIC Userbase, nous avons acquis une certaine capacit\u00e9 \u00e0 r\u00e9aliser des enqu\u00eates sp\u00e9cifiques &hellip; <a href=\"https:\/\/www.profondia.com\/fr\/entreprise\/\" class=\"more-link\">Continue reading<span class=\"screen-reader-text\"> \u00ab\u00a0Entreprise\u00a0\u00bb<\/span><\/a><\/p>\n","protected":false},"author":1,"featured_media":0,"parent":0,"menu_order":0,"comment_status":"closed","ping_status":"closed","template":"","meta":{"_seopress_robots_primary_cat":"","_seopress_titles_title":"","_seopress_titles_desc":"","_seopress_robots_index":"","_kiway_template_id":"","_kiway_page_mode":"","_kiway_site_id":"","_kiway_nav_order":0,"_kiway_nav_parent":"","_kiway_is_front_page":""},"acf":[],"_links":{"self":[{"href":"https:\/\/www.profondia.com\/fr\/wp-json\/wp\/v2\/pages\/681"}],"collection":[{"href":"https:\/\/www.profondia.com\/fr\/wp-json\/wp\/v2\/pages"}],"about":[{"href":"https:\/\/www.profondia.com\/fr\/wp-json\/wp\/v2\/types\/page"}],"author":[{"embeddable":true,"href":"https:\/\/www.profondia.com\/fr\/wp-json\/wp\/v2\/users\/1"}],"replies":[{"embeddable":true,"href":"https:\/\/www.profondia.com\/fr\/wp-json\/wp\/v2\/comments?post=681"}],"version-history":[{"count":2,"href":"https:\/\/www.profondia.com\/fr\/wp-json\/wp\/v2\/pages\/681\/revisions"}],"predecessor-version":[{"id":854,"href":"https:\/\/www.profondia.com\/fr\/wp-json\/wp\/v2\/pages\/681\/revisions\/854"}],"wp:attachment":[{"href":"https:\/\/www.profondia.com\/fr\/wp-json\/wp\/v2\/media?parent=681"}],"curies":[{"name":"wp","href":"https:\/\/api.w.org\/{rel}","templated":true}]}}