{"id":679,"date":"2021-12-16T11:30:45","date_gmt":"2021-12-16T11:30:45","guid":{"rendered":"http:\/\/profondia.ch\/social-media-service\/"},"modified":"2023-01-25T09:15:41","modified_gmt":"2023-01-25T08:15:41","slug":"social-media-marketing","status":"publish","type":"page","link":"https:\/\/www.profondia.com\/fr\/social-media-marketing\/","title":{"rendered":"Social Media Marketing"},"content":{"rendered":"<div id=\"pl-679\"  class=\"panel-layout\" ><div id=\"pg-679-0\"  class=\"panel-grid panel-no-style\" ><div id=\"pgc-679-0-0\"  class=\"panel-grid-cell\" ><div id=\"panel-679-0-0-0\" class=\"so-panel widget widget_sow-editor panel-first-child panel-last-child\" data-index=\"0\" ><div\n\t\t\t\n\t\t\tclass=\"so-widget-sow-editor so-widget-sow-editor-base\"\n\t\t\t\n\t\t>\n<div class=\"siteorigin-widget-tinymce textwidget\">\n\t<h1>Les impressions, les likes et les clics sont sympas...<\/h1>\n<p class=\"lead\">...Surtout lorsqu\u2019ils proviennent de d\u00e9cideurs qui peuvent obtenir une r\u00e9elle valeur ajout\u00e9e gr\u00e2ce \u00e0 l\u2019utilisation de votre solution.<\/p>\n<p>AGr\u00e2ce aux crit\u00e8res de s\u00e9lection complets de notre base de donn\u00e9es d\u2019utilisateurs, vous pouvez identifier sur les r\u00e9seaux sociaux exactement les entreprises qui ont un potentiel pour votre offre et arriver sur le radar des d\u00e9cideurs qui ont leur mot \u00e0 dire dans le processus d\u2019\u00e9valuation.<\/p>\n<p>\u00c9vitez de d\u00e9penser de l\u2019argent dans les m\u00e9dias pour vous adresser \u00e0 des entreprises qui n\u2019ont aucune utilit\u00e9 pour votre offre et \u00e9vitez de g\u00e9n\u00e9rer des pseudo-leads qui entra\u00eenent un travail de qualification inutile pour votre \u00e9quipe de vente.<\/p>\n<p>Nous vous aidons volontiers \u00e0 faire le point !<\/p>\n<\/div>\n<\/div><\/div><\/div><\/div><\/div>","protected":false},"excerpt":{"rendered":"<p>Les impressions, les likes et les clics sont sympas&#8230; &#8230;Surtout lorsqu\u2019ils proviennent de d\u00e9cideurs qui peuvent obtenir une r\u00e9elle valeur ajout\u00e9e gr\u00e2ce \u00e0 l\u2019utilisation de votre solution. AGr\u00e2ce aux crit\u00e8res de s\u00e9lection complets de notre base de donn\u00e9es d\u2019utilisateurs, vous pouvez identifier sur les r\u00e9seaux sociaux exactement les entreprises qui ont un potentiel pour votre &hellip; <a href=\"https:\/\/www.profondia.com\/fr\/social-media-marketing\/\" class=\"more-link\">Continue reading<span class=\"screen-reader-text\"> \u00ab\u00a0Social Media Marketing\u00a0\u00bb<\/span><\/a><\/p>\n","protected":false},"author":1,"featured_media":0,"parent":0,"menu_order":0,"comment_status":"closed","ping_status":"closed","template":"","meta":{"_seopress_robots_primary_cat":"","_seopress_titles_title":"","_seopress_titles_desc":"\u00c9vitez de d\u00e9penser de l\u2019argent dans les m\u00e9dias pour vous adresser \u00e0 des entreprises qui n\u2019ont aucune utilit\u00e9 pour votre offre et \u00e9vitez de g\u00e9n\u00e9rer des pseudo-leads qui entra\u00eenent un travail de qualification inutile pour votre \u00e9quipe de vente.","_seopress_robots_index":"","_kiway_template_id":"","_kiway_page_mode":"","_kiway_site_id":"","_kiway_nav_order":0,"_kiway_nav_parent":"","_kiway_is_front_page":""},"acf":[],"_links":{"self":[{"href":"https:\/\/www.profondia.com\/fr\/wp-json\/wp\/v2\/pages\/679"}],"collection":[{"href":"https:\/\/www.profondia.com\/fr\/wp-json\/wp\/v2\/pages"}],"about":[{"href":"https:\/\/www.profondia.com\/fr\/wp-json\/wp\/v2\/types\/page"}],"author":[{"embeddable":true,"href":"https:\/\/www.profondia.com\/fr\/wp-json\/wp\/v2\/users\/1"}],"replies":[{"embeddable":true,"href":"https:\/\/www.profondia.com\/fr\/wp-json\/wp\/v2\/comments?post=679"}],"version-history":[{"count":14,"href":"https:\/\/www.profondia.com\/fr\/wp-json\/wp\/v2\/pages\/679\/revisions"}],"predecessor-version":[{"id":8943,"href":"https:\/\/www.profondia.com\/fr\/wp-json\/wp\/v2\/pages\/679\/revisions\/8943"}],"wp:attachment":[{"href":"https:\/\/www.profondia.com\/fr\/wp-json\/wp\/v2\/media?parent=679"}],"curies":[{"name":"wp","href":"https:\/\/api.w.org\/{rel}","templated":true}]}}