{"id":677,"date":"2021-12-16T12:39:57","date_gmt":"2021-12-16T12:39:57","guid":{"rendered":"http:\/\/profondia.ch\/sitemap\/"},"modified":"2022-02-16T17:15:21","modified_gmt":"2022-02-16T16:15:21","slug":"sitemap","status":"publish","type":"page","link":"https:\/\/www.profondia.com\/fr\/sitemap\/","title":{"rendered":"Sitemap"},"content":{"rendered":"<div id=\"pl-677\"  class=\"panel-layout\" ><div id=\"pg-677-0\"  class=\"panel-grid panel-no-style\" ><div id=\"pgc-677-0-0\"  class=\"panel-grid-cell\" ><div id=\"panel-677-0-0-0\" class=\"so-panel widget widget_sow-editor panel-first-child panel-last-child\" data-index=\"0\" ><div\n\t\t\t\n\t\t\tclass=\"so-widget-sow-editor so-widget-sow-editor-base\"\n\t\t\t\n\t\t>\n<div class=\"siteorigin-widget-tinymce textwidget\">\n\t<ul id=\"svSiteMap\" class=\"mura-site-map\">\n<li class=\"home\"><a href=\"https:\/\/www.profondia.com\/fr\/\">Home<\/a>\n<ul>\n<li class=\"first\"><a href=\"https:\/\/www.profondia.com\/fr\/base-de-donnees-tic\/\">Base de donn\u00e9es TIC<\/a>\n<ul>\n<li class=\"first\"><a href=\"https:\/\/www.profondia.com\/fr\/base-de-donnees-tic\/service-de-la-base-de-donnees-userbase\/\">Service de la base de donn\u00e9es Userbase<\/a><\/li>\n<li><a href=\"https:\/\/www.profondia.com\/fr\/base-de-donnees-tic\/channel-view\/\">Channel View<\/a><\/li>\n<li><a href=\"https:\/\/www.profondia.com\/fr\/base-de-donnees-tic\/userbase-analytics\/\">Userbase Analytics - migration des clients<\/a><\/li>\n<li><a href=\"https:\/\/www.profondia.com\/fr\/base-de-donnees-tic\/list-solutions\/\">List Solutions<\/a><\/li>\n<li class=\"last\"><a href=\"https:\/\/www.profondia.com\/fr\/web-tracker\/\">Web Tracker<\/a><\/li>\n<\/ul>\n<\/li>\n<li><a href=\"https:\/\/www.profondia.com\/fr\/base-de-donnees-professionnelle\/\">Base de donn\u00e9es B2B<\/a>\n<ul>\n<li class=\"first\"><a href=\"https:\/\/www.profondia.com\/fr\/base-de-donnees-professionnelle\/service-de-la-base-de-donnees-insightbase\/\">Service de la base de donn\u00e9es Insightbase<\/a><\/li>\n<li><a href=\"https:\/\/www.profondia.com\/fr\/base-de-donnees-professionnelle\/list-solutions\/\">List Solutions<\/a><\/li>\n<li class=\"last\"><a href=\"https:\/\/www.profondia.com\/fr\/web-tracker\/\">Web Tracker<\/a><\/li>\n<\/ul>\n<\/li>\n<li><a href=\"https:\/\/www.profondia.com\/fr\/email-marketing\/\">Email-Marketing<\/a>\n<ul>\n<li class=\"first\"><a href=\"https:\/\/www.profondia.com\/fr\/email-marketing\/email-service\/\">Em@il Service<\/a><\/li>\n<li class=\"last\"><a href=\"https:\/\/www.profondia.com\/fr\/web-tracker\/\">Web Tracker<\/a><\/li>\n<\/ul>\n<\/li>\n<li><a href=\"https:\/\/www.profondia.com\/fr\/generation-de-leads\/\">G\u00e9n\u00e9ration de leads<\/a>\n<ul>\n<li class=\"first last\"><a href=\"https:\/\/www.profondia.com\/fr\/generation-de-leads\/lead-factory\/\">Lead Factory<\/a><\/li>\n<\/ul>\n<\/li>\n<li><a href=\"https:\/\/www.profondia.com\/fr\/web-tracker\/\">Web Tracker<\/a><\/li>\n<li class=\"last\"><a href=\"https:\/\/www.profondia.com\/fr\/login\/\">Login<\/a>\n<ul>\n<li class=\"first\"><a href=\"https:\/\/userbase.profondia.com\/?lang=fr\">Userbase (login client)<\/a><\/li>\n<li><a href=\"https:\/\/insightbase.profondia.com\/?lang=fr\">Insightbase (login client)<\/a><\/li>\n<li><a href=\"https:\/\/factory.profondia.com\/\">Lead Factory<\/a><\/li>\n<li><a href=\"https:\/\/onlineselektion.profondia.com\/\">S\u00e9lection en ligne (login invit\u00e9)<\/a><\/li>\n<li class=\"last\"><a href=\"https:\/\/shop.profondia.com\/\">Webshop<\/a><\/li>\n<\/ul>\n<\/li>\n<\/ul>\n<\/li>\n<\/ul>\n<\/div>\n<\/div><\/div><\/div><\/div><\/div>","protected":false},"excerpt":{"rendered":"<p>Home Base de donn\u00e9es TIC Service de la base de donn\u00e9es Userbase Channel View Userbase Analytics &#8211; migration des clients List Solutions Web Tracker Base de donn\u00e9es B2B Service de la base de donn\u00e9es Insightbase List Solutions Web Tracker Email-Marketing Em@il Service Web Tracker G\u00e9n\u00e9ration de leads Lead Factory Web Tracker Login Userbase (login client) &hellip; <a href=\"https:\/\/www.profondia.com\/fr\/sitemap\/\" class=\"more-link\">Continue reading<span class=\"screen-reader-text\"> \u00ab\u00a0Sitemap\u00a0\u00bb<\/span><\/a><\/p>\n","protected":false},"author":1,"featured_media":0,"parent":0,"menu_order":0,"comment_status":"closed","ping_status":"closed","template":"","meta":{"_seopress_robots_primary_cat":"","_seopress_titles_title":"","_seopress_titles_desc":"","_seopress_robots_index":"","_kiway_template_id":"","_kiway_page_mode":"","_kiway_site_id":"","_kiway_nav_order":0,"_kiway_nav_parent":"","_kiway_is_front_page":""},"acf":[],"_links":{"self":[{"href":"https:\/\/www.profondia.com\/fr\/wp-json\/wp\/v2\/pages\/677"}],"collection":[{"href":"https:\/\/www.profondia.com\/fr\/wp-json\/wp\/v2\/pages"}],"about":[{"href":"https:\/\/www.profondia.com\/fr\/wp-json\/wp\/v2\/types\/page"}],"author":[{"embeddable":true,"href":"https:\/\/www.profondia.com\/fr\/wp-json\/wp\/v2\/users\/1"}],"replies":[{"embeddable":true,"href":"https:\/\/www.profondia.com\/fr\/wp-json\/wp\/v2\/comments?post=677"}],"version-history":[{"count":9,"href":"https:\/\/www.profondia.com\/fr\/wp-json\/wp\/v2\/pages\/677\/revisions"}],"predecessor-version":[{"id":8160,"href":"https:\/\/www.profondia.com\/fr\/wp-json\/wp\/v2\/pages\/677\/revisions\/8160"}],"wp:attachment":[{"href":"https:\/\/www.profondia.com\/fr\/wp-json\/wp\/v2\/media?parent=677"}],"curies":[{"name":"wp","href":"https:\/\/api.w.org\/{rel}","templated":true}]}}