{"id":669,"date":"2021-12-16T11:31:20","date_gmt":"2021-12-16T11:31:20","guid":{"rendered":"http:\/\/profondia.ch\/lead-generation\/lead-factory\/"},"modified":"2025-04-14T08:25:48","modified_gmt":"2025-04-14T07:25:48","slug":"telemarketing","status":"publish","type":"page","link":"https:\/\/www.profondia.com\/fr\/generation-de-leads\/telemarketing\/","title":{"rendered":"T\u00e9l\u00e9marketing"},"content":{"rendered":"<div id=\"pl-669\"  class=\"panel-layout\" ><div id=\"pg-669-0\"  class=\"panel-grid panel-no-style\" ><div id=\"pgc-669-0-0\"  class=\"panel-grid-cell\" ><div id=\"panel-669-0-0-0\" class=\"so-panel widget widget_sow-editor panel-first-child panel-last-child\" data-index=\"0\" ><div\n\t\t\t\n\t\t\tclass=\"so-widget-sow-editor so-widget-sow-editor-base\"\n\t\t\t\n\t\t>\n<div class=\"siteorigin-widget-tinymce textwidget\">\n\t<h1 class=\"pageTitle\">T\u00e9l\u00e9marketing: votre portail vers de nouveaux clients<\/h1>\n<p class=\"lead\">L\u2019envoi de listes Excel par e-mail, c\u2019\u00e9tait hier! Aujourd\u2019hui, T\u00e9l\u00e9marketing met \u00e0 votre disposition un portail internet moderne pour votre collaboration avec nous.<\/p>\n<p>Les r\u00e9sultats pour la g\u00e9n\u00e9ration de leads, la prise de rendez-vous ou les enqu\u00eates de march\u00e9 arrivent directement sur votre \u00e9cran gr\u00e2ce \u00e0 T\u00e9l\u00e9marketing \u2013 rapidement et avec des informations de leads compl\u00e8tes et de grande qualit\u00e9.<\/p>\n<\/div>\n<\/div><\/div><\/div><\/div><\/div>","protected":false},"excerpt":{"rendered":"<p>T\u00e9l\u00e9marketing: votre portail vers de nouveaux clients L\u2019envoi de listes Excel par e-mail, c\u2019\u00e9tait hier! Aujourd\u2019hui, T\u00e9l\u00e9marketing met \u00e0 votre disposition un portail internet moderne pour votre collaboration avec nous. Les r\u00e9sultats pour la g\u00e9n\u00e9ration de leads, la prise de rendez-vous ou les enqu\u00eates de march\u00e9 arrivent directement sur votre \u00e9cran gr\u00e2ce \u00e0 T\u00e9l\u00e9marketing \u2013 &hellip; <a href=\"https:\/\/www.profondia.com\/fr\/generation-de-leads\/telemarketing\/\" class=\"more-link\">Continue reading<span class=\"screen-reader-text\"> \u00ab\u00a0T\u00e9l\u00e9marketing\u00a0\u00bb<\/span><\/a><\/p>\n","protected":false},"author":1,"featured_media":0,"parent":667,"menu_order":0,"comment_status":"closed","ping_status":"closed","template":"","meta":{"_seopress_robots_primary_cat":"","_seopress_titles_title":"T\u00e9l\u00e9marketing - Profondia AG","_seopress_titles_desc":"T\u00e9l\u00e9marketing: votre portail vers de nouveaux clients. L\u2019envoi de listes Excel par e-mail, c\u2019\u00e9tait hier! Aujourd\u2019hui, T\u00e9l\u00e9marketing met \u00e0 votre disposition un portail internet moderne pour votre collaboration avec nous.","_seopress_robots_index":"","_kiway_template_id":"","_kiway_page_mode":"","_kiway_site_id":"","_kiway_nav_order":0,"_kiway_nav_parent":"","_kiway_is_front_page":""},"acf":[],"_links":{"self":[{"href":"https:\/\/www.profondia.com\/fr\/wp-json\/wp\/v2\/pages\/669"}],"collection":[{"href":"https:\/\/www.profondia.com\/fr\/wp-json\/wp\/v2\/pages"}],"about":[{"href":"https:\/\/www.profondia.com\/fr\/wp-json\/wp\/v2\/types\/page"}],"author":[{"embeddable":true,"href":"https:\/\/www.profondia.com\/fr\/wp-json\/wp\/v2\/users\/1"}],"replies":[{"embeddable":true,"href":"https:\/\/www.profondia.com\/fr\/wp-json\/wp\/v2\/comments?post=669"}],"version-history":[{"count":8,"href":"https:\/\/www.profondia.com\/fr\/wp-json\/wp\/v2\/pages\/669\/revisions"}],"predecessor-version":[{"id":10004,"href":"https:\/\/www.profondia.com\/fr\/wp-json\/wp\/v2\/pages\/669\/revisions\/10004"}],"up":[{"embeddable":true,"href":"https:\/\/www.profondia.com\/fr\/wp-json\/wp\/v2\/pages\/667"}],"wp:attachment":[{"href":"https:\/\/www.profondia.com\/fr\/wp-json\/wp\/v2\/media?parent=669"}],"curies":[{"name":"wp","href":"https:\/\/api.w.org\/{rel}","templated":true}]}}