{"id":667,"date":"2021-12-16T11:31:03","date_gmt":"2021-12-16T11:31:03","guid":{"rendered":"http:\/\/profondia.ch\/lead-generation\/"},"modified":"2023-01-25T09:18:17","modified_gmt":"2023-01-25T08:18:17","slug":"generation-de-leads","status":"publish","type":"page","link":"https:\/\/www.profondia.com\/fr\/generation-de-leads\/","title":{"rendered":"G\u00e9n\u00e9ration de leads"},"content":{"rendered":"<div id=\"pl-667\"  class=\"panel-layout\" ><div id=\"pg-667-0\"  class=\"panel-grid panel-no-style\" ><div id=\"pgc-667-0-0\"  class=\"panel-grid-cell\" ><div id=\"panel-667-0-0-0\" class=\"so-panel widget widget_sow-editor panel-first-child panel-last-child\" data-index=\"0\" ><div\n\t\t\t\n\t\t\tclass=\"so-widget-sow-editor so-widget-sow-editor-base\"\n\t\t\t\n\t\t>\n<div class=\"siteorigin-widget-tinymce textwidget\">\n\t<h1 class=\"pageTitle\">G\u00e9n\u00e9ration de leads \u2013 acquisition froide<\/h1>\n<p class=\"lead\">L\u2019acquisition \u00e0 froid\u00a0\u2013 la transmission de v\u00e9ritables opportunit\u00e9s de vente \u2013 est un probl\u00e8me d\u00e9licat dans de nombreuses entreprises. Il y a une raison \u00e0 cela: t\u00e9l\u00e9phoner directement \u00e0 une personne inconnue n\u2019est pas forc\u00e9ment donn\u00e9 \u00e0 tout le monde. Sans oublier que cela demande beaucoup d\u2019exp\u00e9rience, de savoir et de tact. Autant de comp\u00e9tences dont nous disposons!<\/p>\n<p>Dans le secteur TIC en particulier, la g\u00e9n\u00e9ration de leads n\u2019est pas une mince affaire. Les premi\u00e8res minutes d\u2019un appel sont d\u00e9cisives: il faut faire preuve de comp\u00e9tence tout en \u00e9veillant l\u2019int\u00e9r\u00eat de l\u2019interlocuteur si l\u2019on veut pouvoir r\u00e9ussir \u00e0 mener une bonne conversation avec un d\u00e9cideur. La qualit\u00e9 pr\u00e9vaut donc sur la quantit\u00e9. L\u2019objectif est de parvenir \u00e0 fixer un rendez-vous personnel. Notre \u00e9quipe est en contact quotidien avec de nombreux d\u00e9cideurs du domaine des TIC \u2013 pourquoi ne pas le faire aussi une fois en votre nom?<\/p>\n<h4>BON \u00c0 SAVOIR<\/h4>\n<p>Notre \u00e9quipe de t\u00e9l\u00e9marketing est sp\u00e9cialis\u00e9e dans l\u2019informatique et les t\u00e9l\u00e9communications et a donc une excellente compr\u00e9hension des solutions en\u00a0informatique d\u2019entreprise. Nous menons des entretiens professionnels de vente en D\/F\/I.<\/p>\n<\/div>\n<\/div><\/div><\/div><\/div><\/div>","protected":false},"excerpt":{"rendered":"<p>G\u00e9n\u00e9ration de leads \u2013 acquisition froide L\u2019acquisition \u00e0 froid\u00a0\u2013 la transmission de v\u00e9ritables opportunit\u00e9s de vente \u2013 est un probl\u00e8me d\u00e9licat dans de nombreuses entreprises. Il y a une raison \u00e0 cela: t\u00e9l\u00e9phoner directement \u00e0 une personne inconnue n\u2019est pas forc\u00e9ment donn\u00e9 \u00e0 tout le monde. Sans oublier que cela demande beaucoup d\u2019exp\u00e9rience, de savoir &hellip; <a href=\"https:\/\/www.profondia.com\/fr\/generation-de-leads\/\" class=\"more-link\">Continue reading<span class=\"screen-reader-text\"> \u00ab\u00a0G\u00e9n\u00e9ration de leads\u00a0\u00bb<\/span><\/a><\/p>\n","protected":false},"author":1,"featured_media":0,"parent":0,"menu_order":0,"comment_status":"closed","ping_status":"closed","template":"","meta":{"_seopress_robots_primary_cat":"","_seopress_titles_title":"","_seopress_titles_desc":"G\u00e9n\u00e9ration de leads \u2013 acquisition froide L\u2019acquisition \u00e0 froid \u2013 la transmission de v\u00e9ritables opportunit\u00e9s de vente \u2013 est un probl\u00e8me d\u00e9licat dans de nombreuses entreprises.","_seopress_robots_index":"","_kiway_template_id":"","_kiway_page_mode":"","_kiway_site_id":"","_kiway_nav_order":0,"_kiway_nav_parent":"","_kiway_is_front_page":""},"acf":[],"_links":{"self":[{"href":"https:\/\/www.profondia.com\/fr\/wp-json\/wp\/v2\/pages\/667"}],"collection":[{"href":"https:\/\/www.profondia.com\/fr\/wp-json\/wp\/v2\/pages"}],"about":[{"href":"https:\/\/www.profondia.com\/fr\/wp-json\/wp\/v2\/types\/page"}],"author":[{"embeddable":true,"href":"https:\/\/www.profondia.com\/fr\/wp-json\/wp\/v2\/users\/1"}],"replies":[{"embeddable":true,"href":"https:\/\/www.profondia.com\/fr\/wp-json\/wp\/v2\/comments?post=667"}],"version-history":[{"count":10,"href":"https:\/\/www.profondia.com\/fr\/wp-json\/wp\/v2\/pages\/667\/revisions"}],"predecessor-version":[{"id":8945,"href":"https:\/\/www.profondia.com\/fr\/wp-json\/wp\/v2\/pages\/667\/revisions\/8945"}],"wp:attachment":[{"href":"https:\/\/www.profondia.com\/fr\/wp-json\/wp\/v2\/media?parent=667"}],"curies":[{"name":"wp","href":"https:\/\/api.w.org\/{rel}","templated":true}]}}