{"id":663,"date":"2021-12-16T11:49:49","date_gmt":"2021-12-16T11:49:49","guid":{"rendered":"http:\/\/profondia.ch\/jobs\/"},"modified":"2026-02-26T15:48:45","modified_gmt":"2026-02-26T14:48:45","slug":"jobs","status":"publish","type":"page","link":"https:\/\/www.profondia.com\/fr\/jobs\/","title":{"rendered":"Jobs"},"content":{"rendered":"<div id=\"pl-663\"  class=\"panel-layout\" ><div id=\"pg-663-0\"  class=\"panel-grid panel-no-style\" ><div id=\"pgc-663-0-0\"  class=\"panel-grid-cell\" ><div id=\"panel-663-0-0-0\" class=\"so-panel widget widget_sow-editor panel-first-child panel-last-child\" data-index=\"0\" ><div\n\t\t\t\n\t\t\tclass=\"so-widget-sow-editor so-widget-sow-editor-base\"\n\t\t\t\n\t\t>\n<div class=\"siteorigin-widget-tinymce textwidget\">\n\t<h1 class=\"pageTitle\">Jobs<\/h1>\n<p class=\"lead\">Depuis plus de 30 ans, Profondia est la source d\u2019informations actuelles sur l\u2019utilisations de l\u2019informatique et des t\u00e9l\u00e9communications par les 13 700 plus grandes entreprises suisses.<\/p>\n<p>Nos donn\u00e9es de march\u00e9 et nos services pr\u00e9cis constituent la base de campagnes de prospection du march\u00e9 r\u00e9ussi au sein et en dehors du secteur des TIC et peut-\u00eatre aussi pour votre prochaine \u00e9tape de carri\u00e8re.<\/p>\n<\/div>\n<\/div><\/div><\/div><\/div><div id=\"pg-663-1\"  class=\"panel-grid panel-no-style\" ><div id=\"pgc-663-1-0\"  class=\"panel-grid-cell\" >\r\n<div class=\"profon_toogle\">\r\n  <section class=\"jobitem\">\r\n    <label class=\"jobitem_title\"><i class=\"fa fa-plus\"><\/i> Charg\u00e9(e) de Recherche<\/label>\r\n    <div class=\"jobitem_content\">\r\n    <p>Vous aimeriez travailler dans un environnement dans lequel la qualit\u00e9 est la premi\u00e8re priorit\u00e9. Vous serez responsable des t\u00e2ches suivantes :<\/p>\n<ul>\n<li>Enqu\u00eates t\u00e9l\u00e9phoniques pour analyser l\u2019usage des moyens informatiques au sein des entreprises suisses.<\/li>\n<li>Actualisation des contacts.<\/li>\n<li>Ex\u00e9cution des enqu\u00eates et des campagnes sp\u00e9cifiques pour nos clients.<\/li>\n<li>Saisie et contr\u00f4le des donn\u00e9es collect\u00e9es.<\/li>\n<\/ul>\n<p>Cette fonction exige de remplir les conditions suivantes :<\/p>\n<ul>\n<li>Une formation professionnelle achev\u00e9e et un solide parcours\u00a0 professionnel.<\/li>\n<li>Un int\u00e9r\u00eat pour l\u2019informatique et les t\u00e9l\u00e9communications et la volont\u00e9 de vouloir en apprendre d\u2018avantage.<\/li>\n<li>De l\u2019aisance au t\u00e9l\u00e9phone, afin d\u2019\u00e9tablir un contact personnel avec son interlocuteur.<\/li>\n<li>Parler le fran\u00e7ais ainsi que l\u2019allemand couramment (de pr\u00e9f\u00e9rence le suisse-allemand) et avoir une bonne ma\u00eetrise du fran\u00e7ais et de l\u2019allemand \u00e9crit.<\/li>\n<\/ul>\n<p>Nous vous proposons :<\/p>\n<ul>\n<li>Un environnement id\u00e9al pour recommencer ou commencer \u00e0 travailler dans un bureau.<\/li>\n<li>Un travail int\u00e9ressant dans une atmosph\u00e8re agr\u00e9able.<\/li>\n<li>Une r\u00e9mun\u00e9ration attractive.<\/li>\n<li>Un lieu de travail \u00e0 proximit\u00e9 de la gare principale de B\u00e2le SBB.<\/li>\n<\/ul>\n<p>Vous \u00eates int\u00e9ress\u00e9(e) par une activit\u00e9 passionnante dans un environnement dynamique et vous avez entre 20 et 45 ans ? Dans ce cas, nous attendons votre candidature compl\u00e8te en allemand :<\/p>\n<p>Profondia AG<br \/>\nMadame Fatma Turan<br \/>\nG\u00fcterstrasse 88<br \/>\n4053 Basel<br \/>\n<a href=\"tel:+41 (0)61 544 41 11\">+41 (0)61 544 41 11<\/a><\/p>\n<p><a href=\"mailto:rcleitung@profondia.com\">rcleitung@profondia.com<\/a><br \/>\n<a href=\"https:\/\/www.profondia.com\">https:\/\/www.profondia.com<\/a><\/p>\n<p><a class=\"btn\" href=\"mailto:rcleitung@profondia.com\">Postuler<\/a><\/p>\n    <\/div>\r\n  <\/section>\r\n      \r\n<\/div>\r\n\r\n<!-- END HERE -->\r\n\r\n\r\n\r\n<\/div><\/div><\/div>","protected":false},"excerpt":{"rendered":"<p>Jobs Depuis plus de 30 ans, Profondia est la source d\u2019informations actuelles sur l\u2019utilisations de l\u2019informatique et des t\u00e9l\u00e9communications par les 13 700 plus grandes entreprises suisses. Nos donn\u00e9es de march\u00e9 et nos services pr\u00e9cis constituent la base de campagnes de prospection du march\u00e9 r\u00e9ussi au sein et en dehors du secteur des TIC et &hellip; <a href=\"https:\/\/www.profondia.com\/fr\/jobs\/\" class=\"more-link\">Continue reading<span class=\"screen-reader-text\"> \u00ab\u00a0Jobs\u00a0\u00bb<\/span><\/a><\/p>\n","protected":false},"author":1,"featured_media":0,"parent":0,"menu_order":0,"comment_status":"closed","ping_status":"closed","template":"","meta":{"_seopress_robots_primary_cat":"","_seopress_titles_title":"Jobs - Profondia AG","_seopress_titles_desc":"Depuis plus de 30 ans, Profondia est la source d\u2019informations actuelles sur l\u2019utilisations de l\u2019informatique et des t\u00e9l\u00e9communications par les 13 700 plus grandes entreprises suisses.","_seopress_robots_index":"","_kiway_template_id":"","_kiway_page_mode":"","_kiway_site_id":"","_kiway_nav_order":0,"_kiway_nav_parent":"","_kiway_is_front_page":""},"acf":[],"_links":{"self":[{"href":"https:\/\/www.profondia.com\/fr\/wp-json\/wp\/v2\/pages\/663"}],"collection":[{"href":"https:\/\/www.profondia.com\/fr\/wp-json\/wp\/v2\/pages"}],"about":[{"href":"https:\/\/www.profondia.com\/fr\/wp-json\/wp\/v2\/types\/page"}],"author":[{"embeddable":true,"href":"https:\/\/www.profondia.com\/fr\/wp-json\/wp\/v2\/users\/1"}],"replies":[{"embeddable":true,"href":"https:\/\/www.profondia.com\/fr\/wp-json\/wp\/v2\/comments?post=663"}],"version-history":[{"count":17,"href":"https:\/\/www.profondia.com\/fr\/wp-json\/wp\/v2\/pages\/663\/revisions"}],"predecessor-version":[{"id":10814,"href":"https:\/\/www.profondia.com\/fr\/wp-json\/wp\/v2\/pages\/663\/revisions\/10814"}],"wp:attachment":[{"href":"https:\/\/www.profondia.com\/fr\/wp-json\/wp\/v2\/media?parent=663"}],"curies":[{"name":"wp","href":"https:\/\/api.w.org\/{rel}","templated":true}]}}