{"id":657,"date":"2021-12-16T11:26:01","date_gmt":"2021-12-16T11:26:01","guid":{"rendered":"http:\/\/profondia.ch\/ict-datenbank\/userbase-datenbank-service\/"},"modified":"2022-01-26T11:13:36","modified_gmt":"2022-01-26T11:13:36","slug":"service-de-la-base-de-donnees-userbase","status":"publish","type":"page","link":"https:\/\/www.profondia.com\/fr\/base-de-donnees-tic\/service-de-la-base-de-donnees-userbase\/","title":{"rendered":"Service de la base de donn\u00e9es Userbase"},"content":{"rendered":"<div id=\"pl-657\"  class=\"panel-layout\" ><div id=\"pg-657-0\"  class=\"panel-grid panel-no-style\" ><div id=\"pgc-657-0-0\"  class=\"panel-grid-cell\" ><div id=\"panel-657-0-0-0\" class=\"so-panel widget widget_sow-editor panel-first-child panel-last-child\" data-index=\"0\" ><div\n\t\t\t\n\t\t\tclass=\"so-widget-sow-editor so-widget-sow-editor-base\"\n\t\t\t\n\t\t>\n<div class=\"siteorigin-widget-tinymce textwidget\">\n\t<h1 class=\"pageTitle\">Service de la base de donn\u00e9es Userbase<\/h1>\n<p class=\"lead\">Envoyez des mailings ou effectuez des appels pour l\u2019acquisition de clients quand vous le souhaitez et aussi souvent que vous le voulez. Gr\u00e2ce \u00e0 l\u2019acc\u00e8s en ligne \u00e0 notre base de donn\u00e9es Userbase d\u2019adresses informatiques, vous travaillez toujours avec les adresses et les informations sur la situation TIC des clients les plus r\u00e9cents. En toute simplicit\u00e9.<\/p>\n<p>Choisissez l\u2019abonnement de service qui convient \u00e0 vos besoins: Address Data, Full Data ou Full Service. Nous nous ferons un plaisir de vous conseiller pour choisir le service de base de donn\u00e9es qui vous permettra d\u2019atteindre au plus vite votre objectif.<\/p>\n<h4>Address Data<\/h4>\n<p>Donn\u00e9es d\u2019entreprise avec des crit\u00e8res d\u00e9mographiques et tous les d\u00e9cideurs que nous avons trouv\u00e9s.<\/p>\n<h4>Full Data<\/h4>\n<p>Address Data augment\u00e9 de l\u2019installation d\u2019une base en \u00e9quipement informatique et t\u00e9l\u00e9communications dans les segments:<\/p>\n<ul>\n<li>Host Systems \u2013 serveur<\/li>\n<li>PC \u2013 micro-ordinateur<\/li>\n<li>Imprimantes<\/li>\n<li>Stockage<\/li>\n<li>Syst\u00e8mes d\u2019exploitation<\/li>\n<li>Applications PC<\/li>\n<li>Applications strat\u00e9giques<\/li>\n<li>LAN Local Area Networks (r\u00e9seaux locaux)<\/li>\n<li>WAN Wide Area Networks (r\u00e9seaux \u00e9tendus)<\/li>\n<li>Syst\u00e8mes voix et vid\u00e9o<\/li>\n<li>Bases de donn\u00e9es \u2013 d\u00e9veloppement d\u2019application<\/li>\n<li>S\u00e9curit\u00e9<\/li>\n<li>Services informatiques<\/li>\n<\/ul>\n<h4>Full Service<\/h4>\n<p>Full Data Standard augment\u00e9 des projets d\u2019investissements trouv\u00e9s au sein du groupe cible s\u00e9lectionn\u00e9.<\/p>\n<h4>BON \u00c0 SAVOIR<\/h4>\n<p>Que vous proposiez des services de Cloud, un serveur, une infrastructure de r\u00e9seau, des solutions logicielles ou une imprimante: il existe pour chacun de nos clients la bonne licence de base de donn\u00e9es Userbase pour le budget donn\u00e9. Profitez de notre comp\u00e9tence informatique de longue date!<\/p>\n<\/div>\n<\/div><\/div><\/div><\/div><\/div>","protected":false},"excerpt":{"rendered":"<p>Service de la base de donn\u00e9es Userbase Envoyez des mailings ou effectuez des appels pour l\u2019acquisition de clients quand vous le souhaitez et aussi souvent que vous le voulez. Gr\u00e2ce \u00e0 l\u2019acc\u00e8s en ligne \u00e0 notre base de donn\u00e9es Userbase d\u2019adresses informatiques, vous travaillez toujours avec les adresses et les informations sur la situation TIC &hellip; <a href=\"https:\/\/www.profondia.com\/fr\/base-de-donnees-tic\/service-de-la-base-de-donnees-userbase\/\" class=\"more-link\">Continue reading<span class=\"screen-reader-text\"> \u00ab\u00a0Service de la base de donn\u00e9es Userbase\u00a0\u00bb<\/span><\/a><\/p>\n","protected":false},"author":1,"featured_media":0,"parent":648,"menu_order":0,"comment_status":"closed","ping_status":"closed","template":"","meta":{"_seopress_robots_primary_cat":"","_seopress_titles_title":"","_seopress_titles_desc":"Envoyez des mailings ou effectuez des appels pour l\u2019acquisition de clients quand vous le souhaitez et aussi souvent que vous le voulez.","_seopress_robots_index":"","_kiway_template_id":"","_kiway_page_mode":"","_kiway_site_id":"","_kiway_nav_order":0,"_kiway_nav_parent":"","_kiway_is_front_page":""},"acf":[],"_links":{"self":[{"href":"https:\/\/www.profondia.com\/fr\/wp-json\/wp\/v2\/pages\/657"}],"collection":[{"href":"https:\/\/www.profondia.com\/fr\/wp-json\/wp\/v2\/pages"}],"about":[{"href":"https:\/\/www.profondia.com\/fr\/wp-json\/wp\/v2\/types\/page"}],"author":[{"embeddable":true,"href":"https:\/\/www.profondia.com\/fr\/wp-json\/wp\/v2\/users\/1"}],"replies":[{"embeddable":true,"href":"https:\/\/www.profondia.com\/fr\/wp-json\/wp\/v2\/comments?post=657"}],"version-history":[{"count":7,"href":"https:\/\/www.profondia.com\/fr\/wp-json\/wp\/v2\/pages\/657\/revisions"}],"predecessor-version":[{"id":5922,"href":"https:\/\/www.profondia.com\/fr\/wp-json\/wp\/v2\/pages\/657\/revisions\/5922"}],"up":[{"embeddable":true,"href":"https:\/\/www.profondia.com\/fr\/wp-json\/wp\/v2\/pages\/648"}],"wp:attachment":[{"href":"https:\/\/www.profondia.com\/fr\/wp-json\/wp\/v2\/media?parent=657"}],"curies":[{"name":"wp","href":"https:\/\/api.w.org\/{rel}","templated":true}]}}