{"id":655,"date":"2021-12-16T11:26:23","date_gmt":"2021-12-16T11:26:23","guid":{"rendered":"http:\/\/profondia.ch\/ict-datenbank\/kundenwanderung\/"},"modified":"2022-01-26T11:14:24","modified_gmt":"2022-01-26T11:14:24","slug":"userbase-analytics","status":"publish","type":"page","link":"https:\/\/www.profondia.com\/fr\/base-de-donnees-tic\/userbase-analytics\/","title":{"rendered":"Userbase Analytics &#8211; migration des clients"},"content":{"rendered":"<div id=\"pl-655\"  class=\"panel-layout\" ><div id=\"pg-655-0\"  class=\"panel-grid panel-no-style\" ><div id=\"pgc-655-0-0\"  class=\"panel-grid-cell\" ><div id=\"panel-655-0-0-0\" class=\"so-panel widget widget_sow-editor panel-first-child panel-last-child\" data-index=\"0\" ><div\n\t\t\t\n\t\t\tclass=\"so-widget-sow-editor so-widget-sow-editor-base\"\n\t\t\t\n\t\t>\n<div class=\"siteorigin-widget-tinymce textwidget\">\n\t<h1 class=\"pageTitle\">Userbase Analytics: anticiper l'\u00e9volution du march\u00e9 des TIC<\/h1>\n<p class=\"lead\">Rares sont les march\u00e9s qui \u00e9voluent aussi rapidement que celui des technologies de l\u2019information. Userbase Analytics vous permet de garder un \u0153il sur ces changements et de conna\u00eetre l\u2019\u00e9volution de la demande ainsi que la position des diff\u00e9rents op\u00e9rateurs du march\u00e9.<\/p>\n<p>Userbase Analytics permet d\u2019analyser le march\u00e9 sur une p\u00e9riode donn\u00e9e et de r\u00e9pondre \u00e0 des questions comme:<\/p>\n<ul>\n<li>Comment les parts de march\u00e9 ont-elles \u00e9t\u00e9 redistribu\u00e9es entre les diff\u00e9rents fournisseurs ou technologies?<\/li>\n<li>Combien de nouveaux clients peut-on gagner sur des segments donn\u00e9s du march\u00e9?<\/li>\n<li>Les pertes de clients se concentrent-elles dans des r\u00e9gions g\u00e9ographiques sp\u00e9cifiques?<\/li>\n<li>Les migrations de clients sont-elles particuli\u00e8rement marqu\u00e9es pour un op\u00e9rateur de march\u00e9?<\/li>\n<li>Existe-t-il un motif de changement dominant?<\/li>\n<li>Quels fournisseurs de service informatique sont particuli\u00e8rement actifs dans un secteur technologique particulier?<\/li>\n<\/ul>\n<h4>BON \u00c0 SAVOIR<\/h4>\n<p>Userbase Analytics est un module suppl\u00e9mentaire auquel les clients Userbase peuvent s\u2019abonner. Avec les services Full Data et Full Service, les donn\u00e9es au sein du groupe cible abonn\u00e9 peuvent encore \u00eatre affin\u00e9es et analys\u00e9es.<\/p>\n<\/div>\n<\/div><\/div><\/div><\/div><\/div>","protected":false},"excerpt":{"rendered":"<p>Userbase Analytics: anticiper l&rsquo;\u00e9volution du march\u00e9 des TIC Rares sont les march\u00e9s qui \u00e9voluent aussi rapidement que celui des technologies de l\u2019information. Userbase Analytics vous permet de garder un \u0153il sur ces changements et de conna\u00eetre l\u2019\u00e9volution de la demande ainsi que la position des diff\u00e9rents op\u00e9rateurs du march\u00e9. Userbase Analytics permet d\u2019analyser le march\u00e9 &hellip; <a href=\"https:\/\/www.profondia.com\/fr\/base-de-donnees-tic\/userbase-analytics\/\" class=\"more-link\">Continue reading<span class=\"screen-reader-text\"> \u00ab\u00a0Userbase Analytics &#8211; migration des clients\u00a0\u00bb<\/span><\/a><\/p>\n","protected":false},"author":1,"featured_media":0,"parent":648,"menu_order":0,"comment_status":"closed","ping_status":"closed","template":"","meta":{"_seopress_robots_primary_cat":"","_seopress_titles_title":"","_seopress_titles_desc":"Userbase Analytics: anticiper l&#039;\u00e9volution du march\u00e9 des TIC Rares sont les march\u00e9s qui \u00e9voluent aussi rapidement que celui des technologies de l\u2019information. ","_seopress_robots_index":"","_kiway_template_id":"","_kiway_page_mode":"","_kiway_site_id":"","_kiway_nav_order":0,"_kiway_nav_parent":"","_kiway_is_front_page":""},"acf":[],"_links":{"self":[{"href":"https:\/\/www.profondia.com\/fr\/wp-json\/wp\/v2\/pages\/655"}],"collection":[{"href":"https:\/\/www.profondia.com\/fr\/wp-json\/wp\/v2\/pages"}],"about":[{"href":"https:\/\/www.profondia.com\/fr\/wp-json\/wp\/v2\/types\/page"}],"author":[{"embeddable":true,"href":"https:\/\/www.profondia.com\/fr\/wp-json\/wp\/v2\/users\/1"}],"replies":[{"embeddable":true,"href":"https:\/\/www.profondia.com\/fr\/wp-json\/wp\/v2\/comments?post=655"}],"version-history":[{"count":5,"href":"https:\/\/www.profondia.com\/fr\/wp-json\/wp\/v2\/pages\/655\/revisions"}],"predecessor-version":[{"id":5924,"href":"https:\/\/www.profondia.com\/fr\/wp-json\/wp\/v2\/pages\/655\/revisions\/5924"}],"up":[{"embeddable":true,"href":"https:\/\/www.profondia.com\/fr\/wp-json\/wp\/v2\/pages\/648"}],"wp:attachment":[{"href":"https:\/\/www.profondia.com\/fr\/wp-json\/wp\/v2\/media?parent=655"}],"curies":[{"name":"wp","href":"https:\/\/api.w.org\/{rel}","templated":true}]}}