{"id":653,"date":"2021-12-16T11:26:35","date_gmt":"2021-12-16T11:26:35","guid":{"rendered":"http:\/\/profondia.ch\/ict-datenbank\/list-solutions\/"},"modified":"2022-01-26T11:30:13","modified_gmt":"2022-01-26T11:30:13","slug":"list-solutions","status":"publish","type":"page","link":"https:\/\/www.profondia.com\/fr\/base-de-donnees-tic\/list-solutions\/","title":{"rendered":"List Solutions"},"content":{"rendered":"<div id=\"pl-653\"  class=\"panel-layout\" ><div id=\"pg-653-0\"  class=\"panel-grid panel-no-style\" ><div id=\"pgc-653-0-0\"  class=\"panel-grid-cell\" ><div id=\"panel-653-0-0-0\" class=\"so-panel widget widget_sow-editor panel-first-child panel-last-child\" data-index=\"0\" ><div\n\t\t\t\n\t\t\tclass=\"so-widget-sow-editor so-widget-sow-editor-base\"\n\t\t\t\n\t\t>\n<div class=\"siteorigin-widget-tinymce textwidget\">\n\t<h1 class=\"pageTitle\">Instaurer une discussion plus rapidement gr\u00e2ce aux listes d'adresses sur mesure<\/h1>\n<p class=\"lead\">Vous pensez qu\u2019une licence Userbase est trop pour vous? Ne passez pas \u00e0 c\u00f4t\u00e9! Nos listes d\u2019adresses informatiques sont parfaitement adapt\u00e9es aux activit\u00e9s de vente et de marketing plus modestes ou ponctuelles. Et vous vous retrouvez en discussion avec un client potentiel en un rien de temps!<\/p>\n<p>Outre les adresses et les num\u00e9ros de t\u00e9l\u00e9phone des entreprises, votre service marketing sur mesure de liste d\u2019adresses contient les noms des d\u00e9cideurs avec leur fonction, le nombre de collaborateurs et la branche. Vous pouvez en plus faire une s\u00e9lection par localit\u00e9\/r\u00e9gion\/langue, nombre d\u2019ordinateurs, serveur, imprimante. Cela ne signifie pas pour autant devoir renoncer aux informations compl\u00e8tes sur les entreprises comme dans la licence de base de donn\u00e9es Userbase.<\/p>\n<h4>BON \u00c0 SAVOIR<\/h4>\n<p>Vous choisissez votre liste d\u2019adresses comme service marketing pour l\u2019utiliser comme bon vous semble pendant 12 mois. Le service mailing sert \u00e0 l\u2019utilisation unique pour l\u2019envoi de mailings avec les informations actuelles de contacts et d\u00e9cideurs avec fonction et adresse de l\u2019entreprise. Le t\u00e9l\u00e9phone, le fax, le nombre de collaborateurs et la branche ne sont pas compris dans le service mailing.<\/p>\n<\/div>\n<\/div><\/div><\/div><\/div><\/div>","protected":false},"excerpt":{"rendered":"<p>Instaurer une discussion plus rapidement gr\u00e2ce aux listes d&rsquo;adresses sur mesure Vous pensez qu\u2019une licence Userbase est trop pour vous? Ne passez pas \u00e0 c\u00f4t\u00e9! Nos listes d\u2019adresses informatiques sont parfaitement adapt\u00e9es aux activit\u00e9s de vente et de marketing plus modestes ou ponctuelles. Et vous vous retrouvez en discussion avec un client potentiel en un &hellip; <a href=\"https:\/\/www.profondia.com\/fr\/base-de-donnees-tic\/list-solutions\/\" class=\"more-link\">Continue reading<span class=\"screen-reader-text\"> \u00ab\u00a0List Solutions\u00a0\u00bb<\/span><\/a><\/p>\n","protected":false},"author":1,"featured_media":0,"parent":648,"menu_order":0,"comment_status":"closed","ping_status":"closed","template":"","meta":{"_seopress_robots_primary_cat":"","_seopress_titles_title":"","_seopress_titles_desc":"Nos listes d\u2019adresses informatiques sont parfaitement adapt\u00e9es aux activit\u00e9s de vente et de marketing plus modestes ou ponctuelles.","_seopress_robots_index":"","_kiway_template_id":"","_kiway_page_mode":"","_kiway_site_id":"","_kiway_nav_order":0,"_kiway_nav_parent":"","_kiway_is_front_page":""},"acf":[],"_links":{"self":[{"href":"https:\/\/www.profondia.com\/fr\/wp-json\/wp\/v2\/pages\/653"}],"collection":[{"href":"https:\/\/www.profondia.com\/fr\/wp-json\/wp\/v2\/pages"}],"about":[{"href":"https:\/\/www.profondia.com\/fr\/wp-json\/wp\/v2\/types\/page"}],"author":[{"embeddable":true,"href":"https:\/\/www.profondia.com\/fr\/wp-json\/wp\/v2\/users\/1"}],"replies":[{"embeddable":true,"href":"https:\/\/www.profondia.com\/fr\/wp-json\/wp\/v2\/comments?post=653"}],"version-history":[{"count":4,"href":"https:\/\/www.profondia.com\/fr\/wp-json\/wp\/v2\/pages\/653\/revisions"}],"predecessor-version":[{"id":5933,"href":"https:\/\/www.profondia.com\/fr\/wp-json\/wp\/v2\/pages\/653\/revisions\/5933"}],"up":[{"embeddable":true,"href":"https:\/\/www.profondia.com\/fr\/wp-json\/wp\/v2\/pages\/648"}],"wp:attachment":[{"href":"https:\/\/www.profondia.com\/fr\/wp-json\/wp\/v2\/media?parent=653"}],"curies":[{"name":"wp","href":"https:\/\/api.w.org\/{rel}","templated":true}]}}