{"id":648,"date":"2021-12-16T11:25:47","date_gmt":"2021-12-16T11:25:47","guid":{"rendered":"http:\/\/profondia.ch\/ict-datenbank\/"},"modified":"2022-01-26T11:12:27","modified_gmt":"2022-01-26T11:12:27","slug":"base-de-donnees-tic","status":"publish","type":"page","link":"https:\/\/www.profondia.com\/fr\/base-de-donnees-tic\/","title":{"rendered":"Base de donn\u00e9es TIC"},"content":{"rendered":"<div id=\"pl-648\"  class=\"panel-layout\" ><div id=\"pg-648-0\"  class=\"panel-grid panel-no-style\" ><div id=\"pgc-648-0-0\"  class=\"panel-grid-cell\" ><div id=\"panel-648-0-0-0\" class=\"so-panel widget widget_sow-editor panel-first-child\" data-index=\"0\" ><div\n\t\t\t\n\t\t\tclass=\"so-widget-sow-editor so-widget-sow-editor-base\"\n\t\t\t\n\t\t>\n<div class=\"siteorigin-widget-tinymce textwidget\">\n\t<h1 class=\"pageTitle\">Tout d\u00e9pend de la taille \u2013 sauf dans ce cas!<\/h1>\n<p class=\"lead\">Ce n\u2019est pas la taille d\u2019une liste de nouveaux clients potentiels qui d\u00e9termine votre succ\u00e8s, mais bien sa qualit\u00e9. Un petit groupe cible avec une s\u00e9lection de crit\u00e8res bien pens\u00e9s vous m\u00e8ne plus rapidement \u00e0 votre objectif et garantit l\u2019utilisation efficace de vos ressources.<\/p>\n<p>Dans notre base de donn\u00e9es TIC Userbase, vous pouvez trouver les bons contacts pour votre entreprise \u2013 toujours actuels et bien class\u00e9s d\u2019apr\u00e8s de nombreux crit\u00e8res qui sont pertinents pour le fournisseur TIC: nombre de collaborateurs, taille du service informatique, fonction des d\u00e9cideurs, \u00e9quipement informatique install\u00e9 ou \u00e9quipement en mat\u00e9riel, logiciels utilis\u00e9s ou m\u00eame contrats de prestations avec des tiers. Nous vous aidons ainsi \u00e0 d\u00e9finir votre groupe cible avec une grande pr\u00e9cision et \u00e0 utiliser au mieux votre budget marketing.<\/p>\n<h4>BON\u00c0 SAVOIR<\/h4>\n<p>Cela fait plus de 30\u00a0ans que nous utilisons notre base de donn\u00e9es TIC pour obtenir des indications de grande qualit\u00e9 sur le march\u00e9 suisse des TIC et servir nos clients, fid\u00e8les et satisfaits. Nous qualifions syst\u00e9matiquement et r\u00e9guli\u00e8rement toutes les informations, dont la qualit\u00e9 va bien au-del\u00e0 des listes d\u2019adresses classiques des autres fournisseurs.<\/p>\n<\/div>\n<\/div><\/div>\r\n<!-- \/\/ IMAGE TEASER \/\/ -->\r\n<div class=\"video-thumbnail\">\r\n\t<div class=\"video_popup\">\r\n    \t<div class=\"video_popupinr\">\r\n            <a href=\"javascript:\" class=\"close_vidpopup\"><i class=\"fa fa-times\"><\/i><\/a>\r\n            <div class=\"embed-responsive\">\r\n                <video controls=\"\" poster=\"https:\/\/www.profondia.com\/wp-content\/uploads\/2021\/12\/guy_v3.png\">\r\n                    <source src=\"https:\/\/www.profondia.com\/wp-content\/uploads\/2021\/12\/video_en.mp4\" type=\"video\/mp4\"> \r\n                    Your browser does not support the video tag.\r\n                <\/video>\r\n            <\/div>\r\n        <\/div>\r\n    <\/div>\r\n\t<a class=\"launch-popup\" href=\"javascript:\"><img src=\"https:\/\/www.profondia.com\/wp-content\/uploads\/2021\/12\/guy_v3.png\" \/><\/a> \r\n<\/div>\r\n<!-- END HERE -->\r\n\r\n<\/div><\/div><\/div>","protected":false},"excerpt":{"rendered":"<p>Tout d\u00e9pend de la taille \u2013 sauf dans ce cas! Ce n\u2019est pas la taille d\u2019une liste de nouveaux clients potentiels qui d\u00e9termine votre succ\u00e8s, mais bien sa qualit\u00e9. Un petit groupe cible avec une s\u00e9lection de crit\u00e8res bien pens\u00e9s vous m\u00e8ne plus rapidement \u00e0 votre objectif et garantit l\u2019utilisation efficace de vos ressources. Dans &hellip; <a href=\"https:\/\/www.profondia.com\/fr\/base-de-donnees-tic\/\" class=\"more-link\">Continue reading<span class=\"screen-reader-text\"> \u00ab\u00a0Base de donn\u00e9es TIC\u00a0\u00bb<\/span><\/a><\/p>\n","protected":false},"author":1,"featured_media":0,"parent":0,"menu_order":0,"comment_status":"closed","ping_status":"closed","template":"","meta":{"_seopress_robots_primary_cat":"","_seopress_titles_title":"","_seopress_titles_desc":"Tout d\u00e9pend de la taille \u2013 sauf dans ce cas! Ce n\u2019est pas la taille d\u2019une liste de nouveaux clients potentiels qui d\u00e9termine votre succ\u00e8s, mais bien sa qualit\u00e9. ","_seopress_robots_index":"","_kiway_template_id":"","_kiway_page_mode":"","_kiway_site_id":"","_kiway_nav_order":0,"_kiway_nav_parent":"","_kiway_is_front_page":""},"acf":[],"_links":{"self":[{"href":"https:\/\/www.profondia.com\/fr\/wp-json\/wp\/v2\/pages\/648"}],"collection":[{"href":"https:\/\/www.profondia.com\/fr\/wp-json\/wp\/v2\/pages"}],"about":[{"href":"https:\/\/www.profondia.com\/fr\/wp-json\/wp\/v2\/types\/page"}],"author":[{"embeddable":true,"href":"https:\/\/www.profondia.com\/fr\/wp-json\/wp\/v2\/users\/1"}],"replies":[{"embeddable":true,"href":"https:\/\/www.profondia.com\/fr\/wp-json\/wp\/v2\/comments?post=648"}],"version-history":[{"count":10,"href":"https:\/\/www.profondia.com\/fr\/wp-json\/wp\/v2\/pages\/648\/revisions"}],"predecessor-version":[{"id":5921,"href":"https:\/\/www.profondia.com\/fr\/wp-json\/wp\/v2\/pages\/648\/revisions\/5921"}],"wp:attachment":[{"href":"https:\/\/www.profondia.com\/fr\/wp-json\/wp\/v2\/media?parent=648"}],"curies":[{"name":"wp","href":"https:\/\/api.w.org\/{rel}","templated":true}]}}