{"id":639,"date":"2021-12-16T12:39:35","date_gmt":"2021-12-16T12:39:35","guid":{"rendered":"http:\/\/profondia.ch\/disclaimer\/"},"modified":"2023-07-21T07:02:39","modified_gmt":"2023-07-21T06:02:39","slug":"disclaimer","status":"publish","type":"page","link":"https:\/\/www.profondia.com\/fr\/disclaimer\/","title":{"rendered":"Datenschutzerkl\u00e4rung \/ Copyright"},"content":{"rendered":"<div id=\"pl-639\"  class=\"panel-layout\" ><div id=\"pg-639-0\"  class=\"panel-grid panel-no-style\" ><div id=\"pgc-639-0-0\"  class=\"panel-grid-cell\" ><div id=\"panel-639-0-0-0\" class=\"so-panel widget widget_sow-editor panel-first-child panel-last-child\" data-index=\"0\" ><div\n\t\t\t\n\t\t\tclass=\"so-widget-sow-editor so-widget-sow-editor-base\"\n\t\t\t\n\t\t>\n<div class=\"siteorigin-widget-tinymce textwidget\">\n\t<h1 class=\"pageTitle\">Droit d'auteur et protection des donn\u00e9es<\/h1>\n<h3><span style=\"color: #f18e00;\">Mentions l\u00e9gales<\/span><\/h3>\n<p>Le\u00a0 pr\u00e9sent site internet est g\u00e9r\u00e9 par Profondia AG sous www.profondia.com<\/p>\n<h3><span style=\"color: #f18e00;\">Responsabilit\u00e9 quant au contenu du site internet<\/span><\/h3>\n<p>Les indications pr\u00e9sent\u00e9es sur ce site ne sont pas contraignantes et ne sont mises \u00e0 disposition qu\u2019\u00e0 des fins purement informatives. Malgr\u00e9 une r\u00e9daction minutieuse des informations publi\u00e9es sur ces pages, Profondia AG ne peut en garantir l'exactitude, la qualit\u00e9, la mise \u00e0 jour ni l'exhaustivit\u00e9. Les actions en responsabilit\u00e9 contre Profondia AG, qui se r\u00e9f\u00e8rent \u00e0 la nature mat\u00e9rielle ou immat\u00e9rielle des dommages caus\u00e9s par l'utilisation ou la non-utilisation des informations ou l'utilisation d'informations erron\u00e9es et incompl\u00e8tes, sont fondamentalement exclues, pour autant qu\u2019il n\u2019y ait de la part de Profondia AG aucune n\u00e9gligence intentionnelle ou grave. Toutes les offres sont non contraignantes. Profondia AG se r\u00e9serve express\u00e9ment le droit de modifier, de compl\u00e9ter ou de supprimer certaines parties ou la totalit\u00e9 de l'offre, ou d\u2019en suspendre la publication temporairement ou d\u00e9finitivement, sans aucun pr\u00e9avis.<\/p>\n<h3><span style=\"color: #f18e00;\">Responsabilit\u00e9 quant aux r\u00e9f\u00e9rences et aux liens<\/span><\/h3>\n<p>Profondia AG v\u00e9rifie l\u2019absence de contenu illicite au moment de publier les liens ou r\u00e9f\u00e9rences figurant dans son site. Toutefois, comme Profondia AG n'a aucune influence sur l\u2019\u00e9volution de la conception des sites vers lesquels pointent les liens de son propre site web, l\u2019entreprise ne peut assumer aucune responsabilit\u00e9 quant au contenu de ces sites. Si Profondia AG devait avoir connaissance d\u2019un contenu ill\u00e9gal sur les pages li\u00e9es \/ r\u00e9f\u00e9renc\u00e9es, ces liens seraient supprim\u00e9s du site de l\u2019entreprise. Le m\u00eame principe s\u2019applique pour les commentaires de tiers dans les livres d\u2019or, les forums de discussion et les listes de diffusion ouverts par Profondia AG.<\/p>\n<h3><span style=\"color: #f18e00;\">Droit d\u2019auteur et droit des marques<\/span><\/h3>\n<p>Dans toutes ses publications, Profondia AG s'efforce de respecter les droits d'auteur des \u00e9l\u00e9ments graphiques, fichiers sonores, s\u00e9quences vid\u00e9o et textes exploit\u00e9s, d\u2019utiliser ses propres \u00e9l\u00e9ments graphiques, documents sonores, s\u00e9quences vid\u00e9o et textes ou d\u2019avoir recours \u00e0 des \u00e9l\u00e9ments graphiques, fichiers sonores, s\u00e9quences vid\u00e9o et textes du domaine public. Toutes les marques et marques d\u00e9pos\u00e9es cit\u00e9es dans l'offre Internet ou \u00e9ventuellement prot\u00e9g\u00e9es par des tiers sont soumises sans restriction aux dispositions applicables du droit des marques et aux droits de possession de leurs propri\u00e9taires officiels respectifs. Une marque cit\u00e9e sans autre pr\u00e9cision ne signifie pas qu\u2019elle n\u2019est pas prot\u00e9g\u00e9e par les droits de tiers.<\/p>\n<p>Le copyright des objets publi\u00e9s et cr\u00e9\u00e9s par Profondia AG reste la propri\u00e9t\u00e9 exclusive de Profondia AG. Toute reproduction ou utilisation des graphiques, fichiers sonores, s\u00e9quences vid\u00e9o et textes dans d'autres publications \u00e9lectroniques ou imprim\u00e9es est interdite sans le consentement explicite de Profondia AG.<\/p>\n<h3><span style=\"color: #f18e00;\">Protection des donn\u00e9es<\/span><\/h3>\n<p>Si l\u2019offre internet comprend la possibilit\u00e9 de saisir des donn\u00e9es personnelles ou commerciales (adresse e-mail, nom, adresse), ces donn\u00e9es ne peuvent \u00eatre divulgu\u00e9es qu\u2019avec l\u2019accord explicite de l\u2019utilisateur.<\/p>\n<p><span style=\"color: #f18e00;\"><strong>Processeur des donn\u00e9es<\/strong><\/span><br \/>\nProfondia AG<br \/>\nBernstrasse 55<br \/>\n8952 Schlieren<br \/>\nT\u00e9l\u00e9phone : +41 (0)44 701 81 11<\/p>\n<p><span style=\"color: #f18e00;\"><strong>Cat\u00e9gories de donn\u00e9es personnelles trait\u00e9es (en cas de collecte aupr\u00e8s des tiers).<\/strong><\/span><br \/>\nNous traitons les donn\u00e9es personnelles suivantes : Nom, sexe, fonction dans l\u2019entreprise, adresse professionnelle, num\u00e9ro de t\u00e9l\u00e9phone.<\/p>\n<p><span style=\"color: #f18e00;\"><strong>Source des donn\u00e9es \u00e0 caract\u00e8re personnel (en cas de collecte aupr\u00e8s de tiers).<\/strong><\/span><br \/>\nLes donn\u00e9es personnelles sont collect\u00e9es au central t\u00e9l\u00e9phonique ou proviennent de sources accessibles au public.<\/p>\n<p><span style=\"color: #f18e00;\"><strong>Usage pr\u00e9vu<\/strong><\/span><br \/>\nNous utilisons vos donn\u00e9es personnelles aux fins suivantes : transmission \u00e0 nos clients dans l\u2019environnement informatique \u00e0 des fins d\u2019\u00e9tudes de march\u00e9 et de marketing.<\/p>\n<p><span style=\"color: #f18e00;\"><strong>Base juridique<\/strong><\/span><br \/>\nLe traitement de vos donn\u00e9es personnelles est r\u00e9git selon la base juridique suivante : loi f\u00e9d\u00e9rale sur la protection des donn\u00e9es (LPD).<br \/>\nTraitement sur la base d'int\u00e9r\u00eats l\u00e9gitimes. Selon cette disposition, le traitement est n\u00e9cessaire \u00e0 la protection des int\u00e9r\u00eats l\u00e9gitimes du responsable ou d'un tiers, sauf si les int\u00e9r\u00eats ou les droits fondamentaux de la personne concern\u00e9e, qui n\u00e9cessitent la protection des donn\u00e9es \u00e0 caract\u00e8re personnel, l'emportent, notamment lorsque la personne concern\u00e9e est un enfant. L'int\u00e9r\u00eat l\u00e9gitime est ici le marketing direct aupr\u00e8s de la personne concern\u00e9e.<\/p>\n<p><span style=\"color: #f18e00;\"><strong>Destinataires des donn\u00e9es personnelles trait\u00e9es\u00a0<\/strong><\/span><br \/>\nLes destinataires potentiels des donn\u00e9es personnelles collect\u00e9es vous concernant sont des entreprises du secteur d\u2019informatique.<\/p>\n<p><span style=\"color: #f18e00;\"><strong>Dur\u00e9e de stockage des donn\u00e9es\u00a0<\/strong><\/span><br \/>\nLes donn\u00e9es personnelles sont conserv\u00e9es pendant la dur\u00e9e des finalit\u00e9s indiqu\u00e9es. A cet effet, les donn\u00e9es sont stock\u00e9es de mani\u00e8re permanente. Si l\u2019objectif ne peut plus \u00eatre atteint, les donn\u00e9es seront supprim\u00e9es. Cela peut \u00eatre le cas, par exemple, si une personne n\u2019est plus employ\u00e9e par l\u2019entreprise.<\/p>\n<p><span style=\"color: #f18e00;\"><strong>Droits g\u00e9n\u00e9raux des personnes concern\u00e9es<\/strong><\/span><br \/>\nVous avez le droit de demander des informations sur les donn\u00e9es personnelles que nous conservons. En outre, vous avez le droit de rectification en cas de donn\u00e9es incorrectes et le droit de suppression en cas de stockage ill\u00e9gal de donn\u00e9es. En outre, vous avez le droit de limiter le traitement et le transfert des donn\u00e9es.<\/p>\n<p><span style=\"color: #f18e00;\"><strong>Droit d\u2019objection<\/strong><\/span><br \/>\nLorsque des donn\u00e9es \u00e0 caract\u00e8re personnel sont trait\u00e9es \u00e0 des fins de marketing direct, vous avez le droit de vous opposer \u00e0 tout moment au traitement des donn\u00e9es \u00e0 caract\u00e8re personnel vous concernant \u00e0 des fins de marketing. Vous pouvez envoyer votre r\u00e9vocation \u00e0 datenschutz@profondia.com.<br \/>\nR\u00e9vocation du consentement : Si le traitement des donn\u00e9es \u00e0 caract\u00e8re personnel est bas\u00e9 sur votre consentement, vous avez le droit de r\u00e9voquer votre consentement \u00e0 tout moment sans affecter la l\u00e9galit\u00e9 du traitement effectu\u00e9 sur la base du consentement jusqu\u2019\u00e0 sa r\u00e9vocation. Vous pouvez envoyer la r\u00e9vocation \u00e0 datenschutz@profondia.com.<\/p>\n<h3><span style=\"color: #f18e00;\">Cookies<\/span><\/h3>\n<p>Le pr\u00e9sent site internet contient des cookies. Par cookies l\u2019on entend des donn\u00e9es envoy\u00e9es par un site internet visit\u00e9, ou son serveur, au navigateur de votre ordinateur, afin de pouvoir le reconna\u00eetre ult\u00e9rieurement. Votre ordinateur enverra les informations des cookies lors d\u2019une prochaine visite sur ce site, \u00e0 chaque nouvelle demande du serveur. Les cookies seront utilis\u00e9s par exemple pour pr\u00e9senter des contenus complexes et dynamiques, pour que le site puisse vous reconna\u00eetre lors de votre visite, dans le but final de favoriser la convivialit\u00e9 du site. \u00c0 travers le param\u00e8tre de votre navigateur pr\u00e9vu \u00e0 cet effet, vous pouvez emp\u00eacher \u00e0 tout moment l\u2019installation de cookies ou faire appara\u00eetre un avertissement \u00e0 chaque installation. Vous pourrez ainsi d\u00e9cider vous-m\u00eame si vous acceptez les cookies ou non. Notre site internet peut \u00e9galement, pour l\u2019essentiel, \u00eatre utilis\u00e9 sans l\u2019acceptation de cookies, cependant quelques fonctionnalit\u00e9s peuvent \u00eatre limit\u00e9es.<\/p>\n<h3><span style=\"color: #f18e00;\">Google Analytics<\/span><\/h3>\n<p>Ce site utilise Google Analytics, un service d'analyse de site internet fourni par Google Inc. (\u00ab Google \u00bb). Google Analytics utilise des cookies , qui sont des fichiers texte plac\u00e9s sur votre ordinateur, pour aider le site internet \u00e0 analyser l'utilisation du site par ses utilisateurs. Les donn\u00e9es g\u00e9n\u00e9r\u00e9es par les cookies concernant votre utilisation du site (y compris votre adresse IP) seront transmises et stock\u00e9es par Google sur des serveurs situ\u00e9s aux Etats-Unis. Google utilisera cette information dans le but d'\u00e9valuer votre utilisation du site, de compiler des rapports sur l'activit\u00e9 du site \u00e0 destination de son \u00e9diteur et de fournir d'autres services relatifs \u00e0 l'activit\u00e9 du site et \u00e0 l'utilisation d'Internet. Google est susceptible de communiquer ces donn\u00e9es \u00e0 des tiers en cas d'obligation l\u00e9gale ou lorsque ces tiers traitent ces donn\u00e9es pour le compte de Google, y compris notamment l'\u00e9diteur de ce site. Google ne recoupera pas votre adresse IP avec toute autre donn\u00e9e d\u00e9tenue par Google. Vous pouvez d\u00e9sactiver l'utilisation de cookies en s\u00e9lectionnant les param\u00e8tres appropri\u00e9s de votre navigateur. Cependant, une telle d\u00e9sactivation pourrait emp\u00eacher l'utilisation de certaines fonctionnalit\u00e9s de ce site. En utilisant ce site internet, vous consentez express\u00e9ment au traitement de vos donn\u00e9es nominatives par Google dans les conditions et pour les finalit\u00e9s d\u00e9crites ci-dessus. Si vous ne voulez pas que vos donn\u00e9es sont collectionn\u00e9es, vous pouvez d\u00e9sactiver Google Analytics : Browser-Add-on zur Deaktivierung von Google Analytics (<a href=\"https:\/\/tools.google.com\/dlpage\/gaoptout\" target=\"_blank\" rel=\"noopener\">https:\/\/tools.google.com\/dlpage\/gaoptout<\/a>)<\/p>\n<h3><span style=\"color: #f18e00;\">Tag d'Insight LinkedIn<\/span><\/h3>\n<p>Ce site web utilise le tag LinkedIn. Le tag LinkedIn Insight est un petit extrait de code JavaScript.<br \/>\nIl permet d'\u00e9tablir des rapports d\u00e9taill\u00e9s sur les campagnes LinkedIn et fournit des informations sur les visiteurs du site. Vous trouverez plus d'informations sur ce tag sur<a href=\"https:\/\/www.linkedin.com\" target=\"_blank\" rel=\"noopener\"> https:\/\/www.linkedin.com<\/a>.<\/p>\n<h3><span style=\"color: #f18e00;\">Les services de \u00ab Addthis-Bookmark \u00bb<\/span><\/h3>\n<p>Ce site internet contient des extensions \u00ab Addthis \u00bb qui vous permettent de placer des signets ou vous facilitent l\u2019acc\u00e8s \u00e0 l\u2019ensemble de certains contenus int\u00e9ressants de sites Web. L\u2019utilisation de \u00ab Addthis \u00bb implique l\u2019installation de cookies. Les donn\u00e9es ainsi g\u00e9n\u00e9r\u00e9es (par exemple le moment d\u2019utilisation ou la langue du navigateur) seront transf\u00e9r\u00e9es \u00e0 Add This LLC aux Etats-Unis, o\u00f9 elles seront trait\u00e9es. Pour plus d\u2019informations concernant la politique de protection et de traitement des donn\u00e9es de Add This LLC, veuillez consulter la page suivante :\u00a0<a href=\"http:\/\/www.addthis.com\/privacy\" target=\"_blank\" rel=\"noopener\">http:\/\/www.addthis.com\/privacy<\/a>. Cette page vous pr\u00e9sente en particulier des informations sur le type de donn\u00e9es trait\u00e9es et dans quel but. Nous ne proc\u00e9dons \u00e0 aucun traitement des donn\u00e9es nous-m\u00eames. En utilisant le champ \u00abAddthis\u00bb, vous donnez votre accord au traitement des donn\u00e9es par Add This LLC dans l'\u00e9tendue indiqu\u00e9e sur le site Web\u00a0<a href=\"http:\/\/www.addthis.com\/\" target=\"_blank\" rel=\"noopener\">www.addthis.com<\/a>. Vous pouvez vous opposer \u00e0 tout moment \u00e0 l'utilisation de vos donn\u00e9es en utilisant un \u00abOpt Out Cookie\u00bb. Vous trouverez \u00e9galement de plus amples informations \u00e0 ce sujet sur le site Web susmentionn\u00e9 d'Add This LLC.<\/p>\n<h3><span style=\"color: #f18e00;\">Validit\u00e9 juridique de cette exclusion de responsabilit\u00e9<\/span><\/h3>\n<p>Si des parties ou des formulations isol\u00e9es des pr\u00e9sentes mentions l\u00e9gales devaient \u00eatre entach\u00e9es de nullit\u00e9, les autres parties resteraient valables ; dans la mesure du possible, la partie entach\u00e9e de nullit\u00e9 sera interpr\u00e9t\u00e9e par les parties contractantes de fa\u00e7on \u00e0 rester le plus proche possible de l\u2019objectif ini<\/p>\n<\/div>\n<\/div><\/div><\/div><\/div><\/div>","protected":false},"excerpt":{"rendered":"<p>Droit d&rsquo;auteur et protection des donn\u00e9es Mentions l\u00e9gales Le\u00a0 pr\u00e9sent site internet est g\u00e9r\u00e9 par Profondia AG sous www.profondia.com Responsabilit\u00e9 quant au contenu du site internet Les indications pr\u00e9sent\u00e9es sur ce site ne sont pas contraignantes et ne sont mises \u00e0 disposition qu\u2019\u00e0 des fins purement informatives. Malgr\u00e9 une r\u00e9daction minutieuse des informations publi\u00e9es sur &hellip; <a href=\"https:\/\/www.profondia.com\/fr\/disclaimer\/\" class=\"more-link\">Continue reading<span class=\"screen-reader-text\"> \u00ab\u00a0Datenschutzerkl\u00e4rung \/ Copyright\u00a0\u00bb<\/span><\/a><\/p>\n","protected":false},"author":1,"featured_media":0,"parent":0,"menu_order":0,"comment_status":"closed","ping_status":"closed","template":"","meta":{"_seopress_robots_primary_cat":"","_seopress_titles_title":"Droit d&#039;auteur et protection des donn\u00e9es - Profondia AG","_seopress_titles_desc":"MENTIONS L\u00c9GALES: Droit d&#039;auteur et protection des donn\u00e9es\r\nLe  pr\u00e9sent site internet est g\u00e9r\u00e9 par Profondia AG sous www.profondia.com","_seopress_robots_index":"","_kiway_template_id":"","_kiway_page_mode":"","_kiway_site_id":"","_kiway_nav_order":0,"_kiway_nav_parent":"","_kiway_is_front_page":""},"acf":[],"_links":{"self":[{"href":"https:\/\/www.profondia.com\/fr\/wp-json\/wp\/v2\/pages\/639"}],"collection":[{"href":"https:\/\/www.profondia.com\/fr\/wp-json\/wp\/v2\/pages"}],"about":[{"href":"https:\/\/www.profondia.com\/fr\/wp-json\/wp\/v2\/types\/page"}],"author":[{"embeddable":true,"href":"https:\/\/www.profondia.com\/fr\/wp-json\/wp\/v2\/users\/1"}],"replies":[{"embeddable":true,"href":"https:\/\/www.profondia.com\/fr\/wp-json\/wp\/v2\/comments?post=639"}],"version-history":[{"count":7,"href":"https:\/\/www.profondia.com\/fr\/wp-json\/wp\/v2\/pages\/639\/revisions"}],"predecessor-version":[{"id":9249,"href":"https:\/\/www.profondia.com\/fr\/wp-json\/wp\/v2\/pages\/639\/revisions\/9249"}],"wp:attachment":[{"href":"https:\/\/www.profondia.com\/fr\/wp-json\/wp\/v2\/media?parent=639"}],"curies":[{"name":"wp","href":"https:\/\/api.w.org\/{rel}","templated":true}]}}