{"id":635,"date":"2021-12-16T11:28:42","date_gmt":"2021-12-16T11:28:42","guid":{"rendered":"http:\/\/profondia.ch\/business-datenbank\/list-solutions\/"},"modified":"2022-01-26T11:16:51","modified_gmt":"2022-01-26T11:16:51","slug":"list-solutions","status":"publish","type":"page","link":"https:\/\/www.profondia.com\/fr\/base-de-donnees-professionnelle\/list-solutions\/","title":{"rendered":"List Solutions"},"content":{"rendered":"<div id=\"pl-635\"  class=\"panel-layout\" ><div id=\"pg-635-0\"  class=\"panel-grid panel-no-style\" ><div id=\"pgc-635-0-0\"  class=\"panel-grid-cell\" ><div id=\"panel-635-0-0-0\" class=\"so-panel widget widget_sow-editor panel-first-child panel-last-child\" data-index=\"0\" ><div\n\t\t\t\n\t\t\tclass=\"so-widget-sow-editor so-widget-sow-editor-base\"\n\t\t\t\n\t\t>\n<div class=\"siteorigin-widget-tinymce textwidget\">\n\t<h1 class=\"pageTitle\">La voie directe jusqu'aux d\u00e9cideurs<\/h1>\n<p class=\"lead\">A l\u2019avenir, vous acc\u00e9derez directement au d\u00e9cideur de votre choix. Les listes d\u2019adresses professionnelles sur mesure d\u2019Insightbase sont parfaites pour vos activit\u00e9s de vente et de marketing. Et vous vous retrouvez en discussion avec un client potentiel en un rien de temps!<\/p>\n<p>Outre les adresses et les num\u00e9ros de t\u00e9l\u00e9phone des entreprises, votre liste d\u2019adresses s\u00e9lectionn\u00e9e individuellement contient les noms des d\u00e9cideurs avec leur fonction, le nombre de collaborateurs et la branche. Vous d\u00e9finissez en outre votre groupe cible par localit\u00e9\/r\u00e9gion\/langue et d\u2019autres crit\u00e8res de s\u00e9lection d\u00e9mographiques, qui seront \u00e9galement indiqu\u00e9s dans votre liste d\u2019adresses.<\/p>\n<h4>BON \u00c0 SAVOIR<\/h4>\n<p>Vous s\u00e9lectionnez votre liste d\u2019adresses comme service marketing (utilisation de 12 mois) ou comme service mailing (utilisation unique pour l\u2019envoi de mailings avec des informations d\u2019adresses actuelles, mais pas de num\u00e9ros de t\u00e9l\u00e9phone ou de fax par ex.).<\/p>\n<\/div>\n<\/div><\/div><\/div><\/div><\/div>","protected":false},"excerpt":{"rendered":"<p>La voie directe jusqu&rsquo;aux d\u00e9cideurs A l\u2019avenir, vous acc\u00e9derez directement au d\u00e9cideur de votre choix. Les listes d\u2019adresses professionnelles sur mesure d\u2019Insightbase sont parfaites pour vos activit\u00e9s de vente et de marketing. Et vous vous retrouvez en discussion avec un client potentiel en un rien de temps! Outre les adresses et les num\u00e9ros de t\u00e9l\u00e9phone &hellip; <a href=\"https:\/\/www.profondia.com\/fr\/base-de-donnees-professionnelle\/list-solutions\/\" class=\"more-link\">Continue reading<span class=\"screen-reader-text\"> \u00ab\u00a0List Solutions\u00a0\u00bb<\/span><\/a><\/p>\n","protected":false},"author":1,"featured_media":0,"parent":631,"menu_order":0,"comment_status":"closed","ping_status":"closed","template":"","meta":{"_seopress_robots_primary_cat":"","_seopress_titles_title":"","_seopress_titles_desc":"La voie directe jusqu&#039;aux d\u00e9cideurs. A l\u2019avenir, vous acc\u00e9derez directement au d\u00e9cideur de votre choix.","_seopress_robots_index":"","_kiway_template_id":"","_kiway_page_mode":"","_kiway_site_id":"","_kiway_nav_order":0,"_kiway_nav_parent":"","_kiway_is_front_page":""},"acf":[],"_links":{"self":[{"href":"https:\/\/www.profondia.com\/fr\/wp-json\/wp\/v2\/pages\/635"}],"collection":[{"href":"https:\/\/www.profondia.com\/fr\/wp-json\/wp\/v2\/pages"}],"about":[{"href":"https:\/\/www.profondia.com\/fr\/wp-json\/wp\/v2\/types\/page"}],"author":[{"embeddable":true,"href":"https:\/\/www.profondia.com\/fr\/wp-json\/wp\/v2\/users\/1"}],"replies":[{"embeddable":true,"href":"https:\/\/www.profondia.com\/fr\/wp-json\/wp\/v2\/comments?post=635"}],"version-history":[{"count":5,"href":"https:\/\/www.profondia.com\/fr\/wp-json\/wp\/v2\/pages\/635\/revisions"}],"predecessor-version":[{"id":932,"href":"https:\/\/www.profondia.com\/fr\/wp-json\/wp\/v2\/pages\/635\/revisions\/932"}],"up":[{"embeddable":true,"href":"https:\/\/www.profondia.com\/fr\/wp-json\/wp\/v2\/pages\/631"}],"wp:attachment":[{"href":"https:\/\/www.profondia.com\/fr\/wp-json\/wp\/v2\/media?parent=635"}],"curies":[{"name":"wp","href":"https:\/\/api.w.org\/{rel}","templated":true}]}}