{"id":633,"date":"2021-12-16T11:28:27","date_gmt":"2021-12-16T11:28:27","guid":{"rendered":"http:\/\/profondia.ch\/business-datenbank\/insightbase-datenbank-service\/"},"modified":"2022-01-26T11:16:10","modified_gmt":"2022-01-26T11:16:10","slug":"service-de-la-base-de-donnees-insightbase","status":"publish","type":"page","link":"https:\/\/www.profondia.com\/fr\/base-de-donnees-professionnelle\/service-de-la-base-de-donnees-insightbase\/","title":{"rendered":"Service de la base de donn\u00e9es Insightbase"},"content":{"rendered":"<div id=\"pl-633\"  class=\"panel-layout\" ><div id=\"pg-633-0\"  class=\"panel-grid panel-no-style\" ><div id=\"pgc-633-0-0\"  class=\"panel-grid-cell\" ><div id=\"panel-633-0-0-0\" class=\"so-panel widget widget_sow-editor panel-first-child panel-last-child\" data-index=\"0\" ><div\n\t\t\t\n\t\t\tclass=\"so-widget-sow-editor so-widget-sow-editor-base\"\n\t\t\t\n\t\t>\n<div class=\"siteorigin-widget-tinymce textwidget\">\n\t<h1 class=\"pageTitle\">Le march\u00e9 toujours en ligne de mire<\/h1>\n<p class=\"lead\">Vous pouvez enfin voir les entreprises qui ont un v\u00e9ritable potentiel commercial et d\u00e9couvrir qui sont les d\u00e9cideurs en charge. Nous faisons l\u2019acquisition de ces donn\u00e9es gr\u00e2ce \u00e0 notre contact direct avec les entreprises et les mettons constamment \u00e0 jour.<\/p>\n<p>L\u2019abonnement de base de donn\u00e9es Insightbase vous permet d\u2019avoir acc\u00e8s au groupe cible d\u2019entreprises d\u00e9termin\u00e9 par vos soins. Vous connaissez tous les d\u00e9cideurs que nous avons identifi\u00e9s et savez combien de collaborateurs compte l\u2019entreprise ou combien de postes de travail avec PC et v\u00e9hicules elle poss\u00e8de.<\/p>\n<h4>BON \u00c0 SAVOIR<\/h4>\n<p>S\u00e9lectionnez les informations importantes pour vous pendant la dur\u00e9e du contrat et r\u00e9alisez des mailings et des campagnes pour gagner de nouveaux clients en utilisant des donn\u00e9es actuelles.<\/p>\n<\/div>\n<\/div><\/div><\/div><\/div><\/div>","protected":false},"excerpt":{"rendered":"<p>Le march\u00e9 toujours en ligne de mire Vous pouvez enfin voir les entreprises qui ont un v\u00e9ritable potentiel commercial et d\u00e9couvrir qui sont les d\u00e9cideurs en charge. Nous faisons l\u2019acquisition de ces donn\u00e9es gr\u00e2ce \u00e0 notre contact direct avec les entreprises et les mettons constamment \u00e0 jour. L\u2019abonnement de base de donn\u00e9es Insightbase vous permet &hellip; <a href=\"https:\/\/www.profondia.com\/fr\/base-de-donnees-professionnelle\/service-de-la-base-de-donnees-insightbase\/\" class=\"more-link\">Continue reading<span class=\"screen-reader-text\"> \u00ab\u00a0Service de la base de donn\u00e9es Insightbase\u00a0\u00bb<\/span><\/a><\/p>\n","protected":false},"author":1,"featured_media":0,"parent":631,"menu_order":0,"comment_status":"closed","ping_status":"closed","template":"","meta":{"_seopress_robots_primary_cat":"","_seopress_titles_title":"","_seopress_titles_desc":"Le march\u00e9 toujours en ligne de mire. Vous pouvez enfin voir les entreprises qui ont un v\u00e9ritable potentiel commercial et d\u00e9couvrir qui sont les d\u00e9cideurs en charge.","_seopress_robots_index":"","_kiway_template_id":"","_kiway_page_mode":"","_kiway_site_id":"","_kiway_nav_order":0,"_kiway_nav_parent":"","_kiway_is_front_page":""},"acf":[],"_links":{"self":[{"href":"https:\/\/www.profondia.com\/fr\/wp-json\/wp\/v2\/pages\/633"}],"collection":[{"href":"https:\/\/www.profondia.com\/fr\/wp-json\/wp\/v2\/pages"}],"about":[{"href":"https:\/\/www.profondia.com\/fr\/wp-json\/wp\/v2\/types\/page"}],"author":[{"embeddable":true,"href":"https:\/\/www.profondia.com\/fr\/wp-json\/wp\/v2\/users\/1"}],"replies":[{"embeddable":true,"href":"https:\/\/www.profondia.com\/fr\/wp-json\/wp\/v2\/comments?post=633"}],"version-history":[{"count":6,"href":"https:\/\/www.profondia.com\/fr\/wp-json\/wp\/v2\/pages\/633\/revisions"}],"predecessor-version":[{"id":5926,"href":"https:\/\/www.profondia.com\/fr\/wp-json\/wp\/v2\/pages\/633\/revisions\/5926"}],"up":[{"embeddable":true,"href":"https:\/\/www.profondia.com\/fr\/wp-json\/wp\/v2\/pages\/631"}],"wp:attachment":[{"href":"https:\/\/www.profondia.com\/fr\/wp-json\/wp\/v2\/media?parent=633"}],"curies":[{"name":"wp","href":"https:\/\/api.w.org\/{rel}","templated":true}]}}