{"id":1339,"date":"2022-01-11T06:01:26","date_gmt":"2022-01-11T06:01:26","guid":{"rendered":"http:\/\/profondia.ch\/base-de-donnees-tic\/crm-integration\/"},"modified":"2022-02-16T16:52:55","modified_gmt":"2022-02-16T15:52:55","slug":"integration-crm","status":"publish","type":"page","link":"https:\/\/www.profondia.com\/fr\/base-de-donnees-tic\/integration-crm\/","title":{"rendered":"Un r\u00eave se r\u00e9alise: des donn\u00e9es actuelles dans le syst\u00e8me CRM!"},"content":{"rendered":"<div id=\"pl-1339\"  class=\"panel-layout\" ><div id=\"pg-1339-0\"  class=\"panel-grid panel-no-style\" ><div id=\"pgc-1339-0-0\"  class=\"panel-grid-cell\" ><div id=\"panel-1339-0-0-0\" class=\"so-panel widget widget_sow-editor panel-first-child panel-last-child\" data-index=\"0\" ><div\n\t\t\t\n\t\t\tclass=\"so-widget-sow-editor so-widget-sow-editor-base\"\n\t\t\t\n\t\t>\n<div class=\"siteorigin-widget-tinymce textwidget\">\n\t<p class=\"lead\">Un syst\u00e8me CRM n\u2019est utile qu\u2019avec des donn\u00e9es actuelles. Sans quoi le budget marketing est tout bonnement gaspill\u00e9, puisque vous vous adressez \u00e0 des entreprises qui n\u2019existent pas ou utilisez des adresses\/interlocuteurs obsol\u00e8tes. Tout cela est maintenant r\u00e9volu!<\/p>\n<p>Connectez nos donn\u00e9es d\u2019adresses et de contacts avec votre syst\u00e8me CRM et travaillez d\u00e8s lors automatiquement et de mani\u00e8re int\u00e9gr\u00e9e avec des informations clients actuelles. Nous actualisons en permanence les donn\u00e9es sur plus de 13\u2019700 entreprises et 76\u2019500 d\u00e9cideurs et collectons de nombreuses informations sur les clients informatique. Il est ainsi plus facile d\u2019aborder \u00e0 tout moment le bon client avec un v\u00e9ritable potentiel de commandes.<\/p>\n<h4>BON \u00c0 SAVOIR<\/h4>\n<p>Nous vous apportons l\u2019exp\u00e9rience n\u00e9cessaire pour connecter votre syst\u00e8me CRM \u00e0 notre base de donn\u00e9es d\u2019adresses Userbase. Apr\u00e8s l\u2019installation, l\u2019int\u00e9gration CRM fonctionne de mani\u00e8re quasi automatique.<\/p>\n<\/div>\n<\/div><\/div><\/div><\/div><\/div>","protected":false},"excerpt":{"rendered":"<p>Un syst\u00e8me CRM n\u2019est utile qu\u2019avec des donn\u00e9es actuelles. Sans quoi le budget marketing est tout bonnement gaspill\u00e9, puisque vous vous adressez \u00e0 des entreprises qui n\u2019existent pas ou utilisez des adresses\/interlocuteurs obsol\u00e8tes. Tout cela est maintenant r\u00e9volu! Connectez nos donn\u00e9es d\u2019adresses et de contacts avec votre syst\u00e8me CRM et travaillez d\u00e8s lors automatiquement et &hellip; <a href=\"https:\/\/www.profondia.com\/fr\/base-de-donnees-tic\/integration-crm\/\" class=\"more-link\">Continue reading<span class=\"screen-reader-text\"> \u00ab\u00a0Un r\u00eave se r\u00e9alise: des donn\u00e9es actuelles dans le syst\u00e8me CRM!\u00a0\u00bb<\/span><\/a><\/p>\n","protected":false},"author":1,"featured_media":0,"parent":648,"menu_order":0,"comment_status":"closed","ping_status":"closed","template":"","meta":{"_seopress_robots_primary_cat":"","_seopress_titles_title":"Int\u00e9gration CRM - Profondia AG","_seopress_titles_desc":"Nous vous apportons l\u2019exp\u00e9rience n\u00e9cessaire pour connecter votre syst\u00e8me CRM \u00e0 notre base de donn\u00e9es d\u2019adresses Userbase. ","_seopress_robots_index":"","_kiway_template_id":"","_kiway_page_mode":"","_kiway_site_id":"","_kiway_nav_order":0,"_kiway_nav_parent":"","_kiway_is_front_page":""},"acf":[],"_links":{"self":[{"href":"https:\/\/www.profondia.com\/fr\/wp-json\/wp\/v2\/pages\/1339"}],"collection":[{"href":"https:\/\/www.profondia.com\/fr\/wp-json\/wp\/v2\/pages"}],"about":[{"href":"https:\/\/www.profondia.com\/fr\/wp-json\/wp\/v2\/types\/page"}],"author":[{"embeddable":true,"href":"https:\/\/www.profondia.com\/fr\/wp-json\/wp\/v2\/users\/1"}],"replies":[{"embeddable":true,"href":"https:\/\/www.profondia.com\/fr\/wp-json\/wp\/v2\/comments?post=1339"}],"version-history":[{"count":5,"href":"https:\/\/www.profondia.com\/fr\/wp-json\/wp\/v2\/pages\/1339\/revisions"}],"predecessor-version":[{"id":8131,"href":"https:\/\/www.profondia.com\/fr\/wp-json\/wp\/v2\/pages\/1339\/revisions\/8131"}],"up":[{"embeddable":true,"href":"https:\/\/www.profondia.com\/fr\/wp-json\/wp\/v2\/pages\/648"}],"wp:attachment":[{"href":"https:\/\/www.profondia.com\/fr\/wp-json\/wp\/v2\/media?parent=1339"}],"curies":[{"name":"wp","href":"https:\/\/api.w.org\/{rel}","templated":true}]}}