{"id":10132,"date":"2025-04-22T09:06:27","date_gmt":"2025-04-22T08:06:27","guid":{"rendered":"https:\/\/www.profondia.com\/?page_id=10132"},"modified":"2025-04-22T09:06:30","modified_gmt":"2025-04-22T08:06:30","slug":"ip-targeting","status":"publish","type":"page","link":"https:\/\/www.profondia.com\/fr\/ip-targeting\/","title":{"rendered":"IP Targeting"},"content":{"rendered":"<div id=\"pl-10132\"  class=\"panel-layout\" ><div id=\"pg-10132-0\"  class=\"panel-grid panel-no-style\" ><div id=\"pgc-10132-0-0\"  class=\"panel-grid-cell\" ><div id=\"panel-10132-0-0-0\" class=\"so-panel widget widget_sow-editor panel-first-child panel-last-child\" data-index=\"0\" ><div\n\t\t\t\n\t\t\tclass=\"so-widget-sow-editor so-widget-sow-editor-base\"\n\t\t\t\n\t\t>\n<div class=\"siteorigin-widget-tinymce textwidget\">\n\t<p>&nbsp;<\/p>\n<h1>IP-Targeting \u2013 marketing bas\u00e9 sur les comptes pour les m\u00e9dias suisses<\/h1>\n<p>Avec IP-Targeting de Profondia, vous atteignez de mani\u00e8re cibl\u00e9e les clientes d\u2019entreprise et minimisez les pertes de diffusion. Sur la base de nos donn\u00e9es d'entreprise d\u00e9taill\u00e9es, vous pouvez vous adresser exactement aux entreprises qui ont le plus grand potentiel pour vos produits et services.<\/p>\n<p><strong>Comment cela fonctionne :<\/strong><\/p>\n<ul>\n<li>La publicit\u00e9 est diffus\u00e9e directement aupr\u00e8s des entreprises concern\u00e9es sur la base de l'adresse IP.<\/li>\n<li>Des filtres cibl\u00e9s bas\u00e9s sur l'utilisation de la technologie, le secteur ou la taille de l'entreprise sont possibles<\/li>\n<li>Reprise de contact avec les personnes int\u00e9ress\u00e9es, m\u00eame en dehors du r\u00e9seau de l'entreprise<\/li>\n<li>Suivi optionnel pour un reciblage et des actions de suivi<\/li>\n<\/ul>\n<p><strong>Vos avantages :<\/strong><\/p>\n<ul class=\"custom-list\">\n<li>Utilisation efficace du budget gr\u00e2ce \u00e0 un ciblage pr\u00e9cis<\/li>\n<li>Des points de contact r\u00e9p\u00e9t\u00e9s pour un impact durable<\/li>\n<li>Id\u00e9al pour les processus d\u00e9cisionnels B2B qui sont rarement pris spontan\u00e9ment<\/li>\n<\/ul>\n<p>Avec Profondia, vous misez sur une solution marketing de haute pr\u00e9cision, pilot\u00e9e par les donn\u00e9es, qui optimise votre port\u00e9e et fournit des succ\u00e8s mesurables.<\/p>\n<\/div>\n<\/div><\/div><\/div><\/div><\/div>","protected":false},"excerpt":{"rendered":"<p>&nbsp; IP-Targeting \u2013 marketing bas\u00e9 sur les comptes pour les m\u00e9dias suisses Avec IP-Targeting de Profondia, vous atteignez de mani\u00e8re cibl\u00e9e les clientes d\u2019entreprise et minimisez les pertes de diffusion. Sur la base de nos donn\u00e9es d&rsquo;entreprise d\u00e9taill\u00e9es, vous pouvez vous adresser exactement aux entreprises qui ont le plus grand potentiel pour vos produits et &hellip; <a href=\"https:\/\/www.profondia.com\/fr\/ip-targeting\/\" class=\"more-link\">Continue reading<span class=\"screen-reader-text\"> \u00ab\u00a0IP Targeting\u00a0\u00bb<\/span><\/a><\/p>\n","protected":false},"author":2,"featured_media":0,"parent":0,"menu_order":0,"comment_status":"closed","ping_status":"closed","template":"","meta":{"_seopress_robots_primary_cat":"","_seopress_titles_title":"","_seopress_titles_desc":"","_seopress_robots_index":"","_kiway_template_id":"","_kiway_page_mode":"","_kiway_site_id":"","_kiway_nav_order":0,"_kiway_nav_parent":"","_kiway_is_front_page":""},"acf":[],"_links":{"self":[{"href":"https:\/\/www.profondia.com\/fr\/wp-json\/wp\/v2\/pages\/10132"}],"collection":[{"href":"https:\/\/www.profondia.com\/fr\/wp-json\/wp\/v2\/pages"}],"about":[{"href":"https:\/\/www.profondia.com\/fr\/wp-json\/wp\/v2\/types\/page"}],"author":[{"embeddable":true,"href":"https:\/\/www.profondia.com\/fr\/wp-json\/wp\/v2\/users\/2"}],"replies":[{"embeddable":true,"href":"https:\/\/www.profondia.com\/fr\/wp-json\/wp\/v2\/comments?post=10132"}],"version-history":[{"count":2,"href":"https:\/\/www.profondia.com\/fr\/wp-json\/wp\/v2\/pages\/10132\/revisions"}],"predecessor-version":[{"id":10136,"href":"https:\/\/www.profondia.com\/fr\/wp-json\/wp\/v2\/pages\/10132\/revisions\/10136"}],"wp:attachment":[{"href":"https:\/\/www.profondia.com\/fr\/wp-json\/wp\/v2\/media?parent=10132"}],"curies":[{"name":"wp","href":"https:\/\/api.w.org\/{rel}","templated":true}]}}