{"id":10126,"date":"2025-04-22T09:00:49","date_gmt":"2025-04-22T08:00:49","guid":{"rendered":"https:\/\/www.profondia.com\/?page_id=10126"},"modified":"2025-04-22T09:00:53","modified_gmt":"2025-04-22T08:00:53","slug":"interactive-paper","status":"publish","type":"page","link":"https:\/\/www.profondia.com\/fr\/interactive-paper\/","title":{"rendered":"Interactive Paper"},"content":{"rendered":"<div id=\"pl-10126\"  class=\"panel-layout\" ><div id=\"pg-10126-0\"  class=\"panel-grid panel-no-style\" ><div id=\"pgc-10126-0-0\"  class=\"panel-grid-cell\" ><div id=\"panel-10126-0-0-0\" class=\"so-panel widget widget_sow-editor panel-first-child panel-last-child\" data-index=\"0\" ><div\n\t\t\t\n\t\t\tclass=\"so-widget-sow-editor so-widget-sow-editor-base\"\n\t\t\t\n\t\t>\n<div class=\"siteorigin-widget-tinymce textwidget\">\n\t<h1>Interactive Paper - La symbiose parfaite entre le marketing classique et num\u00e9rique<\/h1>\n<p class=\"lead\">La combinaison d\u2019un imprim\u00e9 de haute qualit\u00e9 et de l'interactivit\u00e9 num\u00e9rique constitue une exp\u00e9rience de marque unique et durable. Interactive Paper combine le publipostage postal avec une technologie innovante qui transmet votre message d'une mani\u00e8re qui captive et engage activement votre groupe cible. L'effet \u00ab wow \u00bb est garanti !<\/p>\n<\/div>\n<\/div><\/div><\/div><\/div><div id=\"pg-10126-1\"  class=\"panel-grid panel-no-style\" ><div id=\"pgc-10126-1-0\"  class=\"panel-grid-cell\" ><div id=\"panel-10126-1-0-0\" class=\"so-panel widget widget_media_image panel-first-child panel-last-child\" data-index=\"1\" ><img width=\"100\" height=\"100\" src=\"https:\/\/www.profondia.com\/wp-content\/uploads\/2025\/04\/ip_1-150x150.png\" class=\"image wp-image-10009  attachment-100x100 size-100x100\" alt=\"Zusammenarbeit Interactive Paper &amp; Profondia\" loading=\"lazy\" style=\"max-width: 100%; height: auto;\" srcset=\"https:\/\/www.profondia.com\/wp-content\/uploads\/2025\/04\/ip_1-150x150.png 150w, https:\/\/www.profondia.com\/wp-content\/uploads\/2025\/04\/ip_1.png 210w\" sizes=\"(max-width: 100px) 85vw, 100px\" \/><\/div><\/div><div id=\"pgc-10126-1-1\"  class=\"panel-grid-cell\" ><div id=\"panel-10126-1-1-0\" class=\"so-panel widget widget_sow-editor panel-first-child panel-last-child\" data-index=\"2\" ><div class=\"panel-widget-style panel-widget-style-for-10126-1-1-0\" ><div\n\t\t\t\n\t\t\tclass=\"so-widget-sow-editor so-widget-sow-editor-base\"\n\t\t\t\n\t\t>\n<div class=\"siteorigin-widget-tinymce textwidget\">\n\t<p class=\"lead\"><strong>Collaboration interactive Paper & Profondia<\/strong><\/p>\n<p class=\"lead\">Symbiose interactive du marketing num\u00e9rique et physique avec un effet \u00ab wow \u00bb !<\/p>\n<\/div>\n<\/div><\/div><\/div><\/div><\/div><div id=\"pg-10126-2\"  class=\"panel-grid panel-no-style\" ><div id=\"pgc-10126-2-0\"  class=\"panel-grid-cell\" ><div id=\"panel-10126-2-0-0\" class=\"so-panel widget widget_media_image panel-first-child panel-last-child\" data-index=\"3\" ><img width=\"100\" height=\"100\" src=\"https:\/\/www.profondia.com\/wp-content\/uploads\/2025\/04\/ip2-150x150.png\" class=\"image wp-image-10024  attachment-100x100 size-100x100\" alt=\"Profondia\" loading=\"lazy\" style=\"max-width: 100%; height: auto;\" srcset=\"https:\/\/www.profondia.com\/wp-content\/uploads\/2025\/04\/ip2-150x150.png 150w, https:\/\/www.profondia.com\/wp-content\/uploads\/2025\/04\/ip2.png 211w\" sizes=\"(max-width: 100px) 85vw, 100px\" \/><\/div><\/div><div id=\"pgc-10126-2-1\"  class=\"panel-grid-cell\" ><div id=\"panel-10126-2-1-0\" class=\"so-panel widget widget_sow-editor panel-first-child panel-last-child\" data-index=\"4\" ><div\n\t\t\t\n\t\t\tclass=\"so-widget-sow-editor so-widget-sow-editor-base\"\n\t\t\t\n\t\t>\n<div class=\"siteorigin-widget-tinymce textwidget\">\n\t<p class=\"lead\"><strong>Profondia<\/strong><\/p>\n<p class=\"lead\">Des donn\u00e9es de haute qualit\u00e9 pour que votre message parvienne aux d\u00e9cideurs d\u00e9cisifs des entreprises pertinentes.<\/p>\n<\/div>\n<\/div><\/div><\/div><\/div><div id=\"pg-10126-3\"  class=\"panel-grid panel-no-style\" ><div id=\"pgc-10126-3-0\"  class=\"panel-grid-cell\" ><div id=\"panel-10126-3-0-0\" class=\"so-panel widget widget_media_image panel-first-child panel-last-child\" data-index=\"5\" ><img width=\"100\" height=\"100\" src=\"https:\/\/www.profondia.com\/wp-content\/uploads\/2025\/04\/ip3-150x150.png\" class=\"image wp-image-10021  attachment-100x100 size-100x100\" alt=\"Interactive Paper\" loading=\"lazy\" style=\"max-width: 100%; height: auto;\" srcset=\"https:\/\/www.profondia.com\/wp-content\/uploads\/2025\/04\/ip3-150x150.png 150w, https:\/\/www.profondia.com\/wp-content\/uploads\/2025\/04\/ip3.png 211w\" sizes=\"(max-width: 100px) 85vw, 100px\" \/><\/div><\/div><div id=\"pgc-10126-3-1\"  class=\"panel-grid-cell\" ><div id=\"panel-10126-3-1-0\" class=\"so-panel widget widget_sow-editor panel-first-child panel-last-child\" data-index=\"6\" ><div\n\t\t\t\n\t\t\tclass=\"so-widget-sow-editor so-widget-sow-editor-base\"\n\t\t\t\n\t\t>\n<div class=\"siteorigin-widget-tinymce textwidget\">\n\t<p class=\"lead\"><strong>Interactive Paper<\/strong><\/p>\n<p class=\"lead\">Communiquez des messages exigeants avec un impact maximal gr\u00e2ce au mailing 2.0.<\/p>\n<\/div>\n<\/div><\/div><\/div><\/div><div id=\"pg-10126-4\"  class=\"panel-grid panel-no-style\" ><div id=\"pgc-10126-4-0\"  class=\"panel-grid-cell\" ><div id=\"panel-10126-4-0-0\" class=\"so-panel widget widget_sow-editor panel-first-child panel-last-child\" data-index=\"7\" ><div\n\t\t\t\n\t\t\tclass=\"so-widget-sow-editor so-widget-sow-editor-base\"\n\t\t\t\n\t\t>\n<div class=\"siteorigin-widget-tinymce textwidget\">\n\t<p>&nbsp;<\/p>\n<p class=\"lead\"><strong>Augmentez votre port\u00e9e, fascinez votre groupe cible et d\u00e9marquez-vous de la concurrence !<\/strong><\/p>\n<p><a href=\"https:\/\/www.profondia.com\/wp-content\/uploads\/2025\/04\/ip4.jpg\"><img loading=\"lazy\" class=\"alignnone wp-image-10018\" src=\"https:\/\/www.profondia.com\/wp-content\/uploads\/2025\/04\/ip4-1024x720.jpg\" alt=\"\" width=\"325\" height=\"291\" \/><\/a><\/p>\n<p class=\"lead\"><strong>Laissez-vous s\u00e9duire - Interactive Paper rend les imprim\u00e9s interactive.<\/strong><\/p>\n<\/div>\n<\/div><\/div><\/div><\/div><\/div>","protected":false},"excerpt":{"rendered":"<p>Interactive Paper &#8211; La symbiose parfaite entre le marketing classique et num\u00e9rique La combinaison d\u2019un imprim\u00e9 de haute qualit\u00e9 et de l&rsquo;interactivit\u00e9 num\u00e9rique constitue une exp\u00e9rience de marque unique et durable. Interactive Paper combine le publipostage postal avec une technologie innovante qui transmet votre message d&rsquo;une mani\u00e8re qui captive et engage activement votre groupe cible. &hellip; <a href=\"https:\/\/www.profondia.com\/fr\/interactive-paper\/\" class=\"more-link\">Continue reading<span class=\"screen-reader-text\"> \u00ab\u00a0Interactive Paper\u00a0\u00bb<\/span><\/a><\/p>\n","protected":false},"author":2,"featured_media":0,"parent":0,"menu_order":0,"comment_status":"closed","ping_status":"closed","template":"","meta":{"_seopress_robots_primary_cat":"","_seopress_titles_title":"","_seopress_titles_desc":"","_seopress_robots_index":"","_kiway_template_id":"","_kiway_page_mode":"","_kiway_site_id":"","_kiway_nav_order":0,"_kiway_nav_parent":"","_kiway_is_front_page":""},"acf":[],"_links":{"self":[{"href":"https:\/\/www.profondia.com\/fr\/wp-json\/wp\/v2\/pages\/10126"}],"collection":[{"href":"https:\/\/www.profondia.com\/fr\/wp-json\/wp\/v2\/pages"}],"about":[{"href":"https:\/\/www.profondia.com\/fr\/wp-json\/wp\/v2\/types\/page"}],"author":[{"embeddable":true,"href":"https:\/\/www.profondia.com\/fr\/wp-json\/wp\/v2\/users\/2"}],"replies":[{"embeddable":true,"href":"https:\/\/www.profondia.com\/fr\/wp-json\/wp\/v2\/comments?post=10126"}],"version-history":[{"count":3,"href":"https:\/\/www.profondia.com\/fr\/wp-json\/wp\/v2\/pages\/10126\/revisions"}],"predecessor-version":[{"id":10131,"href":"https:\/\/www.profondia.com\/fr\/wp-json\/wp\/v2\/pages\/10126\/revisions\/10131"}],"wp:attachment":[{"href":"https:\/\/www.profondia.com\/fr\/wp-json\/wp\/v2\/media?parent=10126"}],"curies":[{"name":"wp","href":"https:\/\/api.w.org\/{rel}","templated":true}]}}