{"id":1352,"date":"2022-01-11T06:09:26","date_gmt":"2022-01-11T06:09:26","guid":{"rendered":"http:\/\/profondia.ch\/ict-database\/sic-branchencodes\/"},"modified":"2022-01-11T06:15:43","modified_gmt":"2022-01-11T06:15:43","slug":"sic-industry-codes","status":"publish","type":"page","link":"https:\/\/www.profondia.com\/en\/ict-database\/sic-industry-codes\/","title":{"rendered":"SIC industry codes"},"content":{"rendered":"<div id=\"pl-1352\"  class=\"panel-layout\" ><div id=\"pg-1352-0\"  class=\"panel-grid panel-no-style\" ><div id=\"pgc-1352-0-0\"  class=\"panel-grid-cell\" ><div id=\"panel-1352-0-0-0\" class=\"so-panel widget widget_sow-editor panel-first-child panel-last-child\" data-index=\"0\" ><div\n\t\t\t\n\t\t\tclass=\"so-widget-sow-editor so-widget-sow-editor-base\"\n\t\t\t\n\t\t>\n<div class=\"siteorigin-widget-tinymce textwidget\">\n\t<table>\n<tbody>\n<tr>\n<td><strong>ADM -Administration\/Health\/Education<\/strong><\/td>\n<\/tr>\n<tr>\n<td>43xx - Postal Services<br \/>\n805x - Nursing &amp; personal care facilities<br \/>\n806x - Hospitals<br \/>\n808x - Home health care services<br \/>\n809x - Health &amp; allied services, nec<br \/>\n80xx - Health Services<br \/>\n821x - Elementary &amp; secondary schools<br \/>\n822x - Elementary &amp; secondary schools<br \/>\n823x - Libraries<br \/>\n824x - Vocational schools<br \/>\n829x - Schools &amp; educational services, nec<br \/>\n82xx - Education Services<br \/>\n832x - Individual &amp; family services<br \/>\n833x - Job training &amp; related services<br \/>\n835x - Child day care services<br \/>\n836x - Residential care<br \/>\n839x - Social services, nec<br \/>\n83xx - Social Services<br \/>\n841x - Museums &amp; art galleries<br \/>\n842x - Botanical &amp; zoological gardens<br \/>\n84xx - Museums, Botanical, Zoological Gardens<br \/>\n8733 - Noncommercial research organization<br \/>\n911x - Executive offices<br \/>\n912x - Legislative bodies<br \/>\n913x - Executive &amp; legislative combined<br \/>\n919x - General government, nec<br \/>\n91xx - Government Bodies<br \/>\n921x - Courts<br \/>\n922x - Public order &amp; safety<br \/>\n92xx - Justice, Public Order &amp; Safety<br \/>\n93xx - Finance, Taxation &amp; Monetary Policy<br \/>\n941x - Administration of educational programs<br \/>\n943x - Administration of public health programs<br \/>\n944x - Admin of social &amp; manpower programs<br \/>\n94xx - Administration of Human Resources<br \/>\n951x - Environmental quality<br \/>\n953x - Housing &amp; urban development<br \/>\n95xx - Environmental &amp; Housing Quality<br \/>\n961x - Admin of general economic programs<br \/>\n962x - Regulation &amp; admin of transportation<br \/>\n963x - Regulation &amp; admin of utilities<br \/>\n964x - Regulation of agricultural marketing<br \/>\n965x - Regulation of misc commercial sectors<br \/>\n966x - Space research &amp; technology<br \/>\n96xx - Administration of Economic Programs<br \/>\n971x - National security<br \/>\n972x - International affairs<br \/>\n97xx - National Security&amp; International Affairs<\/td>\n<\/tr>\n<tr>\n<td><\/td>\n<\/tr>\n<tr>\n<td><strong>ALI - Agriculture\/Beverages<\/strong><\/td>\n<\/tr>\n<tr>\n<td>011x - Cash grains<br \/>\n013x - Field crops, except cash grains<br \/>\n016x - Vegetables &amp; melons<br \/>\n017x - Fruits &amp; tree nuts<br \/>\n018x - Horticultural specialities<br \/>\n019x - General farms, primarily crop<br \/>\n01xx - Agricultural Production - Crops<br \/>\n021x - Livestock except dairy &amp; poultry<br \/>\n024x - Dairy farms<br \/>\n025x - Poultry &amp; eggs<br \/>\n027x - Animal specialities<br \/>\n02xx - Agricultural Production - Livestock<br \/>\n072x - Crop services<br \/>\n074x - Veterinary services<br \/>\n075x - Animal services, except veterinary<br \/>\n076x - Farm labor &amp; management services<br \/>\n078x - Landscape &amp; horticultural services<br \/>\n07xx - Agricultural Services<br \/>\n08xx - Forestry<br \/>\n091x - Commercial fishing<br \/>\n092x - Fish hatcheries &amp; preserves<br \/>\n097x - Hunting &amp; game propagation<br \/>\n09xx - Fishing &amp; Hunting<br \/>\n201x - Meat products<br \/>\n202x - Dairy products<br \/>\n203x - Preserved fruits &amp; vegetables<br \/>\n204x - Grain mill products<br \/>\n205x - Bakery products<br \/>\n206x - Sugar &amp; confectionery products<br \/>\n207x - Fats &amp; oils<br \/>\n208x - Beverages<br \/>\n209x - Miscellaneous food &amp; kindred products<br \/>\n20xx - Food &amp; Kindred Products<br \/>\n211x - Cigarettes<br \/>\n212x - Cigars<br \/>\n21xx - Tobacco Products<\/td>\n<\/tr>\n<tr>\n<td><\/td>\n<\/tr>\n<tr>\n<td><strong>ASS -\u00a0<\/strong><strong>Insurance<\/strong><\/td>\n<\/tr>\n<tr>\n<td>631x - Life insurance<br \/>\n632x - Medical svcs&amp; health&amp; accident insurance<br \/>\n633x - Fire, marine, &amp; other insurance<br \/>\n635x - Surety insurance<br \/>\n637x - Pension, health &amp; welfare funds<br \/>\n639x - Insurance carriers, nec<br \/>\n63xx - Insurance Carriers<br \/>\n64xx - Insurance Agents, Brokers &amp; Service<\/td>\n<\/tr>\n<tr>\n<td><\/td>\n<\/tr>\n<tr>\n<td><strong>AUT - Automotiv\/Aviation\/Train<\/strong><\/td>\n<\/tr>\n<tr>\n<td>371x - Motor vehicles &amp; equipment<br \/>\n372x - Aircraft &amp; parts<br \/>\n373x - Ship &amp; boat building &amp; repairing<br \/>\n374x - Railroad equipment<br \/>\n375x - Motorcycles, bicycles &amp; parts<br \/>\n376x - Guided missiles &amp; space vehicles, parts<br \/>\n379x - Misc transportation equipment<br \/>\n37xx - Transportation Equipment<\/td>\n<\/tr>\n<tr>\n<td><\/td>\n<\/tr>\n<tr>\n<td><strong>BAN - Banks\/Savings Banks<\/strong><\/td>\n<\/tr>\n<tr>\n<td>601x - Central reserve depositories<br \/>\n602x - Commercial banks<br \/>\n603x - Savings institutions<br \/>\n606x - Credit Instutions<br \/>\n608x - Foreign bank, branches &amp; agencies<br \/>\n608x - Functions closely related to banking<br \/>\n60xx - Depository Banking Institutions<br \/>\n611x - National &amp; national sponsored credit<br \/>\n615x - Business credit institutions<br \/>\n61xx - Nondepository Credit Institutions<br \/>\n623x - Security &amp; commodity exchanges<br \/>\n6282 - Investment advice<br \/>\n62xx - Security &amp; Commodity Brokers<br \/>\n671x - Holding offices<br \/>\n672x - Investment offices<br \/>\n673x - Trusts<br \/>\n679x - Miscellaneous investing<br \/>\n67xx - Holding &amp; Other Investment Offices<\/td>\n<\/tr>\n<tr>\n<td><\/td>\n<\/tr>\n<tr>\n<td><strong>BOI - Wood\/Paper<\/strong><\/td>\n<\/tr>\n<tr>\n<td>242x - Sawmills &amp; planing mills<br \/>\n243x - Millwork, plywood &amp; structural members<br \/>\n244x - Wood containers<br \/>\n245x - Wood buildings &amp; mobile homes<br \/>\n249x - Misc wood products<br \/>\n24xx - Lumber &amp; Wood Products<br \/>\n251x - Household furniture<br \/>\n252x - Office furniture<br \/>\n253x - Public building &amp; related furniture<br \/>\n254x - Partitions &amp; fixtures<br \/>\n259x - Miscellaneous furniture &amp; fixtures<br \/>\n25xx - Furniture &amp; Fixtures<br \/>\n261x - Pulp mills<br \/>\n262x - Paper mills<br \/>\n263x - Paperboard mills<br \/>\n265x - Paperboard containers &amp; boxes<br \/>\n267x - Miscellaneous converted paper products<br \/>\n26xx - Paper &amp; Allied Products<\/td>\n<\/tr>\n<tr>\n<td><\/td>\n<\/tr>\n<tr>\n<td><strong>BTP - Construction<\/strong><\/td>\n<\/tr>\n<tr>\n<td>15xx - General Building Contractors<br \/>\n16xx - Heavy Construction Except Building<br \/>\n171x - Plumbing, heating, air conditioning<br \/>\n172x - Painting &amp; paper hanging<br \/>\n173x - Electrical work<br \/>\n174x - Masonry, stonework &amp; plastering<br \/>\n175x - Carpentry &amp; floor work<br \/>\n176x - Roofing, siding, &amp; sheet metal work<br \/>\n177x - Concrete work<br \/>\n178x - Water well drilling<br \/>\n179x - Misc special trade contractors<br \/>\n17xx - Special Trade Contractors<br \/>\n324x - Cement<br \/>\n325x - Structural clay products<br \/>\n327x - Concrete, gypsum &amp; plaster products<br \/>\n328x - Cut stone &amp; stone products<br \/>\n32xx - Cement, Stone, Clay Products<br \/>\n65xx - Real Estate<\/td>\n<\/tr>\n<tr>\n<td><\/td>\n<\/tr>\n<tr>\n<td><strong>CHI - Chemicals<\/strong><\/td>\n<\/tr>\n<tr>\n<td>281x - Industrial inorganic chemicals<br \/>\n282x - Plastics materials &amp; synthetics<br \/>\n283x - Drugs<br \/>\n284x - Soap, cleaners &amp; toilet goods<br \/>\n285x - Paint &amp; allied products<br \/>\n286x - Industrial organic chemicals<br \/>\n287x - Agricultural chemicals<br \/>\n289x - Miscellaneous chemical products<br \/>\n28xx - Chemicals &amp; Allied Products<br \/>\n301x - Tires &amp; inner tubes<br \/>\n302x - Rubber &amp; plastics footwear<br \/>\n305x - Hose, belting, gaskets &amp; packing<br \/>\n306x - Fabricated rubber products, nec<br \/>\n308x - Miscellaneous plastics products, nec<br \/>\n30xx - Rubber &amp; Miscellaneous Plastics Products<br \/>\n321x - Flat glass<br \/>\n322x - Glass &amp; glassware, pressed or blown<br \/>\n326x - Pottery &amp; related products<br \/>\n329x - Misc nonmetallic mineral products<br \/>\n32xx - Glass Products<\/td>\n<\/tr>\n<tr>\n<td><\/td>\n<\/tr>\n<tr>\n<td><strong>DIS - Wholesale\/Retail<\/strong><\/td>\n<\/tr>\n<tr>\n<td>501x - Motor vehicles, parts &amp; supplies<br \/>\n502x - Furniture &amp; homefurnishings<br \/>\n503x - Lumber &amp; construction materials<br \/>\n504x - Professional &amp; commercial equipment<br \/>\n505x - Metals &amp; minerals, except petroleum<br \/>\n506x - Electrical goods<br \/>\n507x - Hardware, plumbing &amp; heating equip<br \/>\n508x - Machinery, equipment &amp; supplies<br \/>\n509x - Miscellaneous durable goods<br \/>\n50xx - Wholesale Trade Durable Goods<br \/>\n511x - Paper &amp; paper products<br \/>\n512x - Drugs, proprietaries &amp; sundries<br \/>\n513x - Apparel, piece goods &amp; notions<br \/>\n514x - Grocery &amp; related products<br \/>\n515x - Farm products raw materials<br \/>\n516x - Chemicals &amp; allied products<br \/>\n517x - Petroleum &amp; petroleum products<br \/>\n518x - Beer, wine &amp; distilled beverages<br \/>\n519x - Misc nondurable goods<br \/>\n51xx - Wholesale Trade Nondurable Goods<br \/>\n521x - Lumber &amp; other building materials<br \/>\n523x - Paint, glass &amp; wallpaper stores<br \/>\n525x - Hardware stores<br \/>\n526x - Retail nurseries &amp; garden stores<br \/>\n527x - Mobile home dealers<br \/>\n52xx - Building Material,Garden Supply&amp;Hardware<br \/>\n531x - Department stores<br \/>\n533x - Variety stores<br \/>\n539x - Miscellaneous general merchandise stores<br \/>\n53xx - General Merchandise Stores<br \/>\n541x - Grocery stores &amp; Supermarkets<br \/>\n542x - Meat &amp; fish markets<br \/>\n543x - Fruit &amp; vegetable markets<br \/>\n544x - Candy, nut &amp; confectionery stores<br \/>\n545x - Dairy products stores<br \/>\n546x - Retail bakeries<br \/>\n549x - Miscellaneous food stores<br \/>\n54xx - Food Stores &amp; Supermarkets<br \/>\n551x - New &amp; used car dealers<br \/>\n552x - Used car dealers<br \/>\n553x - Auto &amp; home supply stores<br \/>\n554x - Gasoline service stations<br \/>\n555x - Boat dealers<br \/>\n556x - Recreation vehicles<br \/>\n557x - Motorcycle dealers<br \/>\n559x - Automotive dealers, nec<br \/>\n55xx - Auto Dealers &amp; Service Stations<br \/>\n565x - Family clothing stores<br \/>\n566x - Shoe stores<br \/>\n569x - Miscellaneous apparel &amp; accessory stores<br \/>\n56xx - Apparel &amp; Accessory Stores<br \/>\n571x - Furniture &amp; homefurnishings stores<br \/>\n572x - Household appliance stores<br \/>\n573x - Radio, Television, Music&amp;Computer stores<br \/>\n57xx - Furniture &amp; Homefurnishings Stores<br \/>\n591x - Drug stores &amp; proprietary stores<br \/>\n592x - Liquor stores<br \/>\n593x - Used merchandise stores<br \/>\n594x - Miscellaneous shopping goods stores<br \/>\n596x - Nonstore retailers<br \/>\n598x - Fuel dealers<br \/>\n599x - Retail stores, nec<br \/>\n59xx - Miscellaneous Retail<\/td>\n<\/tr>\n<tr>\n<td><\/td>\n<\/tr>\n<tr>\n<td><strong>DIV - Various<\/strong><\/td>\n<\/tr>\n<tr>\n<td>391x - Jewelry, silverware &amp; plated ware<br \/>\n393x - Musical instruments<br \/>\n394x - Toys &amp; sporting goods<br \/>\n395x - Pens, pencils, office &amp; art supplies<br \/>\n396x - Costume jewelry, not precious metal<br \/>\n399x - Miscellaneous manufacturers<br \/>\n39xx - Miscellaneous Manufacturing Industries<\/td>\n<\/tr>\n<tr>\n<td><\/td>\n<\/tr>\n<tr>\n<td><strong>EDI - Printing\/Publishing<\/strong><\/td>\n<\/tr>\n<tr>\n<td>271x - Newspapers<br \/>\n272x - Periodicals<br \/>\n273x - Books<br \/>\n274x - Miscellaneous publishing<br \/>\n275x - Commercial printing<br \/>\n276x - Manifold business forms<br \/>\n277x - Greeting cards<br \/>\n278x - Blankbooks &amp; bookbinding<br \/>\n279x - Printing trade services<br \/>\n27xx - Printing &amp; Publishing<\/td>\n<\/tr>\n<tr>\n<td><\/td>\n<\/tr>\n<tr>\n<td><strong>ELE - Electrical Machines<\/strong><\/td>\n<\/tr>\n<tr>\n<td>361x - Electrical transmissn&amp;distribution equip<br \/>\n362x - Electrical industrial apparatus<br \/>\n363x - Home appliances<br \/>\n364x - Electrical lighting &amp; wiring equipment<br \/>\n365x - Household audio &amp; video equipment<br \/>\n366x - Communications equipment<br \/>\n367x - Electrical components &amp; accessories<br \/>\n369x - Misc electrical equipment &amp; supplies<br \/>\n36xx - Electronic &amp; Other Electric Equipment<\/td>\n<\/tr>\n<tr>\n<td><\/td>\n<\/tr>\n<tr>\n<td><strong>INF - Computing<\/strong><\/td>\n<\/tr>\n<tr>\n<td>357x - Computers Producers<br \/>\n481x - Telephone-Communication<br \/>\n504x - Resellers<br \/>\n7374 - Data Processing<br \/>\n7376 - ASP Applications Services Provider<br \/>\n7379 - ISP Internet Services Provider<br \/>\n737x - IT-Services<\/td>\n<\/tr>\n<tr>\n<td><\/td>\n<\/tr>\n<tr>\n<td><strong>MEC - Measurement, Analysis, Control<\/strong><\/td>\n<\/tr>\n<tr>\n<td>351x - Engines &amp; turbines<br \/>\n352x - Farm &amp; garden machinery &amp; equipment<br \/>\n353x - Construction, mining &amp;materials handling<br \/>\n354x - Metalworking machinery &amp; equipment<br \/>\n355x - Special industrial machinery &amp; equipment<br \/>\n356x - General industrial machinery &amp; equipment<br \/>\n357x - Office equipment<br \/>\n358x - Refrigeration&amp;service industry machinery<br \/>\n359x - Industrial machinery, nec<br \/>\n35xx - Industrial Machinery &amp; Equipment<br \/>\n381x - Search &amp; navigation equipment<br \/>\n382x - Measuring &amp; controlling devices<br \/>\n384x - Medical instruments &amp; supplies<br \/>\n385x - Ophthalmic goods<br \/>\n386x - Photographic equipment &amp; supplies<br \/>\n387c - Watches, clocks, watchcases &amp; parts<br \/>\n38xx - Measureing instruments &amp;related products<\/td>\n<\/tr>\n<tr>\n<td><\/td>\n<\/tr>\n<tr>\n<td><strong>MET - Minerals\/Mining<\/strong><\/td>\n<\/tr>\n<tr>\n<td>108x - Metal mining services<br \/>\n109x - Miscellaneous metal ores<br \/>\n10xx - Metal Mining<br \/>\n12xx - Coal Mining<br \/>\n141x - Dimension stone<br \/>\n142x - Crushed &amp; broken stone<br \/>\n144x - Sand &amp; gravel<br \/>\n148x - Nonmetallic minerals services<br \/>\n149x- Misc nonmetallic minerals<br \/>\n14xx - Nonmetallic Minerals Except Fuels<\/td>\n<\/tr>\n<tr>\n<td><\/td>\n<\/tr>\n<tr>\n<td><strong>PET - Oil\/Gas<\/strong><\/td>\n<\/tr>\n<tr>\n<td>13xx - Oil &amp; gas extraction<br \/>\n291x - Petroleum refining<br \/>\n295x - Asphalt paving &amp; roofing materials<br \/>\n299x - Miscellaneous petroleum &amp; coal products<br \/>\n29xx - Petroleum &amp; Coal Products<br \/>\n491x - Electric services<br \/>\n492x - Gas production &amp; distribution<br \/>\n493x - Combination utility services<br \/>\n494x - Water supply<br \/>\n495x - Sanitary services<br \/>\n496x - Steam &amp; air conditioning supply<br \/>\n497x - Irrigation systems<br \/>\n49xx - Electric, Gas &amp; Waste Services<\/td>\n<\/tr>\n<tr>\n<td><\/td>\n<\/tr>\n<tr>\n<td><strong>SER - Services<\/strong><\/td>\n<\/tr>\n<tr>\n<td>482x - Telegraph &amp; other communications<br \/>\n483x - Radio &amp; television broadcasting<br \/>\n484x - Cable &amp; other pay television services<br \/>\n48xx - Communications<br \/>\n58xx - Eating &amp; Drinking Places<br \/>\n6091 - Nondeposit trust facilities<br \/>\n6211 - Security brokers &amp; dealers<br \/>\n6221 - Commodity contracts brokers, dealers<br \/>\n6289 - Security &amp; commodity services, nec<br \/>\n62xx - Security &amp; Commodity Brokers<br \/>\n6794 - Patent owners &amp; lessors<br \/>\n701x - Hotels &amp; motels<br \/>\n702x - Rooming &amp; boarding houses<br \/>\n703x - Camps &amp; recreational vehicle parks<br \/>\n704x - Membership-basis organization hotels<br \/>\n70xx - Hotels &amp; Other Lodging Places<br \/>\n721x - Laundry, cleaning &amp; garment services<br \/>\n726x - Funeral service &amp; crematories<br \/>\n729x - Miscellaneous personal services<br \/>\n72xx - Personal Services<br \/>\n731x - Advertising<br \/>\n732x - Credit reporting &amp; collection<br \/>\n733x - Mailing, reproduction, stenographic<br \/>\n734x - Services to buildings<br \/>\n735x - Miscellaneous equipment rental &amp; leasing<br \/>\n736x - Personnel supply services<br \/>\n738x - Miscellaneous business services<br \/>\n73xx - Business Services<br \/>\n751x - Automotive rentals &amp; leasing, no drivers<br \/>\n752x - Automobile parking<br \/>\n753x - Automotive repair shops<br \/>\n754x - Automotive services, except repair<br \/>\n75xx - Auto Repair, Services &amp; Parking<br \/>\n762x - Electrical repair shops<br \/>\n763x - Watch, clock &amp; jewelry repair<br \/>\n769x - Miscellaneous repair shops<br \/>\n76xx - Miscellaneous Repair Services<br \/>\n781x - Motion picture production &amp; services<br \/>\n782x - Motion picture distribution &amp; services<br \/>\n783x - Motion picture theaters<br \/>\n78xx - Motion Pictures<br \/>\n792x - Producers, orchestras, entertainers<br \/>\n799x - Misc amusement, recreation services<br \/>\n79xx - Amusement &amp; Recreation Services<br \/>\n801x - Offices, clinics of medical doctors<br \/>\n802x - Offices &amp; clinics of dentists<br \/>\n804x - Offices of health practitioners<br \/>\n807x - Medical &amp; dental laboratories<br \/>\n80xx - Offices of medical doctors - Medical labor.<br \/>\n81xx - Legal Services<br \/>\n861x - Business associations<br \/>\n862x - Professional organizations<br \/>\n863x - Labor organizations &amp; unions<br \/>\n864x - Civic, social &amp; fraternal associations<br \/>\n865x - Political organizations<br \/>\n866x - Religious organizations<br \/>\n869x - Membership organizations, nec<br \/>\n86xx - Membership organizations<br \/>\n871x - Engineering &amp; architectural services<br \/>\n872x - Accounting, auditing &amp; bookkeeping<br \/>\n873x - Scientific research and Test<br \/>\n874x - Management &amp; public relations<br \/>\n87xx - Engineering &amp; Management Services<br \/>\n88xx - Private Households (domestic staff)<br \/>\n89xx - Services, nec<\/td>\n<\/tr>\n<tr>\n<td><\/td>\n<\/tr>\n<tr>\n<td><strong>SID - Metalogy\/Foundries<\/strong><\/td>\n<\/tr>\n<tr>\n<td>331x - Blast furnace &amp; basic steel products<br \/>\n332x - Iron &amp; steel foundries<br \/>\n333x - Primary smelting of nonferrous metals<br \/>\n335x - Nonferrous rolling &amp; drawing &amp; extrusion<br \/>\n336x - Nonferrous foundries (castings)<br \/>\n339x - Miscellaneous primary metal products<br \/>\n33xx - Primary Metal Products<br \/>\n341x - Metal cans &amp; shipping containers<br \/>\n342x - Cutlery, handtools &amp; hardware<br \/>\n343x - Plumbing &amp; heating except electric<br \/>\n344x - Fabricated structural metal products<br \/>\n345x - Screw machine products, bolts, etc<br \/>\n346x - Metal forgings &amp; stampings<br \/>\n347x - Coating, ingraving and allied services<br \/>\n348x - Arms &amp; accessories, nec<br \/>\n349x - Miscellaneous fabricated metal products<br \/>\n34xx - Fabricated Metal Products<\/td>\n<\/tr>\n<tr>\n<td><\/td>\n<\/tr>\n<tr>\n<td><strong>TEX - Textile<\/strong><\/td>\n<\/tr>\n<tr>\n<td>221x - Broadwoven fabric mills, cotton<br \/>\n222x - Broadwoven fabric mills, manmade<br \/>\n223x - Broadwoven fabric mills, wool<br \/>\n224x - Narrow fabric mills<br \/>\n225x - Knitting mills<br \/>\n226x - Textile finishing, except wool<br \/>\n227x - Carpets &amp; rugs<br \/>\n228x - Yarn &amp; thread mills<br \/>\n229x - Miscellaneous textile goods<br \/>\n22xx - Textile mill products<br \/>\n232x - Men's &amp; boys' furnishings<br \/>\n233x - Women's &amp; misses' outerwear<br \/>\n234x -Women's &amp; children's undergarments<br \/>\n236x - Girls' &amp; children's outerwear<br \/>\n237x - Fur goods<br \/>\n238x - Miscellaneous apparel &amp; accessories<br \/>\n239x - Misc fabricated textile products<br \/>\n23xx - Apparel &amp; Other Textile Products<br \/>\n311x - Leather tanning &amp; finishing<br \/>\n313x - Footwear cut stock<br \/>\n314x - Footwear, except rubber<br \/>\n315x - Leather gloves &amp; mittens<br \/>\n316x - Luggage<br \/>\n317x - Handbags &amp; personal leather goods<br \/>\n319x - Leather goods, nec<br \/>\n31xx - Leather &amp; Leather Products<\/td>\n<\/tr>\n<tr>\n<td><\/td>\n<\/tr>\n<tr>\n<td><strong>TRA - Public Transport<\/strong><\/td>\n<\/tr>\n<tr>\n<td>401x - Railroads<br \/>\n40xx - Railroad Transportation<br \/>\n411x - Local &amp; suburban transportation<br \/>\n412x - Taxicabs<br \/>\n413x - Intercity &amp; rural bus transportation<br \/>\n414x - Bus charter service<br \/>\n415x - School buses<br \/>\n417x - Bus terminal &amp; service facilities<br \/>\n41xx - Local &amp; Interurban Passenger Transit<br \/>\n421x - Trucking &amp; courier services, except air<br \/>\n422x - Public warehousing &amp; storage<br \/>\n423x - Truck terminal &amp; maintenance facilities<br \/>\n42xx - Trucking &amp; Warehousing<br \/>\n443x - Frieght transportation on lakes &amp; canals<br \/>\n444x - Transport of freight by water, nec<br \/>\n448x - Water transportation of passengers<br \/>\n449x - Water transportation services<br \/>\n44xx - Water Transportation<br \/>\n451x - Air transportatn, scheduled&amp;courier svcs<br \/>\n452x - Air transportation, nonscheduled<br \/>\n458x - Airports, flying fields, services<br \/>\n45xx - Transportation By Air<br \/>\n461x - Pipelines, except natural gas<br \/>\n46xx - Pipelines, Except Natural Gas<br \/>\n472x - Passenger transport service<br \/>\n473x - Freight transportation services<br \/>\n478x - Miscellaneous services<br \/>\n47xx - Transportation Services<\/td>\n<\/tr>\n<\/tbody>\n<\/table>\n<\/div>\n<\/div><\/div><\/div><\/div><\/div>","protected":false},"excerpt":{"rendered":"<p>ADM -Administration\/Health\/Education 43xx &#8211; Postal Services 805x &#8211; Nursing &amp; personal care facilities 806x &#8211; Hospitals 808x &#8211; Home health care services 809x &#8211; Health &amp; allied services, nec 80xx &#8211; Health Services 821x &#8211; Elementary &amp; secondary schools 822x &#8211; Elementary &amp; secondary schools 823x &#8211; Libraries 824x &#8211; Vocational schools 829x &#8211; Schools &hellip; <a href=\"https:\/\/www.profondia.com\/en\/ict-database\/sic-industry-codes\/\" class=\"more-link\">Continue reading<span class=\"screen-reader-text\"> &#8220;SIC industry codes&#8221;<\/span><\/a><\/p>\n","protected":false},"author":1,"featured_media":0,"parent":646,"menu_order":0,"comment_status":"closed","ping_status":"closed","template":"","meta":{"_seopress_robots_primary_cat":"","_seopress_titles_title":"SIC industry codes - Profondia AG","_seopress_titles_desc":"Profondia ist die Quelle f\u00fcr aktuelle Informationen \u00fcber den Einsatz von Informatik und Telekommunikation bei den 12&#039;000 gr\u00f6ssten Unternehmen in der Schweiz.","_seopress_robots_index":"","_kiway_template_id":"","_kiway_page_mode":"","_kiway_site_id":"","_kiway_nav_order":0,"_kiway_nav_parent":"","_kiway_is_front_page":""},"acf":[],"_links":{"self":[{"href":"https:\/\/www.profondia.com\/en\/wp-json\/wp\/v2\/pages\/1352"}],"collection":[{"href":"https:\/\/www.profondia.com\/en\/wp-json\/wp\/v2\/pages"}],"about":[{"href":"https:\/\/www.profondia.com\/en\/wp-json\/wp\/v2\/types\/page"}],"author":[{"embeddable":true,"href":"https:\/\/www.profondia.com\/en\/wp-json\/wp\/v2\/users\/1"}],"replies":[{"embeddable":true,"href":"https:\/\/www.profondia.com\/en\/wp-json\/wp\/v2\/comments?post=1352"}],"version-history":[{"count":4,"href":"https:\/\/www.profondia.com\/en\/wp-json\/wp\/v2\/pages\/1352\/revisions"}],"predecessor-version":[{"id":1357,"href":"https:\/\/www.profondia.com\/en\/wp-json\/wp\/v2\/pages\/1352\/revisions\/1357"}],"up":[{"embeddable":true,"href":"https:\/\/www.profondia.com\/en\/wp-json\/wp\/v2\/pages\/646"}],"wp:attachment":[{"href":"https:\/\/www.profondia.com\/en\/wp-json\/wp\/v2\/media?parent=1352"}],"curies":[{"name":"wp","href":"https:\/\/api.w.org\/{rel}","templated":true}]}}