{"id":8590,"date":"2022-08-08T09:34:02","date_gmt":"2022-08-08T08:34:02","guid":{"rendered":"https:\/\/www.profondia.com\/?page_id=8590"},"modified":"2022-08-08T10:16:03","modified_gmt":"2022-08-08T09:16:03","slug":"content-creation","status":"publish","type":"page","link":"https:\/\/www.profondia.com\/de\/content-creation\/","title":{"rendered":"Content-Creation"},"content":{"rendered":"<div id=\"pl-8590\"  class=\"panel-layout\" ><div id=\"pg-8590-0\"  class=\"panel-grid panel-no-style\" ><div id=\"pgc-8590-0-0\"  class=\"panel-grid-cell\" ><div id=\"panel-8590-0-0-0\" class=\"so-panel widget widget_sow-editor panel-first-child\" data-index=\"0\" ><div\n\t\t\t\n\t\t\tclass=\"so-widget-sow-editor so-widget-sow-editor-base\"\n\t\t\t\n\t\t>\n<div class=\"siteorigin-widget-tinymce textwidget\">\n\t<h4><strong>\u00dcBERZEUGEN SIE MIT INHALTEN<\/strong><\/h4>\n<\/div>\n<\/div><\/div><div id=\"panel-8590-0-0-1\" class=\"so-panel widget widget_media_image panel-last-child\" data-index=\"1\" ><img width=\"850\" height=\"336\" src=\"https:\/\/www.profondia.com\/wp-content\/uploads\/2022\/08\/Content-Creation-1024x405.jpg\" class=\"image wp-image-8594  attachment-850x336 size-850x336\" alt=\"Content-Creation\" loading=\"lazy\" style=\"max-width: 100%; height: auto;\" srcset=\"https:\/\/www.profondia.com\/wp-content\/uploads\/2022\/08\/Content-Creation-1024x405.jpg 1024w, https:\/\/www.profondia.com\/wp-content\/uploads\/2022\/08\/Content-Creation-300x119.jpg 300w, https:\/\/www.profondia.com\/wp-content\/uploads\/2022\/08\/Content-Creation-768x304.jpg 768w, https:\/\/www.profondia.com\/wp-content\/uploads\/2022\/08\/Content-Creation-1536x607.jpg 1536w, https:\/\/www.profondia.com\/wp-content\/uploads\/2022\/08\/Content-Creation-1200x474.jpg 1200w, https:\/\/www.profondia.com\/wp-content\/uploads\/2022\/08\/Content-Creation.jpg 1920w\" sizes=\"(max-width: 709px) 85vw, (max-width: 909px) 67vw, (max-width: 1362px) 62vw, 840px\" \/><\/div><\/div><\/div><div id=\"pg-8590-1\"  class=\"panel-grid panel-no-style\" ><div id=\"pgc-8590-1-0\"  class=\"panel-grid-cell panel-grid-cell-mobile-last\" ><div id=\"panel-8590-1-0-0\" class=\"so-panel widget widget_sow-editor panel-first-child panel-last-child\" data-index=\"2\" ><div\n\t\t\t\n\t\t\tclass=\"so-widget-sow-editor so-widget-sow-editor-base\"\n\t\t\t\n\t\t>\n<div class=\"siteorigin-widget-tinymce textwidget\">\n\t<p>Eigentlich h\u00e4tten Sie viel \u00fcber Ihre L\u00f6sungen und Ihr Unternehmen zu erz\u00e4hlen, aber Ihnen fehlen Zeit oder Ressourcen, um diese Themen in eine spannende Form zu bringen?<\/p>\n<p>Mit unserem <a href=\"https:\/\/www.profondia.com\/de\/social-media-service\/\" target=\"_blank\" rel=\"noopener\">#Social_Media_Service<\/a> erreichen Sie genau die Firmen und Entscheidungstr\u00e4ger, welche dem Profil Ihres Idealkunden entsprechen. Sie sparen damit nicht nur Geld beim Medienbudget, sondern auch Zeit, welche bei solchen Kampagnen oft f\u00fcr die Requalifikation von Leads aufgewendet werden muss.<\/p>\n<p>Damit Ihre Botschaft nicht nur ankommt, sondern auch Interesse weckt, bieten wir zwei Pakete an, um Ihre Botschaft im richtigen Licht erscheinen zu lassen.<\/p>\n<p>Ausgewiesene IT-Fachjournalisten, welche den Schweizer Markt bestens kennen, fassen Ihre Botschaft in einem eing\u00e4ngigen Text zusammen und finden die passende visuelle Darstellung.<\/p>\n<p>Was m\u00f6chten Sie kommunizieren? Wir h\u00f6ren gerne zu:<\/p>\n<p><a class=\"btn\" href=\"\/de\/kontakt\/\">Kontakt<\/a><\/p>\n<\/div>\n<\/div><\/div><\/div><div id=\"pgc-8590-1-1\"  class=\"panel-grid-cell panel-grid-cell-empty\" ><\/div><\/div><\/div>","protected":false},"excerpt":{"rendered":"<p>\u00dcBERZEUGEN SIE MIT INHALTEN Eigentlich h\u00e4tten Sie viel \u00fcber Ihre L\u00f6sungen und Ihr Unternehmen zu erz\u00e4hlen, aber Ihnen fehlen Zeit oder Ressourcen, um diese Themen in eine spannende Form zu bringen? Mit unserem #Social_Media_Service erreichen Sie genau die Firmen und Entscheidungstr\u00e4ger, welche dem Profil Ihres Idealkunden entsprechen. Sie sparen damit nicht nur Geld beim Medienbudget, &hellip; <a href=\"https:\/\/www.profondia.com\/de\/content-creation\/\" class=\"more-link\">Continue reading<span class=\"screen-reader-text\"> &#8222;Content-Creation&#8220;<\/span><\/a><\/p>\n","protected":false},"author":3,"featured_media":0,"parent":0,"menu_order":0,"comment_status":"closed","ping_status":"closed","template":"","meta":{"_seopress_robots_primary_cat":"","_seopress_titles_title":"Content-Creation - Profondia AG","_seopress_titles_desc":"Mit unserem #Social_Media_Service erreichen Sie genau die Firmen und Entscheidungstr\u00e4ger, welche dem Profil Ihres Idealkunden entsprechen.","_seopress_robots_index":"","_kiway_template_id":"","_kiway_page_mode":"","_kiway_site_id":"","_kiway_nav_order":0,"_kiway_nav_parent":"","_kiway_is_front_page":""},"acf":[],"_links":{"self":[{"href":"https:\/\/www.profondia.com\/de\/wp-json\/wp\/v2\/pages\/8590"}],"collection":[{"href":"https:\/\/www.profondia.com\/de\/wp-json\/wp\/v2\/pages"}],"about":[{"href":"https:\/\/www.profondia.com\/de\/wp-json\/wp\/v2\/types\/page"}],"author":[{"embeddable":true,"href":"https:\/\/www.profondia.com\/de\/wp-json\/wp\/v2\/users\/3"}],"replies":[{"embeddable":true,"href":"https:\/\/www.profondia.com\/de\/wp-json\/wp\/v2\/comments?post=8590"}],"version-history":[{"count":20,"href":"https:\/\/www.profondia.com\/de\/wp-json\/wp\/v2\/pages\/8590\/revisions"}],"predecessor-version":[{"id":8616,"href":"https:\/\/www.profondia.com\/de\/wp-json\/wp\/v2\/pages\/8590\/revisions\/8616"}],"wp:attachment":[{"href":"https:\/\/www.profondia.com\/de\/wp-json\/wp\/v2\/media?parent=8590"}],"curies":[{"name":"wp","href":"https:\/\/api.w.org\/{rel}","templated":true}]}}