{"id":8558,"date":"2022-08-08T09:04:29","date_gmt":"2022-08-08T08:04:29","guid":{"rendered":"https:\/\/www.profondia.com\/?page_id=8558"},"modified":"2022-08-08T10:51:41","modified_gmt":"2022-08-08T09:51:41","slug":"digitalisierungsprioritaeten","status":"publish","type":"page","link":"https:\/\/www.profondia.com\/de\/digitalisierungsprioritaeten\/","title":{"rendered":"Digitalisierungspriorit\u00e4ten"},"content":{"rendered":"<div id=\"pl-8558\"  class=\"panel-layout\" ><div id=\"pg-8558-0\"  class=\"panel-grid panel-no-style\" ><div id=\"pgc-8558-0-0\"  class=\"panel-grid-cell\" ><div id=\"panel-8558-0-0-0\" class=\"so-panel widget widget_sow-editor panel-first-child panel-last-child\" data-index=\"0\" ><div\n\t\t\t\n\t\t\tclass=\"so-widget-sow-editor so-widget-sow-editor-base\"\n\t\t\t\n\t\t>\n<div class=\"siteorigin-widget-tinymce textwidget\">\n\t<h4><strong>WO DER FOKUS DER UNTERNEHMEN LIEGT<\/strong><\/h4>\n<\/div>\n<\/div><\/div><\/div><\/div><div id=\"pg-8558-1\"  class=\"panel-grid panel-no-style\" ><div id=\"pgc-8558-1-0\"  class=\"panel-grid-cell\" ><div id=\"panel-8558-1-0-0\" class=\"so-panel widget widget_media_image panel-first-child panel-last-child\" data-index=\"1\" ><img width=\"300\" height=\"300\" src=\"https:\/\/www.profondia.com\/wp-content\/uploads\/2022\/08\/Digitalisierungsprioritaeten-300x300.jpg\" class=\"image wp-image-8561  attachment-medium size-medium\" alt=\"Digitalisierungspriorit\u00e4ten\" loading=\"lazy\" style=\"max-width: 100%; height: auto;\" srcset=\"https:\/\/www.profondia.com\/wp-content\/uploads\/2022\/08\/Digitalisierungsprioritaeten-300x300.jpg 300w, https:\/\/www.profondia.com\/wp-content\/uploads\/2022\/08\/Digitalisierungsprioritaeten-1024x1024.jpg 1024w, https:\/\/www.profondia.com\/wp-content\/uploads\/2022\/08\/Digitalisierungsprioritaeten-150x150.jpg 150w, https:\/\/www.profondia.com\/wp-content\/uploads\/2022\/08\/Digitalisierungsprioritaeten-768x768.jpg 768w, https:\/\/www.profondia.com\/wp-content\/uploads\/2022\/08\/Digitalisierungsprioritaeten-1536x1536.jpg 1536w, https:\/\/www.profondia.com\/wp-content\/uploads\/2022\/08\/Digitalisierungsprioritaeten-1200x1200.jpg 1200w, https:\/\/www.profondia.com\/wp-content\/uploads\/2022\/08\/Digitalisierungsprioritaeten.jpg 1920w\" sizes=\"(max-width: 300px) 85vw, 300px\" \/><\/div><\/div><div id=\"pgc-8558-1-1\"  class=\"panel-grid-cell\" ><div id=\"panel-8558-1-1-0\" class=\"so-panel widget widget_sow-editor panel-first-child panel-last-child\" data-index=\"2\" ><div\n\t\t\t\n\t\t\tclass=\"so-widget-sow-editor so-widget-sow-editor-base\"\n\t\t\t\n\t\t>\n<div class=\"siteorigin-widget-tinymce textwidget\">\n\t<p>Welche Gesch\u00e4ftsbereiche stehen im Fokus, wenn Unternehmen ihre Prozesse digitalisieren?<\/p>\n<p>Stehen abteilungs\u00fcbergreifende Abl\u00e4ufe im Vordergrund oder wird der Schwerpunkt auf spezifische Bereiche gelegt, wie beispielsweise das Personalwesen oder die Interaktion mit Kunden oder Lieferanten?<\/p>\n<p>Das mehr als drei Viertel der Firmen, welche Angaben zu den Digitalisierungspriorit\u00e4ten machen k\u00f6nnen, auch entsprechende Projekte planen, ist ein deutliches Zeichen daf\u00fcr, dass die Unternehmen ernsthaft dabei sind, ihre Prozesse zu \u00fcberdenken.<\/p>\n<p><a class=\"btn\" href=\"\/de\/kontakt\/\">Kontakt<\/a><\/p>\n<\/div>\n<\/div><\/div><\/div><\/div><\/div>","protected":false},"excerpt":{"rendered":"<p>WO DER FOKUS DER UNTERNEHMEN LIEGT Welche Gesch\u00e4ftsbereiche stehen im Fokus, wenn Unternehmen ihre Prozesse digitalisieren? Stehen abteilungs\u00fcbergreifende Abl\u00e4ufe im Vordergrund oder wird der Schwerpunkt auf spezifische Bereiche gelegt, wie beispielsweise das Personalwesen oder die Interaktion mit Kunden oder Lieferanten? Das mehr als drei Viertel der Firmen, welche Angaben zu den Digitalisierungspriorit\u00e4ten machen k\u00f6nnen, auch &hellip; <a href=\"https:\/\/www.profondia.com\/de\/digitalisierungsprioritaeten\/\" class=\"more-link\">Continue reading<span class=\"screen-reader-text\"> &#8222;Digitalisierungspriorit\u00e4ten&#8220;<\/span><\/a><\/p>\n","protected":false},"author":3,"featured_media":0,"parent":0,"menu_order":0,"comment_status":"closed","ping_status":"closed","template":"","meta":{"_seopress_robots_primary_cat":"","_seopress_titles_title":"Digitalisierungspriorit\u00e4ten","_seopress_titles_desc":"Welche Gesch\u00e4ftsbereiche stehen im Fokus, wenn Unternehmen ihre Prozesse digitalisieren? \r\n","_seopress_robots_index":"","_kiway_template_id":"","_kiway_page_mode":"","_kiway_site_id":"","_kiway_nav_order":0,"_kiway_nav_parent":"","_kiway_is_front_page":""},"acf":[],"_links":{"self":[{"href":"https:\/\/www.profondia.com\/de\/wp-json\/wp\/v2\/pages\/8558"}],"collection":[{"href":"https:\/\/www.profondia.com\/de\/wp-json\/wp\/v2\/pages"}],"about":[{"href":"https:\/\/www.profondia.com\/de\/wp-json\/wp\/v2\/types\/page"}],"author":[{"embeddable":true,"href":"https:\/\/www.profondia.com\/de\/wp-json\/wp\/v2\/users\/3"}],"replies":[{"embeddable":true,"href":"https:\/\/www.profondia.com\/de\/wp-json\/wp\/v2\/comments?post=8558"}],"version-history":[{"count":27,"href":"https:\/\/www.profondia.com\/de\/wp-json\/wp\/v2\/pages\/8558\/revisions"}],"predecessor-version":[{"id":8580,"href":"https:\/\/www.profondia.com\/de\/wp-json\/wp\/v2\/pages\/8558\/revisions\/8580"}],"wp:attachment":[{"href":"https:\/\/www.profondia.com\/de\/wp-json\/wp\/v2\/media?parent=8558"}],"curies":[{"name":"wp","href":"https:\/\/api.w.org\/{rel}","templated":true}]}}