{"id":82,"date":"2021-12-16T12:40:08","date_gmt":"2021-12-16T12:40:08","guid":{"rendered":"http:\/\/profondia.ch\/?page_id=82"},"modified":"2021-12-20T05:25:09","modified_gmt":"2021-12-20T05:25:09","slug":"impressum","status":"publish","type":"page","link":"https:\/\/www.profondia.com\/de\/impressum\/","title":{"rendered":"Impressum"},"content":{"rendered":"<div id=\"pl-82\"  class=\"panel-layout\" ><div id=\"pg-82-0\"  class=\"panel-grid panel-no-style\" ><div id=\"pgc-82-0-0\"  class=\"panel-grid-cell\" ><div id=\"panel-82-0-0-0\" class=\"so-panel widget widget_sow-editor panel-first-child panel-last-child\" data-index=\"0\" ><div\n\t\t\t\n\t\t\tclass=\"so-widget-sow-editor so-widget-sow-editor-base\"\n\t\t\t\n\t\t>\n<div class=\"siteorigin-widget-tinymce textwidget\">\n\t<h1 class=\"pageTitle\">Impressum<\/h1>\n<p>Diese Website wird von Profondia AG betrieben.<\/p>\n<p>Profondia AG<br \/>Bernstrasse 55<br \/>CH-8952 Schlieren<\/p>\n<p>Internet: <a href=\"https:\/\/www.profondia.com\" target=\"_blank\" rel=\"noopener\">https:\/\/www.profondia.com<\/a><\/p>\n<p>Technische Ausk\u00fcnfte \/ Verantwortlich f\u00fcr den Betrieb der Website:<br \/>Kontaktieren Sie <a href=\"https:\/\/www.nextron.ch\" target=\"_blank\" rel=\"noopener\">nextron internet team GmbH<\/a> \/ Telefon: 061 695 92 20<\/p>\n<p>Gesch\u00e4ftsf\u00fchrer und Inhaber:<br \/>Martin Maurer<\/p>\n<p>Registergericht: Handelsgericht Z\u00fcrich<br \/>Umsatzsteuer-Identifikationsnummer \/ UID: CHE-106.049.904<\/p>\n<p>Inhaltlich Verantwortlich:<br \/>Martin Maurer<\/p>\n<p>Haftungshinweis:<br \/>Trotz sorgf\u00e4ltiger inhaltlicher Kontrolle \u00fcbernehmen wir keine Haftung f\u00fcr den Inhalt externer Links.<\/p>\n<\/div>\n<\/div><\/div><\/div><\/div><\/div>","protected":false},"excerpt":{"rendered":"<p>ImpressumDiese Website wird von Profondia AG betrieben.Profondia AGBernstrasse 55CH-8952 SchlierenInternet: https:\/\/www.profondia.comTechnische Ausk\u00fcnfte \/ Verantwortlich f\u00fcr den Betrieb der Website:Kontaktieren Sie nextron internet team GmbH \/ Telefon: 061 695 92 20Gesch\u00e4ftsf\u00fchrer und Inhaber:Martin MaurerRegistergericht: Handelsgericht Z\u00fcrichUmsatzsteuer-Identifikationsnummer \/ UID: CHE-106.049.904Inhaltlich Verantwortlich:Martin MaurerHaftungshinweis:Trotz sorgf\u00e4ltiger inhaltlicher Kontrolle \u00fcbernehmen wir keine Haftung f\u00fcr den Inhalt externer Links.<\/p>\n","protected":false},"author":1,"featured_media":0,"parent":0,"menu_order":0,"comment_status":"closed","ping_status":"closed","template":"","meta":{"_seopress_robots_primary_cat":"","_seopress_titles_title":"","_seopress_titles_desc":"","_seopress_robots_index":"","_kiway_template_id":"","_kiway_page_mode":"","_kiway_site_id":"","_kiway_nav_order":0,"_kiway_nav_parent":"","_kiway_is_front_page":""},"acf":[],"_links":{"self":[{"href":"https:\/\/www.profondia.com\/de\/wp-json\/wp\/v2\/pages\/82"}],"collection":[{"href":"https:\/\/www.profondia.com\/de\/wp-json\/wp\/v2\/pages"}],"about":[{"href":"https:\/\/www.profondia.com\/de\/wp-json\/wp\/v2\/types\/page"}],"author":[{"embeddable":true,"href":"https:\/\/www.profondia.com\/de\/wp-json\/wp\/v2\/users\/1"}],"replies":[{"embeddable":true,"href":"https:\/\/www.profondia.com\/de\/wp-json\/wp\/v2\/comments?post=82"}],"version-history":[{"count":4,"href":"https:\/\/www.profondia.com\/de\/wp-json\/wp\/v2\/pages\/82\/revisions"}],"predecessor-version":[{"id":281,"href":"https:\/\/www.profondia.com\/de\/wp-json\/wp\/v2\/pages\/82\/revisions\/281"}],"wp:attachment":[{"href":"https:\/\/www.profondia.com\/de\/wp-json\/wp\/v2\/media?parent=82"}],"curies":[{"name":"wp","href":"https:\/\/api.w.org\/{rel}","templated":true}]}}