{"id":8,"date":"2021-12-16T11:25:18","date_gmt":"2021-12-16T11:25:18","guid":{"rendered":"http:\/\/profondia.ch\/?page_id=8"},"modified":"2024-05-30T09:26:40","modified_gmt":"2024-05-30T08:26:40","slug":"kontakt","status":"publish","type":"page","link":"https:\/\/www.profondia.com\/de\/kontakt\/","title":{"rendered":"Kontakt"},"content":{"rendered":"<div id=\"pl-8\"  class=\"panel-layout\" ><div id=\"pg-8-0\"  class=\"panel-grid panel-has-style\" ><div class=\"siteorigin-panels-stretch panel-row-style panel-row-style-for-8-0\" data-stretch-type=\"full-width-stretch\" ><div id=\"pgc-8-0-0\"  class=\"panel-grid-cell\" ><div id=\"panel-8-0-0-0\" class=\"so-panel widget widget_text panel-first-child panel-last-child\" data-index=\"0\" >\t\t\t<div class=\"textwidget\"><p><iframe loading=\"lazy\" style=\"border: 0;\" src=\"https:\/\/www.google.com\/maps\/embed?pb=!1m18!1m12!1m3!1d2700.5083458416525!2d8.43858647684812!3d47.40202497117177!2m3!1f0!2f0!3f0!3m2!1i1024!2i768!4f13.1!3m3!1m2!1s0x47900c3fd176e227%3A0x14e65ca0b8273b8c!2sProfondia%20AG!5e0!3m2!1sde!2sch!4v1694157675110!5m2!1sde!2sch\" width=\"100%\" height=\"450px\" allowfullscreen=\"\"><\/iframe><\/p>\n<\/div>\n\t\t<\/div><\/div><\/div><\/div><div id=\"pg-8-1\"  class=\"panel-grid panel-no-style\" ><div id=\"pgc-8-1-0\"  class=\"panel-grid-cell\" ><div id=\"panel-8-1-0-0\" class=\"so-panel widget widget_sow-editor panel-first-child\" data-index=\"1\" ><div\n\t\t\t\n\t\t\tclass=\"so-widget-sow-editor so-widget-sow-editor-base\"\n\t\t\t\n\t\t>\n<div class=\"siteorigin-widget-tinymce textwidget\">\n\t<h2><strong>Kontakt<\/strong><\/h2>\n<\/div>\n<\/div><\/div><div id=\"panel-8-1-0-1\" class=\"so-panel widget widget_text panel-last-child\" data-index=\"2\" >\t\t\t<div class=\"textwidget\">\n<div class=\"wpcf7 no-js\" id=\"wpcf7-f111-o1\" lang=\"en-US\" dir=\"ltr\">\n<div class=\"screen-reader-response\"><p role=\"status\" aria-live=\"polite\" aria-atomic=\"true\"><\/p> <ul><\/ul><\/div>\n<form action=\"\/de\/wp-json\/wp\/v2\/pages\/8#wpcf7-f111-o1\" method=\"post\" class=\"wpcf7-form init\" aria-label=\"Contact form\" novalidate=\"novalidate\" data-status=\"init\">\n<div style=\"display: none;\">\n<input type=\"hidden\" name=\"_wpcf7\" value=\"111\" \/>\n<input type=\"hidden\" name=\"_wpcf7_version\" value=\"5.7.7\" \/>\n<input type=\"hidden\" name=\"_wpcf7_locale\" value=\"en_US\" \/>\n<input type=\"hidden\" name=\"_wpcf7_unit_tag\" value=\"wpcf7-f111-o1\" \/>\n<input type=\"hidden\" name=\"_wpcf7_container_post\" value=\"0\" \/>\n<input type=\"hidden\" name=\"_wpcf7_posted_data_hash\" value=\"\" \/>\n<\/div>\n<div class=\"prof-ct-form\">\n\t<p><label class=\"radio_btnlabel\"> Anrede <span class=\"req-field\">*<\/span><\/label><span class=\"wpcf7-form-control-wrap\" data-name=\"Anrede\"><span class=\"wpcf7-form-control wpcf7-radio radio-herhi\"><span class=\"wpcf7-list-item first\"><label><span class=\"wpcf7-list-item-label\">Herr<\/span><input type=\"radio\" name=\"Anrede\" value=\"Herr\" checked=\"checked\" \/><\/label><\/span><span class=\"wpcf7-list-item last\"><label><span class=\"wpcf7-list-item-label\">Frau<\/span><input type=\"radio\" name=\"Anrede\" value=\"Frau\" \/><\/label><\/span><\/span><\/span><br \/>\n<label> Vorname<span class=\"req-field\">*<\/span><span class=\"wpcf7-form-control-wrap\" data-name=\"Vorname\"><input size=\"40\" class=\"wpcf7-form-control wpcf7-text wpcf7-validates-as-required\" aria-required=\"true\" aria-invalid=\"false\" value=\"\" type=\"text\" name=\"Vorname\" \/><\/span><\/label><br \/>\n<label> Nachname<span class=\"req-field\">*<\/span><span class=\"wpcf7-form-control-wrap\" data-name=\"Nachname\"><input size=\"40\" class=\"wpcf7-form-control wpcf7-text wpcf7-validates-as-required\" aria-required=\"true\" aria-invalid=\"false\" value=\"\" type=\"text\" name=\"Nachname\" \/><\/span><\/label><br \/>\n<label> Firma<span class=\"req-field\">*<\/span><span class=\"wpcf7-form-control-wrap\" data-name=\"firma\"><input size=\"40\" class=\"wpcf7-form-control wpcf7-text wpcf7-validates-as-required\" aria-required=\"true\" aria-invalid=\"false\" value=\"\" type=\"text\" name=\"firma\" \/><\/span><\/label><br \/>\n<label> Adresse <span class=\"wpcf7-form-control-wrap\" data-name=\"Adresse\"><input size=\"40\" class=\"wpcf7-form-control wpcf7-text\" aria-invalid=\"false\" value=\"\" type=\"text\" name=\"Adresse\" \/><\/span><\/label><br \/>\n<label> PLZ \/ Stadt<span class=\"wpcf7-form-control-wrap\" data-name=\"PLZStadt\"><input size=\"40\" class=\"wpcf7-form-control wpcf7-text\" aria-invalid=\"false\" value=\"\" type=\"text\" name=\"PLZStadt\" \/><\/span><\/label><br \/>\n<label> Telefon<span class=\"req-field\">*<\/span><span class=\"wpcf7-form-control-wrap\" data-name=\"Telefon\"><input size=\"40\" class=\"wpcf7-form-control wpcf7-text wpcf7-validates-as-required\" aria-required=\"true\" aria-invalid=\"false\" value=\"\" type=\"text\" name=\"Telefon\" \/><\/span><\/label><br \/>\n<label> E-Mail<span class=\"req-field\">*<\/span><span class=\"wpcf7-form-control-wrap\" data-name=\"E-Mail\"><input size=\"40\" class=\"wpcf7-form-control wpcf7-text wpcf7-email wpcf7-validates-as-required wpcf7-validates-as-email\" aria-required=\"true\" aria-invalid=\"false\" value=\"\" type=\"email\" name=\"E-Mail\" \/><\/span> <\/label><br \/>\n<label> Anfrage<span class=\"req-field\">*<\/span><span class=\"wpcf7-form-control-wrap\" data-name=\"Anfrage\"><textarea cols=\"40\" rows=\"10\" class=\"wpcf7-form-control wpcf7-textarea wpcf7-validates-as-required\" aria-required=\"true\" aria-invalid=\"false\" name=\"Anfrage\"><\/textarea><\/span> <\/label><br \/>\n<input class=\"wpcf7-form-control has-spinner wpcf7-submit sub-btn\" type=\"submit\" value=\"Senden\" \/>\n\t<\/p>\n<\/div><p style=\"display: none !important;\" class=\"akismet-fields-container\" data-prefix=\"_wpcf7_ak_\"><label>&#916;<textarea name=\"_wpcf7_ak_hp_textarea\" cols=\"45\" rows=\"8\" maxlength=\"100\"><\/textarea><\/label><input type=\"hidden\" id=\"ak_js_1\" name=\"_wpcf7_ak_js\" value=\"27\"\/><script>document.getElementById( \"ak_js_1\" ).setAttribute( \"value\", ( new Date() ).getTime() );<\/script><\/p><div class=\"wpcf7-response-output\" aria-hidden=\"true\"><\/div>\n<\/form>\n<\/div>\n\n<\/div>\n\t\t<\/div><\/div><div id=\"pgc-8-1-1\"  class=\"panel-grid-cell\" ><div id=\"panel-8-1-1-0\" class=\"so-panel widget widget_text panel-first-child\" data-index=\"3\" ><h4 class=\"widget-title\">Links<\/h4>\t\t\t<div class=\"textwidget\"><p><a href=\"https:\/\/www.profondia.com\/wp-content\/uploads\/2022\/01\/Wegbeschreibung_Profondia_Schlieren.pdf\" target=\"_blank\" rel=\"noopener\">Wegbeschreibung Schlieren<\/a><br \/>\n<a href=\"https:\/\/www.profondia.com\/wp-content\/uploads\/2024\/05\/Wegbeschreibung_Profondia_Basel_2024.pdf\" target=\"_blank\" rel=\"noopener\">Wegbeschreibung Basel<\/a><br \/>\n<a href=\"https:\/\/www.microsoft.com\/de-ch\/microsoft-teams\/log-in\" target=\"_blank\" rel=\"noopener\">Web-Meeting<\/a><\/p>\n<\/div>\n\t\t<\/div><div id=\"panel-8-1-1-1\" class=\"so-panel widget widget_text panel-last-child\" data-index=\"4\" ><h4 class=\"widget-title\">Adresse<\/h4>\t\t\t<div class=\"textwidget\"><p>Profondia AG<br \/>\nBernstrasse 55<br \/>\nCH-8952 Schlieren<br \/>\n<a href=\"tel:+41447018111\">+41 (0)44 701 81 11<\/a><br \/>\n<a href=\"mailto:info@profondia.com\">info@profondia.com<\/a><\/p>\n<\/div>\n\t\t<\/div><\/div><\/div><\/div>","protected":false},"excerpt":{"rendered":"<p>Kontakt Wegbeschreibung Schlieren Wegbeschreibung Basel Web-Meeting Profondia AG Bernstrasse 55 CH-8952 Schlieren +41 (0)44 701 81 11 info@profondia.com<\/p>\n","protected":false},"author":1,"featured_media":0,"parent":0,"menu_order":0,"comment_status":"closed","ping_status":"closed","template":"","meta":{"_seopress_robots_primary_cat":"","_seopress_titles_title":"Kontakt - Profondia AG","_seopress_titles_desc":"Profondia ist die Quelle f\u00fcr aktuelle Informationen \u00fcber den Einsatz von Informatik und Telekommunikation bei den 13'700 gr\u00f6ssten Unternehmen in der Schweiz.","_seopress_robots_index":"","_kiway_template_id":"","_kiway_page_mode":"","_kiway_site_id":"","_kiway_nav_order":0,"_kiway_nav_parent":"","_kiway_is_front_page":""},"acf":[],"_links":{"self":[{"href":"https:\/\/www.profondia.com\/de\/wp-json\/wp\/v2\/pages\/8"}],"collection":[{"href":"https:\/\/www.profondia.com\/de\/wp-json\/wp\/v2\/pages"}],"about":[{"href":"https:\/\/www.profondia.com\/de\/wp-json\/wp\/v2\/types\/page"}],"author":[{"embeddable":true,"href":"https:\/\/www.profondia.com\/de\/wp-json\/wp\/v2\/users\/1"}],"replies":[{"embeddable":true,"href":"https:\/\/www.profondia.com\/de\/wp-json\/wp\/v2\/comments?post=8"}],"version-history":[{"count":50,"href":"https:\/\/www.profondia.com\/de\/wp-json\/wp\/v2\/pages\/8\/revisions"}],"predecessor-version":[{"id":9624,"href":"https:\/\/www.profondia.com\/de\/wp-json\/wp\/v2\/pages\/8\/revisions\/9624"}],"wp:attachment":[{"href":"https:\/\/www.profondia.com\/de\/wp-json\/wp\/v2\/media?parent=8"}],"curies":[{"name":"wp","href":"https:\/\/api.w.org\/{rel}","templated":true}]}}