{"id":77,"date":"2021-12-16T12:39:35","date_gmt":"2021-12-16T12:39:35","guid":{"rendered":"http:\/\/profondia.ch\/?page_id=77"},"modified":"2023-07-18T09:44:43","modified_gmt":"2023-07-18T08:44:43","slug":"disclaimer","status":"publish","type":"page","link":"https:\/\/www.profondia.com\/de\/disclaimer\/","title":{"rendered":"Datenschutzerkl\u00e4rung \/ Copyright"},"content":{"rendered":"<div id=\"pl-77\"  class=\"panel-layout\" ><div id=\"pg-77-0\"  class=\"panel-grid panel-no-style\" ><div id=\"pgc-77-0-0\"  class=\"panel-grid-cell\" ><div id=\"panel-77-0-0-0\" class=\"so-panel widget widget_sow-editor panel-first-child panel-last-child\" data-index=\"0\" ><div\n\t\t\t\n\t\t\tclass=\"so-widget-sow-editor so-widget-sow-editor-base\"\n\t\t\t\n\t\t>\n<div class=\"siteorigin-widget-tinymce textwidget\">\n\t<h1 class=\"pageTitle\">Datenschutzerkl\u00e4rung \/ Copyright<\/h1>\n<h3><span style=\"color: #f18e00;\">Rechtliche Hinweise<\/span><\/h3>\n<p>Profondia AG betreibt unter www.profondia.com die Internetseite des Unternehmens.<\/p>\n<h3><span style=\"color: #f18e00;\">Gew\u00e4hrleistung des Inhalts der Website<\/span><\/h3>\n<p>Die Angaben auf diesen Internetseiten sind unverbindlich und ausschliesslich zu Informationszwecken zur Verf\u00fcgung gestellt. Profondia AG \u00fcbernimmt trotz sorgf\u00e4ltiger Bereitstellung der Informationen auf den von ihr ver\u00f6ffentlichten Internetseiten keine Gew\u00e4hr f\u00fcr die Aktualit\u00e4t, Korrektheit, Vollst\u00e4ndigkeit und Qualit\u00e4t der dargebotenen Informationen. Haftungsanspr\u00fcche gegen Profondia AG, welche sich auf Sch\u00e4den materieller oder ideeller Art beziehen, die durch die Nutzung oder Nichtnutzung der dargebotenen Informationen bzw. durch die Nutzung fehlerhafter und unvollst\u00e4ndiger Informationen verursacht wurden, sind grunds\u00e4tzlich ausgeschlossen, sofern seitens Profondia AG kein nachweislich vors\u00e4tzliches oder grob fahrl\u00e4ssiges Verschulden vorliegt. Alle Angebote sind freibleibend und unverbindlich. Profondia AG beh\u00e4lt sich ausdr\u00fccklich vor, Teile der Seiten oder das gesamte Angebot ohne gesonderte Ank\u00fcndigung zu ver\u00e4ndern, zu erg\u00e4nzen, zu l\u00f6schen oder die Ver\u00f6ffentlichung zeitweise oder endg\u00fcltig einzustellen.<\/p>\n<h3><span style=\"color: #f18e00;\">Gew\u00e4hrleistung der Verweise und Links<\/span><\/h3>\n<p>Profondia AG pr\u00fcft insbesondere bei Aufnahme von Links oder Verweisen in ihre Website, ob diese rechtswidrige Inhalte aufweisen. Da Profondia AG keinerlei Einfluss auf die weitere Gestaltung dieser Websites hat, auf die die Links ihrer eigenen Website hinweisen, kann sie keine Haftung f\u00fcr den Inhalt dieser Websites \u00fcbernehmen. Sollte Profondia AG Kenntnis von illegalen Inhalten von ihr gelinkten\/verkn\u00fcpften Seiten erhalten, so wird sie die entsprechenden Links\/Verkn\u00fcpfungen von ihrer Seite entfernen. Dasselbe gilt auch f\u00fcr Fremdeintr\u00e4ge in von Profondia AG eingerichteten G\u00e4steb\u00fcchern, Diskussionsforen und Mailinglisten.<\/p>\n<h3><span style=\"color: #f18e00;\">Urheber- und Kennzeichenrecht<\/span><\/h3>\n<p>Profondia AG ist bestrebt, in allen Publikationen die Urheberrechte der verwendeten Grafiken, Tondokumente, Videosequenzen und Texte zu beachten, von ihr selbst erstellte Grafiken, Tondokumente, Videosequenzen und Texte zu nutzen oder auf lizenzfreie Grafiken, Tondokumente, Videosequenzen und Texte zur\u00fcckzugreifen. Alle innerhalb des Internetangebotes genannten und ggf. durch Dritte gesch\u00fctzten Marken- und Warenzeichen unterliegen uneingeschr\u00e4nkt den Bestimmungen des jeweils g\u00fcltigen Kennzeichenrechts und den Besitzrechten der jeweiligen eingetragenen Eigent\u00fcmer. Allein aufgrund der blossen Nennung ist nicht der Schluss zu ziehen, dass Markenzeichen nicht durch Rechte Dritter gesch\u00fctzt sind.<\/p>\n<p>Das Copyright f\u00fcr ver\u00f6ffentlichte, von Profondia AG selbst erstellte Objekte bleibt allein bei Profondia AG. Eine Vervielf\u00e4ltigung oder Verwendung solcher Grafiken, Tondokumente, Videosequenzen und Texte in anderen elektronischen oder gedruckten Publikationen ist ohne ausdr\u00fcckliche Zustimmung der Profondia AG nicht gestattet.<\/p>\n<h3><span style=\"color: #f18e00;\">Datenschutz<\/span><\/h3>\n<p>Sofern innerhalb des Internetangebotes die M\u00f6glichkeit zur Eingabe pers\u00f6nlicher oder gesch\u00e4ftlicher Daten (E-Mail Adressen, Namen, Anschriften) besteht, so erfolgt die Preisgabe dieser Daten seitens des Nutzers auf ausdr\u00fccklich freiwilliger Basis.<\/p>\n<p><span style=\"color: #f18e00;\"><strong>Datenverarbeiter:<\/strong><\/span><br \/>\nProfondia AG<br \/>\nBernstrass 55<br \/>\n8952 Schlieren<br \/>\nTelefon: +41 (0)44 701 81 11<\/p>\n<p><span style=\"color: #f18e00;\"><strong>Kategorien personenbezogener Daten, die verarbeitet werden (bei Dritterhebung):<\/strong><\/span><br \/>\nWir verarbeiten die nachfolgenden personenbezogenen Daten: Name, Geschlecht, Funktion im Unternehmen, Gesch\u00e4ftsadresse, Telefonnummer.<\/p>\n<p><span style=\"color: #f18e00;\"><strong>Quelle der personenbezogenen Daten (bei Dritterhebung):<\/strong><\/span><br \/>\nDie personenbezogenen Daten sind in der Telefonzentrale erhoben worden oder stammen aus \u00f6ffentlich zug\u00e4nglichen Quellen.<\/p>\n<p><span style=\"color: #f18e00;\"><strong>Verwendungszwecke<\/strong><\/span><br \/>\nWir verwenden Ihre personenbezogenen Daten zu folgenden Zwecken: Weitergabe an unsere Kunden aus dem IT-Umfeld f\u00fcr Marktforschungs- und Marketing-Zwecken.<\/p>\n<p><span style=\"color: #f18e00;\"><strong>Rechtsgrundlagen:<\/strong><\/span><br \/>\nDie Verarbeitung Ihrer personenbezogenen Daten erfolgt auf \u00a0folgenden Rechtsgrundlagen: Bundesgesetz \u00fcber den Datenschutz (DSG).<br \/>\nVerarbeitung aufgrund berechtigter Interessen, Danach ist die Verarbeitung zur Wahrung der berechtigten Interessen des Verantwortlichen oder eines Dritten erforderlich, sofern nicht die Interessen oder Grundrechte und Grundfreiheiten der betroffenen Person, die den Schutz personenbezogener Daten erfordern, \u00fcberwiegen, insbesondere dann, wenn es sich bei der betroffenen Person um ein Kind handelt. Das berechtigte Interesse ist hier die Direktwerbung gegen\u00fcber der betroffenen Person.<\/p>\n<p><span style=\"color: #f18e00;\"><strong>Empf\u00e4nger der personenbezogenen Daten, die verarbeitet werden:<\/strong><\/span><br \/>\nDie m\u00f6glichen Empf\u00e4nger der \u00fcber Sie erhobenen personenbezogenen Daten sind Unternehmen aus dem IT-Umfeld.<\/p>\n<p><span style=\"color: #f18e00;\"><strong>Dauer der Datenspeicherung:<\/strong><\/span><br \/>\nDie personenbezogenen Daten werden f\u00fcr die Dauer der genannten Zwecke gespeichert. Aus diesem Grund werden die Daten dauerhaft gespeichert. Kann der Zweck nicht mehr erf\u00fcllt werden, werden die Daten gel\u00f6scht. Das kann z.B. der Fall sein, wenn eine Person nicht mehr im Unternehmen t\u00e4tig ist.<\/p>\n<p><span style=\"color: #f18e00;\"><strong>Allgemeine Betroffenenrechte:<\/strong><\/span><br \/>\nSie haben das Recht, Auskunft \u00fcber Ihre bei uns gespeicherten personenbezogenen Daten zu verlangen. Des Weiteren stehen Ihnen bei Unrichtigkeit der Daten das Recht auf Berichtigung zu, bei unzul\u00e4ssiger Datenspeicherung das Recht auf L\u00f6schung. Zus\u00e4tzlich stehen Ihnen die Rechte auf Einschr\u00e4nkung der Verarbeitung und auf Daten\u00fcbertragbarkeit zu.<\/p>\n<p><span style=\"color: #f18e00;\"><strong>Widerspruchsrecht:<\/strong><\/span><br \/>\nWerden personenbezogene Daten verarbeitet, um Direktwerbung zu betreiben, so haben Sie das Recht, jederzeit Widerspruch gegen die Verarbeitung der Sie betreffenden personenbezogenen Daten zum Zwecke derartiger Werbung einzulegen. Den Widerruf richten Sie an datenschutz@profondia.com.<br \/>\nWiderruf der Einwilligung: Beruht die Verarbeitung personenbezogener Daten auf Ihrer Einwilligung, haben Sie das Recht, die Einwilligung jederzeit zu widerrufen, ohne dass die Rechtm\u00e4ssigkeit der aufgrund der Einwilligung bis zum Widerruf erfolgten Verarbeitung ber\u00fchrt wird. Den Widerruf richten Sie an datenschutz@profondia.com.<\/p>\n<h3><span style=\"color: #f18e00;\">Cookies<\/span><\/h3>\n<p>Wir setzen auf der Website Cookies ein. Unter Cookies werden Daten verstanden, die die besuchte Website bzw. deren Server \u00fcber den Browser in Ihrem Computer ablegt, um diesen sp\u00e4ter wieder zu erkennen. Ihr Computer sendet die Cookie-Information bei sp\u00e4teren, neuen Besuchen dieser Website mit jeder Anforderung wieder an den Server. Die Cookies werden verwendet um bspw. komplexe und dynamische Inhalte darzustellen, um Sie bei Ihrem n\u00e4chsten Besuch der Website wieder zu erkennen, m.a.W. um die Bedienerfreundlichkeit zu erh\u00f6hen. Durch entsprechende Konfiguration Ihres Browsers k\u00f6nnen Sie die Installation von Cookies jederzeit unterbinden oder sich vor der Annahme eines Cookies eine Warnung anzeigen lassen und so selbst bestimmen, ob Sie Cookies zulassen wollen oder nicht. Unsere Website l\u00e4sst sich grunds\u00e4tzlich auch ohne die Annahme von Cookies nutzen, allerdings k\u00f6nnen dann einzelne Funktionalit\u00e4ten eingeschr\u00e4nkt sein.<\/p>\n<h3><span style=\"color: #f18e00;\">Google Analytics<\/span><\/h3>\n<p>Diese Website benutzt Google Analytics, einen Webanalysedienst der Google Inc. (\u201eGoogle\u201c) Google Analytics verwendet sog. \u201eCookies\u201c, Textdateien, die auf Ihrem Computer gespeichert werden und die eine Analyse der Benutzung der Website durch Sie erm\u00f6glicht. Die durch den Cookie erzeugten Informationen \u00fcber Ihre Benutzung dieser Website (einschliesslich Ihrer IP-Adresse) wird an einen Server von Google in den USA \u00fcbertragen und dort gespeichert. Google wird diese Informationen benutzen, um Ihre Nutzung der Website auszuwerten, um Reports \u00fcber die Websiteaktivit\u00e4ten f\u00fcr die Websitebetreiber zusammenzustellen und um weitere mit der Websitenutzung und der Internetnutzung verbundene Dienstleistungen zu erbringen. Auch wird Google diese Informationen gegebenenfalls an Dritte \u00fcbertragen, sofern dies gesetzlich vorgeschrieben oder soweit Dritte diese Daten im Auftrag von Google verarbeiten. Google wird in keinem Fall Ihre IP-Adresse mit anderen Daten der Google in Verbindung bringen. Sie k\u00f6nnen die Installation der Cookies durch eine entsprechende Einstellung Ihrer Browser Software verhindern; wir weisen Sie jedoch darauf hin, dass Sie in diesem Fall gegebenenfalls nicht s\u00e4mtliche Funktionen dieser Website voll umf\u00e4nglich nutzen k\u00f6nnen. Durch die Nutzung dieser Website erkl\u00e4ren Sie sich mit der Bearbeitung der \u00fcber Sie erhobenen Daten durch Google in der zuvor beschriebenen Art und Weise und zu dem zuvor benannten Zweck einverstanden. Falls Sie nicht m\u00f6chten, dass Ihre Daten gesammelt werden, k\u00f6nnen Sie mit einer Browser-Extension Google Analytics deaktivieren: Browser-Add-on zur Deaktivierung von Google Analytics (<a href=\"https:\/\/tools.google.com\/dlpage\/gaoptout\" target=\"_blank\" rel=\"noopener\">https:\/\/tools.google.com\/dlpage\/gaoptout<\/a>).<\/p>\n<h3><span style=\"color: #f18e00;\">LinkedIn Insight Tag<\/span><\/h3>\n<p>Diese Website benutzt das LinkedIn Tag. Das LinkedIn Insight-Tag ist ein kleiner JavaScript-Codeausschnitt. Es erm\u00f6glicht detaillierte Reportings zu LinkedIn-Kampagnen und liefert Informationen \u00fcber die Besucher:innen auf der Website. Weitere Informationen zu diesem Tag finden Sie unter <a href=\"https:\/\/www.linkedin.com\" target=\"_blank\" rel=\"noopener\">https:\/\/www.linkedin.com<\/a>.<\/p>\n<h3><span style=\"color: #f18e00;\">Addthis Bookmarking-Dienst<\/span><\/h3>\n<p>Diese Website enth\u00e4lt \u201eAddthis\u201c-Plugins, die Ihnen das Setzen von Bookmarks bzw. das gemeinsame Nutzen interessanter Website-Inhalte erm\u00f6glichen. Bei Verwendung von \u201eAddthis\u201c kommt es zum Einsatz der von Cookies. Die dabei erzeugten Daten (wie z.B. Nutzungszeitpunkt oder Browser-Sprache) werden an die Add This LLC in den USA \u00fcbertragen und dort verarbeitet. N\u00e4here Informationen zur Datenverarbeitung durch Add This LLC und dem von der Add This LLC gepflegten Datenschutz finden Sie unter<a href=\"http:\/\/www.addthis.com\/privacy\" target=\"_blank\" rel=\"noopener\">http:\/\/www.addthis.com\/privacy<\/a>. Diese Website enth\u00e4lt insbesondere Angaben zur Art der verarbeiteten Daten sowie deren Verwendungszweck. Eine Verarbeitung der betroffenen Daten durch uns findet nicht statt. Mit Nutzung des \u201eAddthis\u201c-Feldes erkl\u00e4ren Sie sich mit der Datenverarbeitung durch Add This LLC einverstanden, und zwar in dem aus der Website <a href=\"http:\/\/www.addthis.com\/\" target=\"_blank\" rel=\"noopener\">http:\/\/www.addthis.com<\/a>\u00a0ersichtlichen Umfang. Sie k\u00f6nnen der Nutzung Ihrer Daten jederzeit durch Einsatz eines \u201eOpt Out Cookies\u201c (<a href=\"http:\/\/www.addthis.com\/advertising-choices\" target=\"_blank\" rel=\"noopener\">http:\/\/www.addthis.com\/advertising-choices<\/a>) widersprechen. N\u00e4heres hierzu ergibt sich ebenfalls aus der vorgenannten Website der Add This LLC.<\/p>\n<h3><span style=\"color: #f18e00;\">Rechtswirksamkeit dieses Haftungsausschlusses<\/span><\/h3>\n<p>Sollten Teile oder einzelne Formulierungen dieser rechtlichen Hinweise nichtig sein, so bleiben die anderen Teile der Hinweise weiter bestehen und der nichtige Teil soll von den Vertragsparteien m\u00f6glichst in dem Sinne interpretiert werden, dass der urspr\u00fcnglich mit der nichtigen Formulierung beabsichtigte Zweck soweit als m\u00f6glich weiter bestehen kann.<\/p>\n<\/div>\n<\/div><\/div><\/div><\/div><\/div>","protected":false},"excerpt":{"rendered":"<p>Datenschutzerkl\u00e4rung \/ Copyright Rechtliche Hinweise Profondia AG betreibt unter www.profondia.com die Internetseite des Unternehmens. Gew\u00e4hrleistung des Inhalts der Website Die Angaben auf diesen Internetseiten sind unverbindlich und ausschliesslich zu Informationszwecken zur Verf\u00fcgung gestellt. Profondia AG \u00fcbernimmt trotz sorgf\u00e4ltiger Bereitstellung der Informationen auf den von ihr ver\u00f6ffentlichten Internetseiten keine Gew\u00e4hr f\u00fcr die Aktualit\u00e4t, Korrektheit, Vollst\u00e4ndigkeit und &hellip; <a href=\"https:\/\/www.profondia.com\/de\/disclaimer\/\" class=\"more-link\">Continue reading<span class=\"screen-reader-text\"> &#8222;Datenschutzerkl\u00e4rung \/ Copyright&#8220;<\/span><\/a><\/p>\n","protected":false},"author":1,"featured_media":0,"parent":0,"menu_order":0,"comment_status":"closed","ping_status":"closed","template":"","meta":{"_seopress_robots_primary_cat":"","_seopress_titles_title":"","_seopress_titles_desc":"","_seopress_robots_index":"","_kiway_template_id":"","_kiway_page_mode":"","_kiway_site_id":"","_kiway_nav_order":0,"_kiway_nav_parent":"","_kiway_is_front_page":""},"acf":[],"_links":{"self":[{"href":"https:\/\/www.profondia.com\/de\/wp-json\/wp\/v2\/pages\/77"}],"collection":[{"href":"https:\/\/www.profondia.com\/de\/wp-json\/wp\/v2\/pages"}],"about":[{"href":"https:\/\/www.profondia.com\/de\/wp-json\/wp\/v2\/types\/page"}],"author":[{"embeddable":true,"href":"https:\/\/www.profondia.com\/de\/wp-json\/wp\/v2\/users\/1"}],"replies":[{"embeddable":true,"href":"https:\/\/www.profondia.com\/de\/wp-json\/wp\/v2\/comments?post=77"}],"version-history":[{"count":7,"href":"https:\/\/www.profondia.com\/de\/wp-json\/wp\/v2\/pages\/77\/revisions"}],"predecessor-version":[{"id":9242,"href":"https:\/\/www.profondia.com\/de\/wp-json\/wp\/v2\/pages\/77\/revisions\/9242"}],"wp:attachment":[{"href":"https:\/\/www.profondia.com\/de\/wp-json\/wp\/v2\/media?parent=77"}],"curies":[{"name":"wp","href":"https:\/\/api.w.org\/{rel}","templated":true}]}}