{"id":75,"date":"2021-12-16T12:39:05","date_gmt":"2021-12-16T12:39:05","guid":{"rendered":"http:\/\/profondia.ch\/?page_id=75"},"modified":"2022-02-01T03:59:27","modified_gmt":"2022-02-01T03:59:27","slug":"agb","status":"publish","type":"page","link":"https:\/\/www.profondia.com\/de\/agb\/","title":{"rendered":"Allgemeine Gesch\u00e4ftsbedingungen"},"content":{"rendered":"<div id=\"pl-75\"  class=\"panel-layout\" ><div id=\"pg-75-0\"  class=\"panel-grid panel-no-style\" ><div id=\"pgc-75-0-0\"  class=\"panel-grid-cell\" ><div id=\"panel-75-0-0-0\" class=\"so-panel widget widget_sow-editor panel-first-child panel-last-child\" data-index=\"0\" ><div\n\t\t\t\n\t\t\tclass=\"so-widget-sow-editor so-widget-sow-editor-base\"\n\t\t\t\n\t\t>\n<div class=\"siteorigin-widget-tinymce textwidget\">\n\t<h1 class=\"pageTitle\">Allgemeine Gesch\u00e4ftsbedingungen<\/h1>\n<p>Die Profondia AG an der Bernstrasse 55 in 8952 Schlieren, (nachfolgend \u201e<strong>Profondia<\/strong>\u201c genannt) f\u00fchrt alle Datenlieferungs- und Dienstleistungsvertr\u00e4ge f\u00fcr den gem\u00e4ss dem jeweiligen Vertrag relevanten Gesch\u00e4ftsbereich des Kunden (nachfolgend \u201e<strong>Kunde<\/strong>\u201c genannt) auf der Grundlage der nachfolgenden Allgemeinen Gesch\u00e4ftsbedingungen <strong>(AGB)<\/strong> durch.<\/p>\n<p>Die vorliegenden AGB gelten f\u00fcr alle \u00fcbermittelten Dokumente der Profondia und werden mit jeder Vertragsbest\u00e4tigungen und Bestellungen von Ihnen anerkannt. Von den vorliegenden AGB abweichende Regelungen anerkennt Profondia nicht, es sei denn, diese werden von Profondia explizit best\u00e4tigt.<\/p>\n<p><strong>Art. 1: G\u00fcltigkeitsbereich<\/strong><\/p>\n<p>Die vorliegenden AGB gelten f\u00fcr alle Datenlieferungs- und Dienstleistungsvertr\u00e4ge zwischen Profondia und dem Kunden, insbesondere auch f\u00fcr allf\u00e4llige Erg\u00e4nzungen oder Erweiterungen davon. Diesen AGB unterstehen sowohl die Gesamtheit der an einen Kunden gelieferten Daten als auch bloss Teile davon. Als Unternehmensdaten (nachfolgend <strong>\u201eUnternehmensdaten\u201c)<\/strong> gelten alle Informationen \u00fcber Dritte, die der Kunde von Profondia erh\u00e4lt, namentlich Informationen f\u00fcr die Vermarktung von Informatikprodukten oder Dienstleistungen.<\/p>\n<p>Die vorliegenden AGB ersetzen alle fr\u00fcheren Allgemeinen Gesch\u00e4ftsbedingungen der Profondia AG.<\/p>\n<p><strong>Art. 2: Dienstleistungen<\/strong><\/p>\n<p>Profondia erbringt standardm\u00e4ssig die folgenden Dienstleistungen:<\/p>\n<p>a. Ausf\u00fchren von Mailings im Interesse des Kunden (\"Em@il Service\")<\/p>\n<p>b. \u00dcberlassung eines Datensatzes zur einmaligen Benutzung (\"Mailing Service\")<\/p>\n<p>c. \u00dcberlassung eines Datensatzes f\u00fcr mehrfache Benutzung (\"Marketing Service\")<\/p>\n<p>d. Online-Zugang zur Userbase<\/p>\n<p>Soweit Profondia dar\u00fcber hinaus weitere Dienstleistungen erbringt, richten sie sich ebenfalls nach den Bestimmungen dieser AGB, es sei denn, Profondia informiert den Kunden sp\u00e4testens bei Leistungserbringung dar\u00fcber, dass andere Bedingungen zur Anwendung kommen. Soweit nicht anders vermerkt gelten insbesondere die Bestimmungen von Art. 3 Bst. a dieser AGB.<\/p>\n<p><strong>Art. 3: Nutzungsrecht und Beschr\u00e4nkungen des Nutzungsrechts<\/strong><\/p>\n<p><strong>a. Allgemeine Bestimmungen<\/strong><\/p>\n<p>Profondia gew\u00e4hrt dem Kunden das f\u00fcr die Dauer des mit dem Kunden vereinbarten Vertrags das nicht exklusive und nicht \u00fcbertragbare Recht, die ihm von Profondia im Rahmen des konkreten Vertragsverh\u00e4ltnisses \u00fcberlassenen Unternehmensdaten gem\u00e4ss den Bestimmungen dieser AGB zu nutzen (\"Nutzungsrecht\").<\/p>\n<p>Eine Verwertung zu Zwecken ausserhalb der vereinbarten Dienstleistung ist untersagt. Der Kunde darf keinerlei Informationen aus Unternehmensdaten illegal oder f\u00fcr illegale Zwecke verwenden. Er darf Unternehmensdaten in keiner Weise benutzen, die Der Profondia AG konkurrenzieren k\u00f6nnte.<\/p>\n<p>Das Nutzungsrecht ist f\u00fcr den Eigengebrauch des Kunden beschr\u00e4nkt. Nutzung zum Eigengebrauch umfasst das Verwenden von Informationen im Rahmen der Vermarktung eigener Produkte oder Dienstleistungen. Verboten ist hingegen, Information im Interesse von Dritten oder zum Zweck von Vermarktungs-Aktivit\u00e4ten im Namen von Dritt-Anbietern zu verwenden, und insbesondere, Marketing- bzw. Vertriebsaktionen zu Gunsten von Dritten oder auf Rechnung von Dritten vorzubereiten oder durchzuf\u00fchren. Der Kunde muss bei Kommunikation nach aussen unter Verwendung der Unternehmensdaten stets im eigenen Namen auftreten.<\/p>\n<p>Der Kunde verpflichtet sich, die ihm im Rahmen einer Dienstleistung von Profondia \u00fcberlassenen Informationen nicht an Dritte weiterzugeben oder sonstwie Dritten zug\u00e4nglich machen. Unzul\u00e4ssig ist namentlich die Ver\u00e4usserung, Vermietung oder andere \u2013 auch unentgeltliche - \u00dcberlassung von Unternehmensdaten an Dritte. Als \u201eDritte\u201c gelten insbesondere auch mit dem Kunden verbundene Unternehmen wie z.B. Partner-, Tochter- oder Muttergesellschaften.<\/p>\n<p>\u00dcbernimmt der Kunde Unternehmensdaten von Profondia in eigene Datenbanken, muss der Ursprung dieser Unternehmensdaten (sprich: die Herkunft der Daten aus dem Datenbestand von Profondia) jederzeit erkennbar sein, damit diese im Falle einer Vertragsaufl\u00f6sung problemlos ermittelt und gel\u00f6scht bzw. vernichtet werden k\u00f6nnen.<\/p>\n<p>Der Kunde hat seine Mitarbeiter entsprechend zu instruieren und alle zumutbaren Massnahmen zu treffen, um eine nicht vertragsgem\u00e4sse Nutzung durch den Kunden selbst oder durch Dritte zu verhindern. Der Kunde verpflichtet sich, Profondia sofort \u00fcber jeden ihm zur Kenntnis gelangten unzul\u00e4ssigen Gebrauch sowie jede unzul\u00e4ssige Verbreitung von Unternehmensdaten informieren.<\/p>\n<p>Soweit den Kunden nach diesen AGB oder nach dem anwendbaren Recht eine L\u00f6schungspflicht trifft, best\u00e4tigt der Kunde auf Verlangen, dass die ihm \u00fcberlassenen Unternehmensdaten vernichtet worden sind und er die Bestimmungen gem\u00e4ss diesem Art. 3 AGB vollumf\u00e4nglich eingehalten hat, insbesondere die Unternehmensdaten keinem Dritten weitergegeben hat.<\/p>\n<p><strong>b. Zus\u00e4tzliche Bedingungen beim Mailing Service (einmalige Benutzung)<\/strong><\/p>\n<p>Besteht die vereinbarte Nutzung in einem Mailing-Service, d\u00fcrfen die Unternehmensdaten ausschliesslich zur Adressierung einer einmaligen Werbesendung verwendet werden, es sei denn, die Mehrfachnutzung sei schriftlich vereinbart worden. Die erhaltenen Unternehmensdaten sind innert 8 Wochen seit der Lieferung zu verarbeiten (Versand Werbebrief) und anschliessend zu vernichten.<\/p>\n<p><strong>c. Zus\u00e4tzliche Bedingungen beim Marketing Service (mehrfache Benutzung)<\/strong><\/p>\n<p>Das Nutzungsrecht an den Unternehmensdaten im Marketing Service ist auf ein Jahr nach der Lieferung durch Profondia begrenzt. Nach Ablauf dieses Jahres sind die Unternehmensdaten zu vernichten.<\/p>\n<p><strong>d. Zus\u00e4tzliche Bedingungen f\u00fcr den Online-Zugang (Userbase)<\/strong><\/p>\n<p>Wird dem Kunden der Online-Zugang (Userbase) zu den Unternehmensdaten erm\u00f6glicht, darf er das ihm \u00fcbergebene Passwort (den Zugang) nur in \u00dcbereinstimmung mit den Nutzungsregelungen nach Bst. a hiervor gebrauchen. Bei einem vertragswidrigen Gebrauch des Passwortes durch den Kunden oder nicht berechtigte Dritte, ist Profondia ohne weiteres befugt, den Zugang f\u00fcr alle User zu sperren oder den Datenlieferungsvertrag fristlos zu k\u00fcndigen. Erf\u00e4hrt der Kunde, dass das Passwort vertragswidrig oder durch Dritte verwendet wird, hat er dies Profondia unverz\u00fcglich mitzuteilen.<\/p>\n<p><strong>Art. 4: Em@il Service<\/strong><\/p>\n<p>Profondia erbringt den Email-Service je nach Absprache gest\u00fctzt auf Informationen des Kunden oder auf eigene Daten.<\/p>\n<p><strong>a. Versand gest\u00fctzt auf Adressdaten des Kunden<\/strong><\/p>\n<p>Der Auftraggeber best\u00e4tigt, dass seine Adressdaten einzig Benutzer und Email-Adressen umfassen, die ihre Genehmigung (Opt-In) zu einem entsprechenden Mailing erteilt haben. Nimmt Profondia das Mailing gest\u00fctzt auf Daten vor, die der Kunde Profondia \u00fcberl\u00e4sst, h\u00e4lt der Kunde Profondia frei von jeglichen Sch\u00e4den, die aufgrund der Verwendung dieser Datens\u00e4tze entstehen. Der Kunde informiert Profondia rechtzeitig vor dem vereinbarten Versand, welche Kontakte aus den Profondia mitgeteilten Adressdaten in der Vergangenheit ausdr\u00fccklich erkl\u00e4rt haben, keine Massensendungen zu erhalten (Opt-Out). Wird durch das Verschulden des Kunden ein nicht zul\u00e4ssiger Kontakt angeschrieben, tr\u00e4gt der Kunde s\u00e4mtliche anfallende Kosten.<\/p>\n<p><strong>b. Versand gest\u00fctzt auf Adressdaten von Profondia<\/strong><\/p>\n<p>Auf Anfrage versendet Profondia Nachrichten gest\u00fctzt auf Informationen von Profondia. Die von Profondia dazu verwendeten Daten sind vorg\u00e4ngig f\u00fcr Sendungen betreffend ICT Themen \u00fcberpr\u00fcft worden. Der Kunde h\u00e4lt Profondia frei von jeglichen Sch\u00e4den, die Profondia aufgrund allf\u00e4lliger im Nachrichtentext enthaltener Angaben entstehen.<\/p>\n<p>Der Kunde hat keinen Anspruch auf Email-Adressen der angeschriebenen Kontakte. Profondia informiert den Kunden jedoch dar\u00fcber, wenn ein angeschriebener Kontakt erkl\u00e4rt hat, vom Kunden in Zukunft nicht noch einmal kontaktiert werden zu wollen (Opt-Out). Der Kunde ist nicht befugt solche Daten f\u00fcr einen weiteren Versand oder anderswie zu verwenden. Jede Weitergabe an Dritte ist verboten. Der Kunde stellt sicher, dass solche abgemeldeten Kontakte (Opt-Out) nicht erneut angeschrieben werden.<\/p>\n<p><strong>c. Gemeinsame Bestimmungen<\/strong><\/p>\n<p>Sollte anl\u00e4sslich einer verursachten Verz\u00f6gerung durch den Kunden (u.a. nicht zeitgem\u00e4sse Zustellung der Unterlagen und Informationen, die Profondia vom Kunden eingefordert hat; versp\u00e4tete R\u00fcckmeldung auf ein Testemail) ein termingerechter Versand nicht ausgef\u00fchrt werden, kann Profondia daf\u00fcr nicht haftbar gemacht werden.<\/p>\n<p><strong>Art. 5: Verst\u00f6sse<\/strong><\/p>\n<p>Bei jedem Verstoss gegen die obigen Nutzungsregeln (Art. 3 und 4) schuldet der Kunde Profondia eine Konventionalstrafe im Umfang des zehnfachen Vertragswertes, mindestens aber von CHF 10\u2018000.-. Die Bezahlung der Konventionalstrafe befreit nicht von der Einhaltung der Verpflichtungen. Die Geltendmachung eines weitergehenden Schadenersatzes bleibt vorbehalten. Verletzt ein Kunde vertragliche Bestimmungen (einschliesslich AGB) kann Profondia von ihm zudem verlangen, alle verlangten Unternehmensdaten unverz\u00fcglich zu vernichten und alle von Profondia erhaltenen Datentr\u00e4ger oder Ausr\u00fcstungen unverz\u00fcglich an Profondia zur\u00fcckzugeben.<\/p>\n<p><strong>Art. 6: Nutzung der Unternehmensdaten f\u00fcr den Kunden durch einen von ihm Beauftragten<\/strong><\/p>\n<p>Der Kunde darf die Nutzung der Unternehmensdaten maximal im gleichen Umfang, wie er selbst dazu berechtigt w\u00e4re, an einen Beauftragten (z.B. Lettershop, Telemarketing-Agentur, etc.) delegieren. Er hat dabei dem Beauftragten s\u00e4mtliche Nutzungseinschr\u00e4nkungen und weiteren Bedingungen des Datenlieferungsvertrages, einschliesslich der vorliegenden AGB, zu \u00fcberbinden. Der Kunde muss sich die Handlung des Beauftragten mit Bezug auf die Einhaltung des vorliegenden Vertrages als sein eigenes Handeln anrechnen lassen, auch wenn er bei der Wahl und Instruktion des Beauftragten geh\u00f6rige Sorgfalt walten liess. Der Kunde muss sicherstellen, dass der von ihm beauftragte Dienstleister die vom Gesetz verlangten Anforderungen an die Datensicherheit einh\u00e4lt.<\/p>\n<p><strong>Art. 7: Datenqualit\u00e4t und Haftung<\/strong><\/p>\n<p>Profondia unternimmt alle notwendigen und zumutbaren Anstrengungen, um die Genauigkeit und die Zuverl\u00e4ssigkeit der angebotenen Unternehmensdaten und Dienstleistungen zu gew\u00e4hrleisten. Soweit gesetzlich zul\u00e4ssig, schliesst Profondia Gew\u00e4hrleistung aus, ebenso jegliche Haftung f\u00fcr allf\u00e4llige Sch\u00e4den aus der Nutzung von Daten oder Dienstleistungen von Profondia, sowie indirekte Sch\u00e4den oder Folgesch\u00e4den, aus. Dieser Haftungsausschluss gilt insbesondere auch f\u00fcr fehlerhafte Daten. Profondia haftet auch nicht f\u00fcr Verluste oder Sch\u00e4den aufgrund von h\u00f6herer Gewalt oder von Hacker-Angriffen.<\/p>\n<p><strong>Art. 8: Schutzrechte<\/strong><\/p>\n<p>Der Kunde anerkennt, dass die dem Kunden \u00fcberlassenen Daten als Datensammlung urheberrechtlich gesch\u00fctzt sind und alle Unternehmensdaten und alle damit verbundenen Schutzrechte wie namentlich das Urheberrecht Profondia geh\u00f6ren. Der Kunde hat keine \u00fcber Art. 3 AGB hinausgehenden Rechte an den ihm im Rahmen des Vertragsverh\u00e4ltnisses \u00fcberlassenen Informationen. Hinweise auf die Rechte von Profondia darf der Kunde in keiner Weise ver\u00e4ndern oder entfernen. Der Ursprung der Daten von Profondia (auch Kopien) muss immer ersichtlich bleiben.<\/p>\n<p><strong>Art. 9: Vertragsdauer und Vertragsaufl\u00f6sung<\/strong><\/p>\n<p><strong>a. Vertragsdauer und K\u00fcndigung<\/strong><\/p>\n<p>Vertr\u00e4ge im Sinne von Art. 2 Bst. a und Art. 2 Bst. b enden mit Abschluss der vereinbarten Aktion.<\/p>\n<p>Vertr\u00e4ge im Sinne von Art. 2 Bst. c nach Ablauf der vereinbarten Dauer.<\/p>\n<p>Vertr\u00e4ge f\u00fcr den Online-Zugang (Art. 2 Bst. d) werden auf unbestimmte Zeit abgeschlossen und dauern mindestens 12 Monate. Danach kann der Vertrag mit einer Frist von 90 Tagen jeweils j\u00e4hrlich auf den Jahrestag des Vertragbeginns gek\u00fcndigt werden. Wird eine l\u00e4ngere Laufzeit vereinbart (24 oder 36 Monate), so kann der Vertrag w\u00e4hrend dieser Dauer nicht gek\u00fcndigt werden, danach wiederum mit einer Frist von 90 Tagen jeweils j\u00e4hrlich auf den Jahrestag des Vetragsbeginns.<\/p>\n<p><strong>b. Vorzeitige K\u00fcndigung durch Profondia<\/strong><\/p>\n<p>K\u00fcndigt Profondia aus berechtigten Gr\u00fcnden (namentlich wegen Daten- oder Passwortmissbrauch durch den Kunden) den Vertrag f\u00fcr den Online-Zugang vor Ablauf der Vertragsdauer, schuldet der Kunde den allenfalls gew\u00e4hrten Mengenrabatt sowie die Konventionalstrafe und Schadensersatz gem\u00e4ss Art. 5 hiervor.<\/p>\n<p><strong>c. Pflichten des Kunden bei der Vertragsaufl\u00f6sung<\/strong><\/p>\n<p>Sobald der Vertrag aufgel\u00f6st ist, ist der Kunde verpflichtet, alle Unternehmensdaten, die er aufgrund des vorliegenden Vertrages sowie von allf\u00e4lligen Vertragserweiterungen oder -\u00e4nderungen von Profondia bezogen hat, unverz\u00fcglich zu vernichten.<\/p>\n<p>Ausgenommen von der Pflicht zur Vernichtung sind Unternehmensdaten von Personen oder Firmen, mit denen der Kunde eine positive pers\u00f6nliche Interaktion hatte. Der Kunde ist f\u00fcr derartige Interaktionen beweispflichtig.<\/p>\n<p><strong>Art. 10: Zahlungskonditionen und Folgen bei Nichtbezahlung<\/strong><\/p>\n<p>Zahlungen m\u00fcssen in Schweizer Franken geleistet werden.<\/p>\n<p>Beim Kauf mit Kreditkarte erfolgt die Belastung zum Zeitpunkt der Bestellung. Die Daten bei Bezahlung \u00fcber Kreditkarte werden verschl\u00fcsselt \u00fcbertragen. Beim Kauf auf Vorauskasse wird die Bestellung erst ausgel\u00f6st, sobald die entsprechende Zahlung bei Profondia AG eingetroffen ist.<\/p>\n<p>Alle von Profondia ausgestellten Rechnungen m\u00fcssen vom Kunden innert 30 Tagen ab Rechnungsdatum bezahlt werden. Profondia kann den Datenlieferungsvertrag fristlos aufl\u00f6sen oder die Dienstleistungen suspendieren, wenn der Kunde eine Rechnung nicht auf eine Mahnung von Profondia hin innert einer 10-t\u00e4gigen Nachfrist bezahlt. Der Kunde tr\u00e4gt alle Kosten, die Profondia entstehen, um die geschuldeten Beitr\u00e4ge einzutreiben. Pro Mahnschreiben steht Profondia eine Umtriebsgeb\u00fchr von CHF 30.00 zu.<\/p>\n<p><strong>Art. 11: Weitere Bestimmungen<\/strong><\/p>\n<p>Der Kunde kann die Rechte aus diesem Vertrag nicht an Dritte abtreten oder ver\u00e4ussern. S\u00e4mtliche Pflichten des Kunden, insbesondere f\u00fcr die Unterlassung der Nutzung sowie Vernichtung von Unternehmensdaten oder Bezahlung von Schulden sind unbeschr\u00e4nkt \u00fcber die Vertragsaufl\u00f6sung hinaus g\u00fcltig.<\/p>\n<p>Der Kunde und Profondia verpflichten sich zur Einhaltung der schweizerischen Datenschutzgesetzgebungen und sichern sich gegenseitig zu, s\u00e4mtliche Gesch\u00e4ftsgeheimnisse des anderen, von denen sie im Rahmen dieses Vertrages Kenntnis erhalten, streng vertraulich zu behandeln.<\/p>\n<p>Jede \u00c4nderung von Vertr\u00e4gen zwischen Profondia und dem Kunden, unter Einschluss dieser AGB, bedarf der Schriftform.<\/p>\n<p><strong>Art. 12: \u00c4nderungen der AGB<\/strong><\/p>\n<p>Profondia beh\u00e4lt sich vor, diese AGB jederzeit zu \u00e4ndern. Ge\u00e4nderte AGB sind dem Kunden schriftlich zur Kenntnis zu bringen. Sie gelten als angenommen, wenn der Kunde innert Monatsfrist keinen Widerspruch dagegen erhebt.<\/p>\n<p><strong>Art. 13: Anwendbares Recht<\/strong><\/p>\n<p>Das Vertragsverh\u00e4ltnis zwischen Profondia und dem Kunden unterliegt schweizerischem Recht.<\/p>\n<p><strong>Art. 14: Gerichtsstand<\/strong><\/p>\n<p>Ausschliesslicher Gerichtsstand f\u00fcr allf\u00e4llige, im Zusammenhang mit diesem Vertrag stehende Streitigkeiten sind die Gerichte am Sitz der Profondia AG.<\/p>\n<\/div>\n<\/div><\/div><\/div><\/div><\/div>","protected":false},"excerpt":{"rendered":"<p>Allgemeine Gesch\u00e4ftsbedingungenDie Profondia AG an der Bernstrasse 55 in 8952 Schlieren, (nachfolgend \u201eProfondia\u201c genannt) f\u00fchrt alle Datenlieferungs- und Dienstleistungsvertr\u00e4ge f\u00fcr den gem\u00e4ss dem jeweiligen Vertrag relevanten Gesch\u00e4ftsbereich des Kunden (nachfolgend \u201eKunde\u201c genannt) auf der Grundlage der nachfolgenden Allgemeinen Gesch\u00e4ftsbedingungen (AGB) durch.Die vorliegenden AGB gelten f\u00fcr alle \u00fcbermittelten Dokumente der Profondia und werden mit jeder Vertragsbest\u00e4tigungen &hellip; <a href=\"https:\/\/www.profondia.com\/de\/agb\/\" class=\"more-link\">Continue reading<span class=\"screen-reader-text\"> &#8222;Allgemeine Gesch\u00e4ftsbedingungen&#8220;<\/span><\/a><\/p>\n","protected":false},"author":1,"featured_media":0,"parent":0,"menu_order":0,"comment_status":"closed","ping_status":"closed","template":"","meta":{"_seopress_robots_primary_cat":"","_seopress_titles_title":"","_seopress_titles_desc":"Allgemeine Gesch\u00e4ftsbedingungen der Profondia AG an der Bernstrasse 55 in 8952 Schlieren.","_seopress_robots_index":"","_kiway_template_id":"","_kiway_page_mode":"","_kiway_site_id":"","_kiway_nav_order":0,"_kiway_nav_parent":"","_kiway_is_front_page":""},"acf":[],"_links":{"self":[{"href":"https:\/\/www.profondia.com\/de\/wp-json\/wp\/v2\/pages\/75"}],"collection":[{"href":"https:\/\/www.profondia.com\/de\/wp-json\/wp\/v2\/pages"}],"about":[{"href":"https:\/\/www.profondia.com\/de\/wp-json\/wp\/v2\/types\/page"}],"author":[{"embeddable":true,"href":"https:\/\/www.profondia.com\/de\/wp-json\/wp\/v2\/users\/1"}],"replies":[{"embeddable":true,"href":"https:\/\/www.profondia.com\/de\/wp-json\/wp\/v2\/comments?post=75"}],"version-history":[{"count":5,"href":"https:\/\/www.profondia.com\/de\/wp-json\/wp\/v2\/pages\/75\/revisions"}],"predecessor-version":[{"id":7963,"href":"https:\/\/www.profondia.com\/de\/wp-json\/wp\/v2\/pages\/75\/revisions\/7963"}],"wp:attachment":[{"href":"https:\/\/www.profondia.com\/de\/wp-json\/wp\/v2\/media?parent=75"}],"curies":[{"name":"wp","href":"https:\/\/api.w.org\/{rel}","templated":true}]}}