{"id":71,"date":"2021-12-16T11:49:49","date_gmt":"2021-12-16T11:49:49","guid":{"rendered":"http:\/\/profondia.ch\/?page_id=71"},"modified":"2024-07-26T13:26:07","modified_gmt":"2024-07-26T12:26:07","slug":"jobs","status":"publish","type":"page","link":"https:\/\/www.profondia.com\/de\/jobs\/","title":{"rendered":"Jobs"},"content":{"rendered":"<div id=\"pl-71\"  class=\"panel-layout\" ><div id=\"pg-71-0\"  class=\"panel-grid panel-no-style\" ><div id=\"pgc-71-0-0\"  class=\"panel-grid-cell\" ><div id=\"panel-71-0-0-0\" class=\"so-panel widget widget_sow-editor panel-first-child panel-last-child\" data-index=\"0\" ><div\n\t\t\t\n\t\t\tclass=\"so-widget-sow-editor so-widget-sow-editor-base\"\n\t\t\t\n\t\t>\n<div class=\"siteorigin-widget-tinymce textwidget\">\n\t<h1 class=\"pageTitle\">Jobs<\/h1>\n<p class=\"lead\">Seit mehr als 30 Jahren ist Profondia die Quelle f\u00fcr aktuelle Informationen \u00fcber den Einsatz von Informatik und Telekommunikation bei den 13\u2018700 gr\u00f6ssten Unternehmen in der Schweiz.<\/p>\n<p>Unsere pr\u00e4zisen Marktdaten und Dienstleistungen bilden die Basis f\u00fcr erfolgreiche Marktbearbeitungs-Kampagnen innerhalb und ausserhalb der ICT-Branche und vielleicht auch f\u00fcr Ihren n\u00e4chsten Karriereschritt.<\/p>\n<\/div>\n<\/div><\/div><\/div><\/div><div id=\"pg-71-1\"  class=\"panel-grid panel-no-style\" ><div id=\"pgc-71-1-0\"  class=\"panel-grid-cell\" >\r\n<div class=\"profon_toogle\">\r\n  <section class=\"jobitem\">\r\n    <label class=\"jobitem_title\"><i class=\"fa fa-plus\"><\/i> Quereinsteiger\/in f\u00fcr B\u00fcroarbeit mit geregelten Arbeitszeiten gesucht<\/label>\r\n    <div class=\"jobitem_content\">\r\n    <p>Zur Verst\u00e4rkung unseres Teams beim Hauptbahnhof SBB in Basel suchen wir Sie!<\/p>\n<p>Sind Sie kommunikativ, zuverl\u00e4ssig und sprechen <strong>Schweizerdeutsch<\/strong>? Legen Sie hohen Wert auf eine famili\u00e4re Atmosph\u00e4re und Teamgeist? Sind Sie an Informatik interessiert und m\u00f6chten in diesem Bereich ausgebildet werden? Dann sind Sie richtig bei uns!<\/p>\n<p>Als Mitglied unseres Teams f\u00fchren Sie telefonische Interviews zur Analyse des Informatik-Einsatzes bei Schweizer Firmen durch und aktualisieren Firmen- und Personendaten. Die erhobenen Informationen erfassen Sie sorgf\u00e4ltig in unseren Systemen.<\/p>\n<p>Als unsere Wunschkandidatin verf\u00fcgenden Sie \u00fcber eine abgeschlossene Berufsausbildung und einen soliden beruflicher Werdegang. Sie sind kommunikationsfreudig und es f\u00e4llt Ihnen leicht, am Telefon einen pers\u00f6nlichen Kontakt aufzubauen. Ihre Deutschkenntnisse erlauben es ihnen, Texte sauber zu formulieren und Sie k\u00f6nnen diese fehlerfrei erfassen.<\/p>\n<p>Im Idealfall k\u00f6nnen Sie zwischen 80 bis 100% arbeiten. Falls Sie zus\u00e4tzlich auch fliessend Franz\u00f6sisch oder Italienisch sprechen, ist dies ein Vorteil, aber keine Voraussetzung.<\/p>\n<p>Wir bieten ein sehr modernes Arbeitsumfeld in neu eingerichteten B\u00fcror\u00e4umen direkt beim Hauptbahnhof Basel SBB. Sie arbeiten zu geregelten B\u00fcroarbeitszeiten (8.00 bis 17.00 Uhr).<\/p>\n<p>In Ihren neuen Aufgabereich werden Sie sorgf\u00e4ltig eingearbeitet und dabei von unserem eingespielten Team unterst\u00fctzt.<\/p>\n<p>Wir freuen uns Ihre vollst\u00e4ndigen Bewerbungsunterlagen per E-Mail zu erhalten.<br \/>\n<a href=\"mailto:rcleitung@profondia.com\">rcleitung@profondia.com<\/a><\/p>\n<p>Profondia AG<br \/>\nz.Hd. RC Leitung<br \/>\nG\u00fcterstrasse 88<br \/>\n4053 Basel<br \/>\n<a href=\"tel:+41 (0)61 544 41 11\">+41 (0)61 544 41 11<\/a><\/p>\n<p>Wir ber\u00fccksichtigen keine Bewerbungen via Personalvermittler. Danke f\u00fcr das Verst\u00e4ndnis.<\/p>\n<p><a href=\"https:\/\/www.profondia.com\" target=\"_blank\" rel=\"noopener\">https:\/\/www.profondia.com<\/a><\/p>\n<p><a class=\"btn\" href=\"mailto:rcleitung@profondia.com\">Bewerben<\/a><\/p>\n    <\/div>\r\n  <\/section>\r\n      \r\n<\/div>\r\n\r\n<!-- END HERE -->\r\n\r\n\r\n\r\n<\/div><\/div><\/div>","protected":false},"excerpt":{"rendered":"<p>Jobs Seit mehr als 30 Jahren ist Profondia die Quelle f\u00fcr aktuelle Informationen \u00fcber den Einsatz von Informatik und Telekommunikation bei den 13\u2018700 gr\u00f6ssten Unternehmen in der Schweiz. Unsere pr\u00e4zisen Marktdaten und Dienstleistungen bilden die Basis f\u00fcr erfolgreiche Marktbearbeitungs-Kampagnen innerhalb und ausserhalb der ICT-Branche und vielleicht auch f\u00fcr Ihren n\u00e4chsten Karriereschritt.<\/p>\n","protected":false},"author":1,"featured_media":0,"parent":0,"menu_order":0,"comment_status":"closed","ping_status":"closed","template":"","meta":{"_seopress_robots_primary_cat":"","_seopress_titles_title":"Jobs - Profondia AG","_seopress_titles_desc":"Unser Unternehmen ist seit 30 Jahren die Referenz f\u00fcr hochwertige Marktinformationen \u00fcber den Informatikeinsatz in den 13'000 gr\u00f6ssten Schweizer Firmen.","_seopress_robots_index":"","_kiway_template_id":"","_kiway_page_mode":"","_kiway_site_id":"","_kiway_nav_order":0,"_kiway_nav_parent":"","_kiway_is_front_page":""},"acf":[],"_links":{"self":[{"href":"https:\/\/www.profondia.com\/de\/wp-json\/wp\/v2\/pages\/71"}],"collection":[{"href":"https:\/\/www.profondia.com\/de\/wp-json\/wp\/v2\/pages"}],"about":[{"href":"https:\/\/www.profondia.com\/de\/wp-json\/wp\/v2\/types\/page"}],"author":[{"embeddable":true,"href":"https:\/\/www.profondia.com\/de\/wp-json\/wp\/v2\/users\/1"}],"replies":[{"embeddable":true,"href":"https:\/\/www.profondia.com\/de\/wp-json\/wp\/v2\/comments?post=71"}],"version-history":[{"count":41,"href":"https:\/\/www.profondia.com\/de\/wp-json\/wp\/v2\/pages\/71\/revisions"}],"predecessor-version":[{"id":9647,"href":"https:\/\/www.profondia.com\/de\/wp-json\/wp\/v2\/pages\/71\/revisions\/9647"}],"wp:attachment":[{"href":"https:\/\/www.profondia.com\/de\/wp-json\/wp\/v2\/media?parent=71"}],"curies":[{"name":"wp","href":"https:\/\/api.w.org\/{rel}","templated":true}]}}