{"id":6,"date":"2021-12-16T11:24:27","date_gmt":"2021-12-16T11:24:27","guid":{"rendered":"http:\/\/profondia.ch\/?page_id=6"},"modified":"2021-12-27T12:30:49","modified_gmt":"2021-12-27T12:30:49","slug":"unternehmen","status":"publish","type":"page","link":"https:\/\/www.profondia.com\/de\/unternehmen\/","title":{"rendered":"Unternehmen"},"content":{"rendered":"<div id=\"pl-6\"  class=\"panel-layout\" ><div id=\"pg-6-0\"  class=\"panel-grid panel-no-style\" ><div id=\"pgc-6-0-0\"  class=\"panel-grid-cell\" ><div id=\"panel-6-0-0-0\" class=\"so-panel widget widget_sow-editor panel-first-child panel-last-child\" data-index=\"0\" ><div\n\t\t\t\n\t\t\tclass=\"so-widget-sow-editor so-widget-sow-editor-base\"\n\t\t\t\n\t\t>\n<div class=\"siteorigin-widget-tinymce textwidget\">\n\t<h1 class=\"pageTitle\">Unternehmen<\/h1>\n<h3><span style=\"color: #f18e00;\">Profondia AG<\/span><\/h3>\n<p>Die Firma Profondia wurde im Jahr 1991 gegr\u00fcndet. Seit dem Beginn ist unser Hauptgesch\u00e4ft die Erhebung von detaillierten Informationen \u00fcber den ICT-Einsatz bei den gr\u00f6ssten 13\u2018700 Schweizer Unternehmen.<\/p>\n<p>Nebst der Pflege der ICT-Datenbank Userbase haben wir eine gewisse Kapazit\u00e4t zur Durchf\u00fchrung von kundenspezifischen Umfragen geschaffen.<\/p>\n<p>Das Hauptaugenmerk der mehr als 20 Besch\u00e4ftigten an den Standorten Schlieren und Basel gilt der Sicherstellung von hohen Qualit\u00e4tsanforderungen, um unseren Kunden eine systematische und gezielte Marktbearbeitung zu erm\u00f6glichen.<\/p>\n<h3><span style=\"color: #f18e00;\">Unsere Mission<\/span><\/h3>\n<ul>\n<li>Unsere Mitarbeiter sind auf Informatik und Telekommunikation spezialisiert<\/li>\n<li>\u00dcber den ICT-Einsatz im Schweizer Markt liefern wir allzeit aktuelle Daten<\/li>\n<li>Im Sinne einer Vollerhebung bem\u00fchen wir uns um eine m\u00f6glichst hohe Auskunftsrate und stellen den Inhalt klar strukturiert und in \u00fcbersichtlichen Formaten zur Verf\u00fcgung<\/li>\n<li>Benutzerfreundliche Anwendungen erm\u00f6glichen effizientes Arbeiten<\/li>\n<li>Fortlaufende Beobachtung des ICT-Marktes sichert die Anpassung des Informationsgehalts an aktuelle Marktsituationen<\/li>\n<li>Individuelle Beratung und Unterst\u00fctzung sichert die optimale Nutzung unserer Daten<\/li>\n<\/ul>\n<h3><span style=\"color: #f18e00;\">Mit Profondia schneller ans Ziel<\/span><\/h3>\n<p>Wir beantworten die folgenden Schl\u00fcsselfragen und unterst\u00fctzen Sie, damit Sie Ihre Ziele schneller erreichen:<\/p>\n<ul>\n<li>Wie gross ist Ihr Marktpotential?<\/li>\n<li>Wie kann Ihr Markt segmentiert werden?<\/li>\n<li>Wo werden die Entscheidungen bez\u00fcglich ICT-Investitionen getroffen und wer sind die Ansprechpartner?<\/li>\n<li>Spricht das Sales-Team effektiv mit den richtigen Kontakten?<\/li>\n<li>Welche Hard- und Software werden eingesetzt und welche Service-Vertr\u00e4ge sind vorhanden?<\/li>\n<li>Welche Anschaffungen sind in den n\u00e4chsten 12 Monaten geplant?<\/li>\n<li>Welches sind die Kunden Ihrer Mitbewerber?<\/li>\n<li>Wie hoch sind die Marktanteile der einzelnen ICT-Anbieter?<\/li>\n<li>Wer gewinnt von welchem Mitbewerber und aus welchem Grund?<\/li>\n<\/ul>\n<\/div>\n<\/div><\/div><\/div><\/div><\/div>","protected":false},"excerpt":{"rendered":"<p>Unternehmen Profondia AG Die Firma Profondia wurde im Jahr 1991 gegr\u00fcndet. Seit dem Beginn ist unser Hauptgesch\u00e4ft die Erhebung von detaillierten Informationen \u00fcber den ICT-Einsatz bei den gr\u00f6ssten 13\u2018700 Schweizer Unternehmen. Nebst der Pflege der ICT-Datenbank Userbase haben wir eine gewisse Kapazit\u00e4t zur Durchf\u00fchrung von kundenspezifischen Umfragen geschaffen. Das Hauptaugenmerk der mehr als 20 Besch\u00e4ftigten &hellip; <a href=\"https:\/\/www.profondia.com\/de\/unternehmen\/\" class=\"more-link\">Continue reading<span class=\"screen-reader-text\"> &#8222;Unternehmen&#8220;<\/span><\/a><\/p>\n","protected":false},"author":1,"featured_media":0,"parent":0,"menu_order":0,"comment_status":"closed","ping_status":"closed","template":"","meta":{"_seopress_robots_primary_cat":"","_seopress_titles_title":"","_seopress_titles_desc":"","_seopress_robots_index":"","_kiway_template_id":"","_kiway_page_mode":"","_kiway_site_id":"","_kiway_nav_order":0,"_kiway_nav_parent":"","_kiway_is_front_page":""},"acf":[],"_links":{"self":[{"href":"https:\/\/www.profondia.com\/de\/wp-json\/wp\/v2\/pages\/6"}],"collection":[{"href":"https:\/\/www.profondia.com\/de\/wp-json\/wp\/v2\/pages"}],"about":[{"href":"https:\/\/www.profondia.com\/de\/wp-json\/wp\/v2\/types\/page"}],"author":[{"embeddable":true,"href":"https:\/\/www.profondia.com\/de\/wp-json\/wp\/v2\/users\/1"}],"replies":[{"embeddable":true,"href":"https:\/\/www.profondia.com\/de\/wp-json\/wp\/v2\/comments?post=6"}],"version-history":[{"count":6,"href":"https:\/\/www.profondia.com\/de\/wp-json\/wp\/v2\/pages\/6\/revisions"}],"predecessor-version":[{"id":275,"href":"https:\/\/www.profondia.com\/de\/wp-json\/wp\/v2\/pages\/6\/revisions\/275"}],"wp:attachment":[{"href":"https:\/\/www.profondia.com\/de\/wp-json\/wp\/v2\/media?parent=6"}],"curies":[{"name":"wp","href":"https:\/\/api.w.org\/{rel}","templated":true}]}}