{"id":40,"date":"2021-12-16T11:31:20","date_gmt":"2021-12-16T11:31:20","guid":{"rendered":"http:\/\/profondia.ch\/?page_id=40"},"modified":"2025-04-14T08:24:39","modified_gmt":"2025-04-14T07:24:39","slug":"telemarketing","status":"publish","type":"page","link":"https:\/\/www.profondia.com\/de\/lead-generation\/telemarketing\/","title":{"rendered":"Telemarketing"},"content":{"rendered":"<div id=\"pl-40\"  class=\"panel-layout\" ><div id=\"pg-40-0\"  class=\"panel-grid panel-no-style\" ><div id=\"pgc-40-0-0\"  class=\"panel-grid-cell\" ><div id=\"panel-40-0-0-0\" class=\"so-panel widget widget_sow-editor panel-first-child panel-last-child\" data-index=\"0\" ><div\n\t\t\t\n\t\t\tclass=\"so-widget-sow-editor so-widget-sow-editor-base\"\n\t\t\t\n\t\t>\n<div class=\"siteorigin-widget-tinymce textwidget\">\n\t<h1 class=\"pageTitle\">Telemarketing: Ihr Portal zu neuen Kunden<\/h1>\n<p class=\"lead\">Excel-Listen per Mail umher senden, das war gestern! Mit Telemarketing steht Ihnen f\u00fcr die Zusammenarbeit mit uns ein modernes Internetportal zur Verf\u00fcgung.<\/p>\n<p>Die Resultate f\u00fcr Lead Generation, Terminvereinbarungen oder Marktumfragen werden Ihnen durch das Telemarketing direkt auf den Bildschirm geliefert - zeitnah und mit vollst\u00e4ndigen, qualitativ hochwertigen Lead-Informationen.<\/p>\n<\/div>\n<\/div><\/div><\/div><\/div><\/div>","protected":false},"excerpt":{"rendered":"<p>Telemarketing: Ihr Portal zu neuen Kunden Excel-Listen per Mail umher senden, das war gestern! Mit Telemarketing steht Ihnen f\u00fcr die Zusammenarbeit mit uns ein modernes Internetportal zur Verf\u00fcgung. Die Resultate f\u00fcr Lead Generation, Terminvereinbarungen oder Marktumfragen werden Ihnen durch das Telemarketing direkt auf den Bildschirm geliefert &#8211; zeitnah und mit vollst\u00e4ndigen, qualitativ hochwertigen Lead-Informationen.<\/p>\n","protected":false},"author":1,"featured_media":0,"parent":38,"menu_order":0,"comment_status":"closed","ping_status":"closed","template":"","meta":{"_seopress_robots_primary_cat":"","_seopress_titles_title":"Telemarketing - Profondia AG","_seopress_titles_desc":"Ihr Portal zu neuen Kunden. Excel-Listen per Mail umher senden, das war gestern! Mit Telemarketing steht Ihnen f\u00fcr die Zusammenarbeit mit uns ein modernes Internetportal zur Verf\u00fcgung.","_seopress_robots_index":"","_kiway_template_id":"","_kiway_page_mode":"","_kiway_site_id":"","_kiway_nav_order":0,"_kiway_nav_parent":"","_kiway_is_front_page":""},"acf":[],"_links":{"self":[{"href":"https:\/\/www.profondia.com\/de\/wp-json\/wp\/v2\/pages\/40"}],"collection":[{"href":"https:\/\/www.profondia.com\/de\/wp-json\/wp\/v2\/pages"}],"about":[{"href":"https:\/\/www.profondia.com\/de\/wp-json\/wp\/v2\/types\/page"}],"author":[{"embeddable":true,"href":"https:\/\/www.profondia.com\/de\/wp-json\/wp\/v2\/users\/1"}],"replies":[{"embeddable":true,"href":"https:\/\/www.profondia.com\/de\/wp-json\/wp\/v2\/comments?post=40"}],"version-history":[{"count":8,"href":"https:\/\/www.profondia.com\/de\/wp-json\/wp\/v2\/pages\/40\/revisions"}],"predecessor-version":[{"id":10003,"href":"https:\/\/www.profondia.com\/de\/wp-json\/wp\/v2\/pages\/40\/revisions\/10003"}],"up":[{"embeddable":true,"href":"https:\/\/www.profondia.com\/de\/wp-json\/wp\/v2\/pages\/38"}],"wp:attachment":[{"href":"https:\/\/www.profondia.com\/de\/wp-json\/wp\/v2\/media?parent=40"}],"curies":[{"name":"wp","href":"https:\/\/api.w.org\/{rel}","templated":true}]}}