{"id":36,"date":"2021-12-16T11:30:45","date_gmt":"2021-12-16T11:30:45","guid":{"rendered":"http:\/\/profondia.ch\/?page_id=36"},"modified":"2023-01-25T09:12:20","modified_gmt":"2023-01-25T08:12:20","slug":"social-media-service","status":"publish","type":"page","link":"https:\/\/www.profondia.com\/de\/social-media-service\/","title":{"rendered":"Social Media Marketing"},"content":{"rendered":"<div id=\"pl-36\"  class=\"panel-layout\" ><div id=\"pg-36-0\"  class=\"panel-grid panel-no-style\" ><div id=\"pgc-36-0-0\"  class=\"panel-grid-cell\" ><div id=\"panel-36-0-0-0\" class=\"so-panel widget widget_sow-editor panel-first-child panel-last-child\" data-index=\"0\" ><div\n\t\t\t\n\t\t\tclass=\"so-widget-sow-editor so-widget-sow-editor-base\"\n\t\t\t\n\t\t>\n<div class=\"siteorigin-widget-tinymce textwidget\">\n\t<h1>Impressions, likes und clicks sind nett...<\/h1>\n<p class=\"lead\">...vor allem dann, wenn diese von Entscheidungstr\u00e4gern kommen, welche durch den Einsatz Ihrer L\u00f6sung einen echten Mehrwert erzielen k\u00f6nnen.<\/p>\n<p>Aufgrund der umfassenden Selektionskriterien in unserer Userbase-Datenbank k\u00f6nnen Sie in den sozialen Netzwerken exakt die Firmen identifizieren, welche Potential f\u00fcr Ihr Angebot haben und kommen zudem bei den Entscheidungstr\u00e4gern auf den Radar, welche im Evaluationsprozess mitreden.<\/p>\n<p>Vermeiden Sie Medienausgaben f\u00fcr die Ansprache von Firmen, welche keine Verwendung f\u00fcr Ihr Angebot haben und vermeiden Sie die Generierung von Pseudo-Leads, welche Ihrem Verkaufsteam unn\u00fctzen Qualifizierungsaufwand bescheren.<\/p>\n<p>Wir unterst\u00fctzen Sie gerne bei der Punktlandung!<\/p>\n<\/div>\n<\/div><\/div><\/div><\/div><\/div>","protected":false},"excerpt":{"rendered":"<p>Impressions, likes und clicks sind nett&#8230; &#8230;vor allem dann, wenn diese von Entscheidungstr\u00e4gern kommen, welche durch den Einsatz Ihrer L\u00f6sung einen echten Mehrwert erzielen k\u00f6nnen. Aufgrund der umfassenden Selektionskriterien in unserer Userbase-Datenbank k\u00f6nnen Sie in den sozialen Netzwerken exakt die Firmen identifizieren, welche Potential f\u00fcr Ihr Angebot haben und kommen zudem bei den Entscheidungstr\u00e4gern auf &hellip; <a href=\"https:\/\/www.profondia.com\/de\/social-media-service\/\" class=\"more-link\">Continue reading<span class=\"screen-reader-text\"> &#8222;Social Media Marketing&#8220;<\/span><\/a><\/p>\n","protected":false},"author":1,"featured_media":0,"parent":0,"menu_order":0,"comment_status":"closed","ping_status":"closed","template":"","meta":{"_seopress_robots_primary_cat":"","_seopress_titles_title":"","_seopress_titles_desc":"Aufgrund der umfassenden Selektionskriterien in unserer Userbase-Datenbank k\u00f6nnen Sie in den sozialen Netzwerken exakt die Firmen identifizieren, welche Potential f\u00fcr Ihr Angebot haben und kommen zudem bei den Entscheidungstr\u00e4gern auf den Radar, welche im Evaluationsprozess mitreden.","_seopress_robots_index":"","_kiway_template_id":"","_kiway_page_mode":"","_kiway_site_id":"","_kiway_nav_order":0,"_kiway_nav_parent":"","_kiway_is_front_page":""},"acf":[],"_links":{"self":[{"href":"https:\/\/www.profondia.com\/de\/wp-json\/wp\/v2\/pages\/36"}],"collection":[{"href":"https:\/\/www.profondia.com\/de\/wp-json\/wp\/v2\/pages"}],"about":[{"href":"https:\/\/www.profondia.com\/de\/wp-json\/wp\/v2\/types\/page"}],"author":[{"embeddable":true,"href":"https:\/\/www.profondia.com\/de\/wp-json\/wp\/v2\/users\/1"}],"replies":[{"embeddable":true,"href":"https:\/\/www.profondia.com\/de\/wp-json\/wp\/v2\/comments?post=36"}],"version-history":[{"count":12,"href":"https:\/\/www.profondia.com\/de\/wp-json\/wp\/v2\/pages\/36\/revisions"}],"predecessor-version":[{"id":8937,"href":"https:\/\/www.profondia.com\/de\/wp-json\/wp\/v2\/pages\/36\/revisions\/8937"}],"wp:attachment":[{"href":"https:\/\/www.profondia.com\/de\/wp-json\/wp\/v2\/media?parent=36"}],"curies":[{"name":"wp","href":"https:\/\/api.w.org\/{rel}","templated":true}]}}