{"id":26,"date":"2021-12-16T11:28:42","date_gmt":"2021-12-16T11:28:42","guid":{"rendered":"http:\/\/profondia.ch\/?page_id=26"},"modified":"2022-01-26T10:56:03","modified_gmt":"2022-01-26T10:56:03","slug":"list-solutions","status":"publish","type":"page","link":"https:\/\/www.profondia.com\/de\/business-datenbank\/list-solutions\/","title":{"rendered":"List Solutions"},"content":{"rendered":"<div id=\"pl-26\"  class=\"panel-layout\" ><div id=\"pg-26-0\"  class=\"panel-grid panel-no-style\" ><div id=\"pgc-26-0-0\"  class=\"panel-grid-cell\" ><div id=\"panel-26-0-0-0\" class=\"so-panel widget widget_sow-editor panel-first-child panel-last-child\" data-index=\"0\" ><div\n\t\t\t\n\t\t\tclass=\"so-widget-sow-editor so-widget-sow-editor-base\"\n\t\t\t\n\t\t>\n<div class=\"siteorigin-widget-tinymce textwidget\">\n\t<aside class=\"col-md-6 col-sm-8 col-xs-12 content\">\n<h1 class=\"pageTitle\">Der direkte Weg zum Entscheider<\/h1>\n<div class=\"mura-region mura-region-loose\">\n<div class=\"mura-region-local\">\n<p class=\"lead\">K\u00fcnftig gelangen Sie direkt zum Entscheidungstr\u00e4ger Ihrer Wahl. F\u00fcr Ihre Verkaufs- und Marketingaktivit\u00e4ten sind die massgeschneiderten Businessadresslisten aus der Insightbase perfekt. Und schon sind Sie mit potenziellen Kunden im Gespr\u00e4ch!<\/p>\n<p>Ihre individuell selektierte Adressliste enth\u00e4lt nebst Firmenadressen und Telefonnummern die Namen der Entscheidungstr\u00e4ger mit Funktion, Anzahl Mitarbeitende und die Branche. Sie definieren Ihre Zielgruppe zudem nach Ort\/Region\/Sprache und weiteren demographischen Auswahlkriterien, die ebenfalls in Ihrer Adressliste aufgef\u00fchrt werden.<\/p>\n<h4>Wichtig zu wissen<\/h4>\n<p>Sie w\u00e4hlen Ihre Adressliste als Marketing Service (beliebige Nutzung 12 Monate) oder als Mailing Service (einmalige Nutzung f\u00fcr den Versand von Mailings mit den g\u00e4ngigen Adressinformationen, aber zum Beispiel ohne Telefon- und Fax-Nummer).<\/p>\n<\/div>\n<\/div>\n<\/aside>\n<\/div>\n<\/div><\/div><\/div><\/div><\/div>","protected":false},"excerpt":{"rendered":"<p>Der direkte Weg zum EntscheiderK\u00fcnftig gelangen Sie direkt zum Entscheidungstr\u00e4ger Ihrer Wahl. F\u00fcr Ihre Verkaufs- und Marketingaktivit\u00e4ten sind die massgeschneiderten Businessadresslisten aus der Insightbase perfekt. Und schon sind Sie mit potenziellen Kunden im Gespr\u00e4ch!Ihre individuell selektierte Adressliste enth\u00e4lt nebst Firmenadressen und Telefonnummern die Namen der Entscheidungstr\u00e4ger mit Funktion, Anzahl Mitarbeitende und die Branche. Sie definieren &hellip; <a href=\"https:\/\/www.profondia.com\/de\/business-datenbank\/list-solutions\/\" class=\"more-link\">Continue reading<span class=\"screen-reader-text\"> &#8222;List Solutions&#8220;<\/span><\/a><\/p>\n","protected":false},"author":1,"featured_media":0,"parent":22,"menu_order":0,"comment_status":"closed","ping_status":"closed","template":"","meta":{"_seopress_robots_primary_cat":"","_seopress_titles_title":"","_seopress_titles_desc":"Der direkte Weg zum Entscheider. F\u00fcr Ihre Verkaufs- und Marketingaktivit\u00e4ten sind die massgeschneiderten Businessadresslisten aus der Insightbase perfekt.","_seopress_robots_index":"","_kiway_template_id":"","_kiway_page_mode":"","_kiway_site_id":"","_kiway_nav_order":0,"_kiway_nav_parent":"","_kiway_is_front_page":""},"acf":[],"_links":{"self":[{"href":"https:\/\/www.profondia.com\/de\/wp-json\/wp\/v2\/pages\/26"}],"collection":[{"href":"https:\/\/www.profondia.com\/de\/wp-json\/wp\/v2\/pages"}],"about":[{"href":"https:\/\/www.profondia.com\/de\/wp-json\/wp\/v2\/types\/page"}],"author":[{"embeddable":true,"href":"https:\/\/www.profondia.com\/de\/wp-json\/wp\/v2\/users\/1"}],"replies":[{"embeddable":true,"href":"https:\/\/www.profondia.com\/de\/wp-json\/wp\/v2\/comments?post=26"}],"version-history":[{"count":6,"href":"https:\/\/www.profondia.com\/de\/wp-json\/wp\/v2\/pages\/26\/revisions"}],"predecessor-version":[{"id":5913,"href":"https:\/\/www.profondia.com\/de\/wp-json\/wp\/v2\/pages\/26\/revisions\/5913"}],"up":[{"embeddable":true,"href":"https:\/\/www.profondia.com\/de\/wp-json\/wp\/v2\/pages\/22"}],"wp:attachment":[{"href":"https:\/\/www.profondia.com\/de\/wp-json\/wp\/v2\/media?parent=26"}],"curies":[{"name":"wp","href":"https:\/\/api.w.org\/{rel}","templated":true}]}}