{"id":24,"date":"2021-12-16T11:28:27","date_gmt":"2021-12-16T11:28:27","guid":{"rendered":"http:\/\/profondia.ch\/?page_id=24"},"modified":"2022-02-01T04:17:51","modified_gmt":"2022-02-01T04:17:51","slug":"insightbase-datenbank-service","status":"publish","type":"page","link":"https:\/\/www.profondia.com\/de\/business-datenbank\/insightbase-datenbank-service\/","title":{"rendered":"Insightbase Datenbank-Service"},"content":{"rendered":"<div id=\"pl-24\"  class=\"panel-layout\" ><div id=\"pg-24-0\"  class=\"panel-grid panel-no-style\" ><div id=\"pgc-24-0-0\"  class=\"panel-grid-cell\" ><div id=\"panel-24-0-0-0\" class=\"so-panel widget widget_sow-editor panel-first-child panel-last-child\" data-index=\"0\" ><div\n\t\t\t\n\t\t\tclass=\"so-widget-sow-editor so-widget-sow-editor-base\"\n\t\t\t\n\t\t>\n<div class=\"siteorigin-widget-tinymce textwidget\">\n\t<h1 class=\"pageTitle\">Den Markt permanent im Fokus<\/h1>\n<p class=\"lead\">Endlich erkennen Sie, welche Firmen effektives Gesch\u00e4ftspotential haben und erfahren, wer die aktuellen Entscheidungstr\u00e4ger sind. Diese Informationen werden von uns in direktem Kontakt mit den Firmen erhoben und kontinuierlich aktualisiert.<\/p>\n<p>Mit dem Insightbase Datenbank-Abo haben Sie Zugriff auf die von Ihnen definierte Firmen-Zielgruppe. Sie kennen alle von uns identifizierten Entscheidungstr\u00e4ger und wissen auch wie viele Mitarbeiter besch\u00e4ftigt sind oder \u00fcber wie viele PC-Arbeitspl\u00e4tze und Firmenfahrzeuge die Firma verf\u00fcgt.<\/p>\n<h4>Wichtig zu wissen<\/h4>\n<p>Selektieren Sie w\u00e4hrend der Vertragsdauer die f\u00fcr Sie wichtigen Informationen nach Belieben und f\u00fchren Mailings und Kampagnen zum Gewinn von Neukunden mit aktuellen Daten durch.<\/p>\n<\/div>\n<\/div><\/div><\/div><\/div><\/div>","protected":false},"excerpt":{"rendered":"<p>Den Markt permanent im FokusEndlich erkennen Sie, welche Firmen effektives Gesch\u00e4ftspotential haben und erfahren, wer die aktuellen Entscheidungstr\u00e4ger sind. Diese Informationen werden von uns in direktem Kontakt mit den Firmen erhoben und kontinuierlich aktualisiert.Mit dem Insightbase Datenbank-Abo haben Sie Zugriff auf die von Ihnen definierte Firmen-Zielgruppe. Sie kennen alle von uns identifizierten Entscheidungstr\u00e4ger und wissen &hellip; <a href=\"https:\/\/www.profondia.com\/de\/business-datenbank\/insightbase-datenbank-service\/\" class=\"more-link\">Continue reading<span class=\"screen-reader-text\"> &#8222;Insightbase Datenbank-Service&#8220;<\/span><\/a><\/p>\n","protected":false},"author":1,"featured_media":0,"parent":22,"menu_order":0,"comment_status":"closed","ping_status":"closed","template":"","meta":{"_seopress_robots_primary_cat":"","_seopress_titles_title":"","_seopress_titles_desc":"Insightbase Datenbank-Service: Endlich erkennen Sie, welche Firmen effektives Gesch\u00e4ftspotential haben und erfahren, wer die aktuellen Entscheidungstr\u00e4ger sind. ","_seopress_robots_index":"","_kiway_template_id":"","_kiway_page_mode":"","_kiway_site_id":"","_kiway_nav_order":0,"_kiway_nav_parent":"","_kiway_is_front_page":""},"acf":[],"_links":{"self":[{"href":"https:\/\/www.profondia.com\/de\/wp-json\/wp\/v2\/pages\/24"}],"collection":[{"href":"https:\/\/www.profondia.com\/de\/wp-json\/wp\/v2\/pages"}],"about":[{"href":"https:\/\/www.profondia.com\/de\/wp-json\/wp\/v2\/types\/page"}],"author":[{"embeddable":true,"href":"https:\/\/www.profondia.com\/de\/wp-json\/wp\/v2\/users\/1"}],"replies":[{"embeddable":true,"href":"https:\/\/www.profondia.com\/de\/wp-json\/wp\/v2\/comments?post=24"}],"version-history":[{"count":9,"href":"https:\/\/www.profondia.com\/de\/wp-json\/wp\/v2\/pages\/24\/revisions"}],"predecessor-version":[{"id":7969,"href":"https:\/\/www.profondia.com\/de\/wp-json\/wp\/v2\/pages\/24\/revisions\/7969"}],"up":[{"embeddable":true,"href":"https:\/\/www.profondia.com\/de\/wp-json\/wp\/v2\/pages\/22"}],"wp:attachment":[{"href":"https:\/\/www.profondia.com\/de\/wp-json\/wp\/v2\/media?parent=24"}],"curies":[{"name":"wp","href":"https:\/\/api.w.org\/{rel}","templated":true}]}}