{"id":20,"date":"2021-12-16T11:26:56","date_gmt":"2021-12-16T11:26:56","guid":{"rendered":"http:\/\/profondia.ch\/?page_id=20"},"modified":"2022-02-16T09:10:53","modified_gmt":"2022-02-16T08:10:53","slug":"web-tracker","status":"publish","type":"page","link":"https:\/\/www.profondia.com\/de\/web-tracker\/","title":{"rendered":"Web Tracker"},"content":{"rendered":"<div id=\"pl-20\"  class=\"panel-layout\" ><div id=\"pg-20-0\"  class=\"panel-grid panel-no-style\" ><div id=\"pgc-20-0-0\"  class=\"panel-grid-cell\" ><div id=\"panel-20-0-0-0\" class=\"so-panel widget widget_sow-editor panel-first-child panel-last-child\" data-index=\"0\" ><div\n\t\t\t\n\t\t\tclass=\"so-widget-sow-editor so-widget-sow-editor-base\"\n\t\t\t\n\t\t>\n<div class=\"siteorigin-widget-tinymce textwidget\">\n\t<h1 class=\"pageTitle\">Profondia Web Tracker<\/h1>\n<p class=\"lead\">Ein professioneller Onlineauftritt kostet viel Geld und Zeit. Bei Konsumg\u00fctern ist das Onlinebusiness im Verlauf der letzten Jahre zum unverzichtbaren Vertriebskanal geworden. Aber auch f\u00fcr Businessl\u00f6sungen soll der Onlineauftritt nicht nur \u00abSchaufenster\u00bb sein, sondern die Verkaufsaktivit\u00e4ten unterst\u00fctzen.<\/p>\n<p>Leider war es bisher eher aufwendig, mit den Besuchern der eigenen Webseite in Kontakt zu treten. Denn der Weg \u00fcber die IP-Adresse ist m\u00fchsam und die Streuverluste sind enorm hoch. Der Profondia Web Tracker sorgt hier endlich f\u00fcr Ordnung und Effizienz.<\/p>\n<p>In Zusammenarbeit mit permaleads.ch kann neu identifiziert werden, welche Unternehmen welche Seiten Ihres Webauftritts besucht haben. Das m\u00fchsame Handling von IP-Adressen entf\u00e4llt und nicht eindeutig identifizierbare Besucher werden gleich zu Beginn des Prozesses eliminiert. Sie wissen also umgehend, welche Unternehmen Ihre Webseite besucht haben. Aber haben diese auch Potenzial?<\/p>\n<p>Ist das entsprechende Unternehmen in Ihrer Userbase-Lizenz erfasst, erhalten Sie sofort den Deep Link zum entsprechenden Unternehmensprofil. Befindet es sich zwar in der Userbase, geh\u00f6rt aber nicht zu Ihrer Zielgruppe, wird die Profondia-xTelelink-Nummer angezeigt: Das Unternehmen sollte also mindestens \u00fcber 30 Mitarbeitende und 10 PC-Arbeitspl\u00e4tze verf\u00fcgen. Mit der Deep Link-Integration l\u00e4sst sich auch die n\u00e4chste H\u00fcrde leicht nehmen: Dank der erfassten Entscheidungstr\u00e4ger kann die zust\u00e4ndige Person identifiziert werden, und die umfangreichen Informationen zu den eingesetzten IT-L\u00f6sungen und deren Betriebsart erlauben eine individuelle und situationsbezogene Ansprache.<\/p>\n<p>Nat\u00fcrlich l\u00e4sst sich der Profondia Web Tracker auch ausgezeichnet mit unserem Em@il-Service kombinieren. So erfahren Sie, welche Unternehmen an Ihrer E-Mail-Nachricht Gefallen gefunden und auf Ihre Landingpage geklickt haben. Hier lohnt sich das Nachfassen...<\/p>\n<p>Wie Ihre Onlineaktivit\u00e4ten Ihren Verkaufserfolg massiv steigern k\u00f6nnen, zeigen wir Ihnen gerne auf. Kontaktieren Sie uns!<\/p>\n<\/div>\n<\/div><\/div><\/div><\/div><div id=\"pg-20-1\"  class=\"panel-grid panel-no-style\" ><div id=\"pgc-20-1-0\"  class=\"panel-grid-cell panel-grid-cell-mobile-last\" ><div id=\"panel-20-1-0-0\" class=\"so-panel widget widget_sow-editor panel-first-child panel-last-child\" data-index=\"1\" ><div\n\t\t\t\n\t\t\tclass=\"so-widget-sow-editor so-widget-sow-editor-base\"\n\t\t\t\n\t\t>\n<div class=\"siteorigin-widget-tinymce textwidget\">\n\t<p>powered by<\/p>\n<p><img src=\"https:\/\/www.profondia.com\/wp-content\/uploads\/2021\/12\/permaleads.png\" alt=\"permaleads\"  \/><\/p>\n<\/div>\n<\/div><\/div><\/div><div id=\"pgc-20-1-1\"  class=\"panel-grid-cell panel-grid-cell-empty\" ><\/div><\/div><\/div>","protected":false},"excerpt":{"rendered":"<p>Profondia Web Tracker Ein professioneller Onlineauftritt kostet viel Geld und Zeit. Bei Konsumg\u00fctern ist das Onlinebusiness im Verlauf der letzten Jahre zum unverzichtbaren Vertriebskanal geworden. Aber auch f\u00fcr Businessl\u00f6sungen soll der Onlineauftritt nicht nur \u00abSchaufenster\u00bb sein, sondern die Verkaufsaktivit\u00e4ten unterst\u00fctzen. Leider war es bisher eher aufwendig, mit den Besuchern der eigenen Webseite in Kontakt zu &hellip; <a href=\"https:\/\/www.profondia.com\/de\/web-tracker\/\" class=\"more-link\">Continue reading<span class=\"screen-reader-text\"> &#8222;Web Tracker&#8220;<\/span><\/a><\/p>\n","protected":false},"author":1,"featured_media":0,"parent":0,"menu_order":0,"comment_status":"closed","ping_status":"closed","template":"","meta":{"_seopress_robots_primary_cat":"","_seopress_titles_title":"Profondia Web Tracker -  %%sitetitle%%","_seopress_titles_desc":"Ein professioneller Onlineauftritt kostet viel Geld und Zeit. Wie Ihre Onlineaktivit\u00e4ten Ihren Verkaufserfolg massiv steigern k\u00f6nnen, zeigen wir Ihnen gerne auf.","_seopress_robots_index":"","_kiway_template_id":"","_kiway_page_mode":"","_kiway_site_id":"","_kiway_nav_order":0,"_kiway_nav_parent":"","_kiway_is_front_page":""},"acf":[],"_links":{"self":[{"href":"https:\/\/www.profondia.com\/de\/wp-json\/wp\/v2\/pages\/20"}],"collection":[{"href":"https:\/\/www.profondia.com\/de\/wp-json\/wp\/v2\/pages"}],"about":[{"href":"https:\/\/www.profondia.com\/de\/wp-json\/wp\/v2\/types\/page"}],"author":[{"embeddable":true,"href":"https:\/\/www.profondia.com\/de\/wp-json\/wp\/v2\/users\/1"}],"replies":[{"embeddable":true,"href":"https:\/\/www.profondia.com\/de\/wp-json\/wp\/v2\/comments?post=20"}],"version-history":[{"count":14,"href":"https:\/\/www.profondia.com\/de\/wp-json\/wp\/v2\/pages\/20\/revisions"}],"predecessor-version":[{"id":8040,"href":"https:\/\/www.profondia.com\/de\/wp-json\/wp\/v2\/pages\/20\/revisions\/8040"}],"wp:attachment":[{"href":"https:\/\/www.profondia.com\/de\/wp-json\/wp\/v2\/media?parent=20"}],"curies":[{"name":"wp","href":"https:\/\/api.w.org\/{rel}","templated":true}]}}