{"id":18,"date":"2021-12-16T11:26:35","date_gmt":"2021-12-16T11:26:35","guid":{"rendered":"http:\/\/profondia.ch\/?page_id=18"},"modified":"2022-01-26T10:51:32","modified_gmt":"2022-01-26T10:51:32","slug":"list-solutions","status":"publish","type":"page","link":"https:\/\/www.profondia.com\/de\/ict-datenbank\/list-solutions\/","title":{"rendered":"List Solutions"},"content":{"rendered":"<div id=\"pl-18\"  class=\"panel-layout\" ><div id=\"pg-18-0\"  class=\"panel-grid panel-no-style\" ><div id=\"pgc-18-0-0\"  class=\"panel-grid-cell\" ><div id=\"panel-18-0-0-0\" class=\"so-panel widget widget_sow-editor panel-first-child panel-last-child\" data-index=\"0\" ><div\n\t\t\t\n\t\t\tclass=\"so-widget-sow-editor so-widget-sow-editor-base\"\n\t\t\t\n\t\t>\n<div class=\"siteorigin-widget-tinymce textwidget\">\n\t<h1 class=\"pageTitle\">Schneller im Gespr\u00e4ch: Dank den massgeschneiderten Adresslisten<\/h1>\n<p class=\"lead\">Eine Userbase-Lizenz ist Ihnen zu viel? Nichtstun ist zu wenig! F\u00fcr kleinere oder einmalige Verkaufs- und Marketingaktivit\u00e4ten sind unsere IT-Adresslisten perfekt geeignet. Und schon sind Sie mit potenziellen Kunden im Gespr\u00e4ch!<\/p>\n<p>Ihre massgeschneiderte Marketing-Service-Adressliste enth\u00e4lt nebst Firmenadressen und Telefonnummern, die Namen der Entscheidungstr\u00e4ger mit Funktion, Anzahl Mitarbeitende und die Branche. Zus\u00e4tzlich selektieren Sie nach Ort\/Region\/Sprache, Anzahl PC, Server, Drucker. Auf umfassende Firmeninformationen wie in der Userbase Datenbanklizenz wird hier jedoch verzichtet.<\/p>\n<h4>Wichtig zu wissen<\/h4>\n<p>Sie w\u00e4hlen Ihre Adressliste als Marketing Service f\u00fcr die beliebige Nutzung w\u00e4hrend 12 Monaten. Mailing Service dient der einmaligen Nutzung f\u00fcr den Versand von Mailings mit den g\u00e4ngigen Kontaktinformationen, Entscheidungstr\u00e4ger mit Funktion und Firmenadresse. Telefon, Fax, Anzahl Mitarbeiter und die Branche sind im Mailing Service nicht enthalten.<\/p>\n<\/div>\n<\/div><\/div><\/div><\/div><\/div>","protected":false},"excerpt":{"rendered":"<p>Schneller im Gespr\u00e4ch: Dank den massgeschneiderten AdresslistenEine Userbase-Lizenz ist Ihnen zu viel? Nichtstun ist zu wenig! F\u00fcr kleinere oder einmalige Verkaufs- und Marketingaktivit\u00e4ten sind unsere IT-Adresslisten perfekt geeignet. Und schon sind Sie mit potenziellen Kunden im Gespr\u00e4ch!Ihre massgeschneiderte Marketing-Service-Adressliste enth\u00e4lt nebst Firmenadressen und Telefonnummern, die Namen der Entscheidungstr\u00e4ger mit Funktion, Anzahl Mitarbeitende und die Branche. &hellip; <a href=\"https:\/\/www.profondia.com\/de\/ict-datenbank\/list-solutions\/\" class=\"more-link\">Continue reading<span class=\"screen-reader-text\"> &#8222;List Solutions&#8220;<\/span><\/a><\/p>\n","protected":false},"author":1,"featured_media":0,"parent":10,"menu_order":0,"comment_status":"closed","ping_status":"closed","template":"","meta":{"_seopress_robots_primary_cat":"","_seopress_titles_title":"","_seopress_titles_desc":"Schneller im Gespr\u00e4ch: Dank den massgeschneiderten Adresslisten. F\u00fcr kleinere oder einmalige Verkaufs- und Marketingaktivit\u00e4ten sind unsere IT-Adresslisten perfekt geeignet.","_seopress_robots_index":"","_kiway_template_id":"","_kiway_page_mode":"","_kiway_site_id":"","_kiway_nav_order":0,"_kiway_nav_parent":"","_kiway_is_front_page":""},"acf":[],"_links":{"self":[{"href":"https:\/\/www.profondia.com\/de\/wp-json\/wp\/v2\/pages\/18"}],"collection":[{"href":"https:\/\/www.profondia.com\/de\/wp-json\/wp\/v2\/pages"}],"about":[{"href":"https:\/\/www.profondia.com\/de\/wp-json\/wp\/v2\/types\/page"}],"author":[{"embeddable":true,"href":"https:\/\/www.profondia.com\/de\/wp-json\/wp\/v2\/users\/1"}],"replies":[{"embeddable":true,"href":"https:\/\/www.profondia.com\/de\/wp-json\/wp\/v2\/comments?post=18"}],"version-history":[{"count":5,"href":"https:\/\/www.profondia.com\/de\/wp-json\/wp\/v2\/pages\/18\/revisions"}],"predecessor-version":[{"id":5910,"href":"https:\/\/www.profondia.com\/de\/wp-json\/wp\/v2\/pages\/18\/revisions\/5910"}],"up":[{"embeddable":true,"href":"https:\/\/www.profondia.com\/de\/wp-json\/wp\/v2\/pages\/10"}],"wp:attachment":[{"href":"https:\/\/www.profondia.com\/de\/wp-json\/wp\/v2\/media?parent=18"}],"curies":[{"name":"wp","href":"https:\/\/api.w.org\/{rel}","templated":true}]}}