{"id":16,"date":"2021-12-16T11:26:23","date_gmt":"2021-12-16T11:26:23","guid":{"rendered":"http:\/\/profondia.ch\/?page_id=16"},"modified":"2022-01-26T10:50:35","modified_gmt":"2022-01-26T10:50:35","slug":"kundenwanderung","status":"publish","type":"page","link":"https:\/\/www.profondia.com\/de\/ict-datenbank\/kundenwanderung\/","title":{"rendered":"Userbase Analytics &#8211; Kundenwanderung"},"content":{"rendered":"<div id=\"pl-16\"  class=\"panel-layout\" ><div id=\"pg-16-0\"  class=\"panel-grid panel-no-style\" ><div id=\"pgc-16-0-0\"  class=\"panel-grid-cell\" ><div id=\"panel-16-0-0-0\" class=\"so-panel widget widget_sow-editor panel-first-child panel-last-child\" data-index=\"0\" ><div\n\t\t\t\n\t\t\tclass=\"so-widget-sow-editor so-widget-sow-editor-base\"\n\t\t\t\n\t\t>\n<div class=\"siteorigin-widget-tinymce textwidget\">\n\t<h1 class=\"pageTitle\">Userbase Analytics: Wissen wohin sich der ICT-Markt bewegt<\/h1>\n<p class=\"lead\">Kaum ein anderer Markt ist so schnell in Bewegung wie jener der Informations-Technologien. Mit Userbase Analytics behalten Sie die Entwicklungen im Auge und wissen wie sich die Nachfrage entwickelt und wie die einzelnen Marktteilnehmer positioniert sind.<\/p>\n<p>Userbase Analytics erm\u00f6glicht die Analyse des Marktes \u00fcber eine bestimmte Zeitspanne hinweg und beantwortet Fragen wie:<\/p>\n<ul>\n<li>Wie haben sich Marktanteile zwischen den verschiedenen Anbietern oder Technologien verschoben?<\/li>\n<li>Gewinnt man in bestimmten Marktsegmenten besonders viele Neukunden?<\/li>\n<li>H\u00e4ufen sich die Kunden-Abg\u00e4nge in bestimmten geografischen Regionen?<\/li>\n<li>Sind die Kundenbewegungen bei einem Marktteilnehmer besonders ausgepr\u00e4gt?<\/li>\n<li>\u00dcberwiegt ein besonderer Wechselgrund?<\/li>\n<li>Welche IT-Service Provider sind in einem bestimmten Technologie-Sektor besonders aktiv?<\/li>\n<\/ul>\n<h4>Wichtig zu wissen<\/h4>\n<p>Userbase Analytics ist ein zus\u00e4tzliches Modul, welches Userbase-Kunden abonnieren k\u00f6nnen. Die Daten k\u00f6nnen innerhalb der abonnierten Zielgruppe, ab dem Service Full Data sowie Full Service, weiter verfeinert und untersucht werden.<\/p>\n<\/div>\n<\/div><\/div><\/div><\/div><\/div>","protected":false},"excerpt":{"rendered":"<p>Userbase Analytics: Wissen wohin sich der ICT-Markt bewegtKaum ein anderer Markt ist so schnell in Bewegung wie jener der Informations-Technologien. Mit Userbase Analytics behalten Sie die Entwicklungen im Auge und wissen wie sich die Nachfrage entwickelt und wie die einzelnen Marktteilnehmer positioniert sind.Userbase Analytics erm\u00f6glicht die Analyse des Marktes \u00fcber eine bestimmte Zeitspanne hinweg und &hellip; <a href=\"https:\/\/www.profondia.com\/de\/ict-datenbank\/kundenwanderung\/\" class=\"more-link\">Continue reading<span class=\"screen-reader-text\"> &#8222;Userbase Analytics &#8211; Kundenwanderung&#8220;<\/span><\/a><\/p>\n","protected":false},"author":1,"featured_media":0,"parent":10,"menu_order":0,"comment_status":"closed","ping_status":"closed","template":"","meta":{"_seopress_robots_primary_cat":"","_seopress_titles_title":"","_seopress_titles_desc":"Wissen wohin sich der ICT-Markt bewegt. Kaum ein anderer Markt ist so schnell in Bewegung wie jener der Informations-Technologien. ","_seopress_robots_index":"","_kiway_template_id":"","_kiway_page_mode":"","_kiway_site_id":"","_kiway_nav_order":0,"_kiway_nav_parent":"","_kiway_is_front_page":""},"acf":[],"_links":{"self":[{"href":"https:\/\/www.profondia.com\/de\/wp-json\/wp\/v2\/pages\/16"}],"collection":[{"href":"https:\/\/www.profondia.com\/de\/wp-json\/wp\/v2\/pages"}],"about":[{"href":"https:\/\/www.profondia.com\/de\/wp-json\/wp\/v2\/types\/page"}],"author":[{"embeddable":true,"href":"https:\/\/www.profondia.com\/de\/wp-json\/wp\/v2\/users\/1"}],"replies":[{"embeddable":true,"href":"https:\/\/www.profondia.com\/de\/wp-json\/wp\/v2\/comments?post=16"}],"version-history":[{"count":5,"href":"https:\/\/www.profondia.com\/de\/wp-json\/wp\/v2\/pages\/16\/revisions"}],"predecessor-version":[{"id":5909,"href":"https:\/\/www.profondia.com\/de\/wp-json\/wp\/v2\/pages\/16\/revisions\/5909"}],"up":[{"embeddable":true,"href":"https:\/\/www.profondia.com\/de\/wp-json\/wp\/v2\/pages\/10"}],"wp:attachment":[{"href":"https:\/\/www.profondia.com\/de\/wp-json\/wp\/v2\/media?parent=16"}],"curies":[{"name":"wp","href":"https:\/\/api.w.org\/{rel}","templated":true}]}}