{"id":1346,"date":"2022-01-11T06:09:26","date_gmt":"2022-01-11T06:09:26","guid":{"rendered":"http:\/\/profondia.ch\/?page_id=1346"},"modified":"2022-01-11T06:12:44","modified_gmt":"2022-01-11T06:12:44","slug":"sic-branchencodes","status":"publish","type":"page","link":"https:\/\/www.profondia.com\/de\/ict-datenbank\/sic-branchencodes\/","title":{"rendered":"SIC-Branchencodes"},"content":{"rendered":"<div id=\"pl-1346\"  class=\"panel-layout\" ><div id=\"pg-1346-0\"  class=\"panel-grid panel-no-style\" ><div id=\"pgc-1346-0-0\"  class=\"panel-grid-cell\" ><div id=\"panel-1346-0-0-0\" class=\"so-panel widget widget_sow-editor panel-first-child panel-last-child\" data-index=\"0\" ><div\n\t\t\t\n\t\t\tclass=\"so-widget-sow-editor so-widget-sow-editor-base\"\n\t\t\t\n\t\t>\n<div class=\"siteorigin-widget-tinymce textwidget\">\n\t<table>\n<tbody>\n<tr>\n<td><strong>ADM - Beh\u00f6rden\/Gesundheit\/Bildung<\/strong><\/td>\n<\/tr>\n<tr>\n<td>43xx - Postdienst<br \/>\n805x - Krankenplege &amp; Pflegeeinrichtungen<br \/>\n806x - Krankenh\u00e4user<br \/>\n808x - Ambulante \u00e4rztliche Versorgungen<br \/>\n809x - Sonst. Gesundheitsdienste &amp; verw.Dienste<br \/>\n80xx - Gesundheitsdienste<br \/>\n821x - Grund-,Haupt-, Realschulen &amp; Gymnasien<br \/>\n822x - Universit\u00e4ten &amp; Fachhochschulen<br \/>\n823x - Bibliotheken<br \/>\n824x - Berufsschulen<br \/>\n829x - Sonst. Schulen &amp; Ausbildungsst\u00e4tten<br \/>\n82xx - Ausbildungsdienste<br \/>\n832x - Einzel-&amp; Familiensozialdienste<br \/>\n833x - Berufsausbildung &amp; verw. Dienste<br \/>\n835x - Kindertagesst\u00e4tten<br \/>\n836x - Erholung-&amp; Pflegeheime<br \/>\n839x - Sonst. Sozialdienste<br \/>\n83xx - Sozialdienste<br \/>\n841x - Museen &amp; Kunstgalerien<br \/>\n842x - Botanische &amp; Zoologische G\u00e4rten<br \/>\n84xx - Museen, Botanische &amp; Zoologische G\u00e4rten<br \/>\n8733 - Nicht kommerzielle Forschungorgan.<br \/>\n911x - Exekutive K\u00f6rperschaften<br \/>\n912x - Gesetzgebungsk\u00f6rperschaften<br \/>\n913x - Exekutive &amp; Gesetzgebungsk\u00f6rperschaften<br \/>\n919x - Sonst. allgem. Regierungsfunktionen<br \/>\n91xx - Regierungsfunktionen<br \/>\n921x - Gerichte<br \/>\n922x - \u00d6ffentl. Ordnungs-&amp; Sicherheitswesen<br \/>\n92xx - Rechtswesen &amp; \u00f6ff. Ordnung &amp; Sicherheit<br \/>\n93xx - Finanz-, Steuer-&amp; W\u00e4hrungspolitik<br \/>\n941x - Bildungswesen<br \/>\n943x - Gesundheitswesen<br \/>\n944x - Arbeits-&amp; Sozial\u00e4mter<br \/>\n94xx - Verwaltung von Sozialprogramme<br \/>\n951x - Umweltschutzbeh\u00f6rde<br \/>\n953x - Stadt-&amp; Landentwicklung<br \/>\n95xx - Verwaltung Wohnung &amp; Umweltschutz<br \/>\n961x - Wirtschaftsministerien<br \/>\n962x - Verkehrsbeh\u00f6rde<br \/>\n963x - Regelung &amp; Verwaltung der \u00f6ff. Dienste<br \/>\n964x - Regulierung der landwirtschaftl. M\u00e4rkte<br \/>\n965x - Gewerbe\u00e4mter<br \/>\n966x - Raumforschung &amp;-technologie<br \/>\n96xx - Verwaltung f\u00fcr Wirtschaftsprogramme<br \/>\n971x - Nationale Sicherheit<br \/>\n972x - Au\u00dfenpolitik<br \/>\n97xx - Nationale Sicherheit &amp; Au\u00dfenpolitik<\/td>\n<\/tr>\n<tr>\n<td><\/td>\n<\/tr>\n<tr>\n<td><strong>ALI - Nahrungsmittelindustrie<\/strong><\/td>\n<\/tr>\n<tr>\n<td>011x - Kornanbau<br \/>\n013x - Feldfr\u00fcchteanbau au\u00dfer Korn<br \/>\n016x - Gem\u00fcse-&amp; Melonenanbau<br \/>\n017x - Obstanbau<br \/>\n018x - Gartenbauspezialit\u00e4ten<br \/>\n019x - Landwirtschaft, haupts\u00e4chlich Anbau<br \/>\n01xx - Landwirtschaftlicher Anbau &amp; Erzeugnisse<br \/>\n021x - Allg. Viehzucht au\u00dfer Gefl\u00fcgel, Kuhmilch<br \/>\n024x - Kuhmilchwirtschaft<br \/>\n025x - Gefl\u00fcgelzucht &amp; Eier<br \/>\n027x - Zucht von speziellen Tierarten<br \/>\n02xx - Landwirtschaftliche Viehzucht<br \/>\n072x - Dienstleistungen f\u00fcr den Anbau<br \/>\n074x - Veterin\u00e4rdienste<br \/>\n075x - Dienstl. im Tierwesen au\u00dfer Veterin\u00e4re<br \/>\n076x - Landwirtsch. Verwaltung &amp; Lohnarbeiten<br \/>\n078x - Dienste f\u00fcr Landschaftsplanung &amp; Garten<br \/>\n07xx - Dienstleistungen f\u00fcr die Landwirtschaft<br \/>\n08xx - Forstwirtschaft<br \/>\n091x - Kommerzielle Fischerei<br \/>\n092x - Fischzucht &amp; Fischbest\u00e4ndeschutz<br \/>\n097x - Jagdrevier &amp; Wildschutz<br \/>\n09xx - Fischerei &amp; Jagd<br \/>\n201x - Fleischprodukte Herst.<br \/>\n202x - Molkereiprodukte Herst.<br \/>\n203x - Obst-&amp; Gem\u00fcsekonserven Herst.<br \/>\n204x - M\u00fchlenprodukte Herst.<br \/>\n205x - Backwaren Herst.<br \/>\n206x - Zucker-&amp; S\u00fc\u00dfwaren Herst.<br \/>\n207x - Fette &amp; \u00d6le Herst.<br \/>\n208x - Getr\u00e4nke Herst.<br \/>\n209x - Versch. Lebensmittel &amp; verw. Prod. Herst<br \/>\n20xx - Lebensmittel &amp; verw. Produkte Herst.<br \/>\n211x - Zigaretten Herst.<br \/>\n212x - Zigarren Herst.<br \/>\n21xx - Tabakindustrie<\/td>\n<\/tr>\n<tr>\n<td><\/td>\n<\/tr>\n<tr>\n<td><strong>ASS - Versicherungen<\/strong><\/td>\n<\/tr>\n<tr>\n<td>631x - Lebensversicherungen<br \/>\n632x - Unfall- &amp; Krankenversicherungen<br \/>\n633x - Feuer-, Seefahrt- &amp; Sachversicherungen<br \/>\n635x - Kreditversicherungen<br \/>\n637x - Pensions-, Kranken-&amp; Wohlfahrtskassen<br \/>\n639x - Sonst. Versicherungen<br \/>\n63xx - Versicherungen<br \/>\n64xx - Versicherungsdienste, Agenten &amp; Makler<\/td>\n<\/tr>\n<tr>\n<td><\/td>\n<\/tr>\n<tr>\n<td><strong>AUT - Auto- Flugzeug- Zug Hersteller<\/strong><\/td>\n<\/tr>\n<tr>\n<td>371x - Motorfahrzeuge &amp; Ausr\u00fcstung Herst.<br \/>\n372x - Flugmaschinen &amp; Ersatzteile Herst.<br \/>\n373x - Schiffs-&amp; Boots-Bau &amp; Reparatur<br \/>\n374x - Eisenbahnausr\u00fcstungen Herst.<br \/>\n375x - Motorr\u00e4der, Fahrr\u00e4der &amp; Teile Herst.<br \/>\n376x - Raketen, Raumfahrzeuge &amp; Teile Herst.<br \/>\n379x - Versch. Transporteinrichtungen Herst.<br \/>\n37xx - Transporteinrichtungen Herst.<\/td>\n<\/tr>\n<tr>\n<td><\/td>\n<\/tr>\n<tr>\n<td><strong>BAN - Banken\/Sparkassen<\/strong><\/td>\n<\/tr>\n<tr>\n<td>601x - Bundes-Zentralbanken<br \/>\n602x - Handelsbanken<br \/>\n603x - Sparkassen<br \/>\n606x - Kredit-Institute<br \/>\n608x - Ausl\u00e4ndische Banken, Filialen, Agenturen<br \/>\n609x - Bank\u00e4hnliche Institute<br \/>\n60xx - Depositenbanken<br \/>\n611x - Staatliche Kreditinstitute<br \/>\n615x - Handelskreditinstitute<br \/>\n61xx - Kreditinstitute ohne Einlage<br \/>\n623x - Wertpapier-&amp; Warenb\u00f6rsen<br \/>\n6282 - Verm\u00f6gensverwaltung<br \/>\n62xx - B\u00f6rsen und Verm\u00f6gensverwaltung<br \/>\n671x - Holding-B\u00fcros<br \/>\n672x - Investmentgesellschaften<br \/>\n673x - Trusts<br \/>\n679x - Versch. Investmentgesellschaften<br \/>\n67xx - Holding-&amp; weitere Investmentgesellschaft<\/td>\n<\/tr>\n<tr>\n<td><\/td>\n<\/tr>\n<tr>\n<td><strong>BOI - Holzindustrie\/Papier<\/strong><\/td>\n<\/tr>\n<tr>\n<td>242x - S\u00e4ge-&amp; Hobelwerke<br \/>\n243x - Bauschreinerei, Holzfurnier, Sperrholz<br \/>\n244x - Holzcontainer Herst.<br \/>\n245x - Wohnmobile &amp; Fertigbau aus Holz Herst.<br \/>\n249x - Versch. Holzprodukte Herst.<br \/>\n24xx - Bauholz &amp; Holzprodukte Herst.<br \/>\n251x - Hausm\u00f6bel Herst.<br \/>\n252x - B\u00fcrom\u00f6bel Herst.<br \/>\n253x - M\u00f6bel f\u00fcr \u00f6ffentliche Bauten Herst.<br \/>\n254x - Zwischenw\u00e4nde &amp; Einrichtungen Herst.<br \/>\n259x - Versch. M\u00f6bel &amp; Einrichtungen Herst.<br \/>\n25xx - M\u00f6bel &amp; Einrichtungen Herst.<br \/>\n261x - Zellstoff &amp; Pulpe Herst.<br \/>\n262x - Papierfabriken<br \/>\n263x - Kartonagenfabriken<br \/>\n265x - Pappcontainer &amp; Schachteln Herst.<br \/>\n267x - Versch. verarb. Papp-Produkte Herst.<br \/>\n26xx - Papier &amp; verw. Produkte Herst.<\/td>\n<\/tr>\n<tr>\n<td><\/td>\n<\/tr>\n<tr>\n<td><strong>BTP - Baugewerbe<\/strong><\/td>\n<\/tr>\n<tr>\n<td>15xx - Allgem. Bauunternehmer &amp; Bautr\u00e4ger<br \/>\n16xx - Schwerkonstruktionen au\u00dfer Geb\u00e4ude<br \/>\n171x - Installation\/Heizungsbau\/Klimaanlagen<br \/>\n172x - Maler-&amp; Tapezierarbeiten<br \/>\n173x - Elektroarbeiten<br \/>\n174x - Maurer-, Steinmetz-&amp; Gipsarbeiten<br \/>\n175x - Zimmereibetriebe &amp; Fu\u00dfbodenverlegungen<br \/>\n176x - Dachdeckereien &amp; Blecharbeiten<br \/>\n177x - Betonarbeiten<br \/>\n178x - Wasserbohrungen<br \/>\n179x - Versch. Baugewerbliche Spezialarbeiten<br \/>\n17xx - Baugewerbliche Spezialarbeiten<br \/>\n324x - Zement Herst.<br \/>\n325x - Bauteile aus Ton Herst.<br \/>\n327x - Betonbl\u00f6cke und Steine Herst.<br \/>\n328x - Zugeschnittene Steine &amp; Steinprod. Herst<br \/>\n32xx - Zement, Beton, Ziegel Herst.<br \/>\n65xx - Immobilien<\/td>\n<\/tr>\n<tr>\n<td><\/td>\n<\/tr>\n<tr>\n<td><strong>CHI - Chemische Industrie<\/strong><\/td>\n<\/tr>\n<tr>\n<td>281x - Anorganische Industriechemikalien Herst.<br \/>\n282x - Plastik-&amp; Synthet.-Materialien Herst.<br \/>\n283x - Arzneimittel Herst.<br \/>\n284x - Seife\/Waschmittel\/Toilettenartikel Herst<br \/>\n285x - Farben &amp; verw. Produkte Herst.<br \/>\n286x - Organische Industriechemikalien Herst.<br \/>\n287x - Chemikalien f\u00fcr die Landwirtschaft Herst<br \/>\n289x - Versch. chemische Produkte Herst.<br \/>\n28xx - Chemikalien &amp; verw. Produkte Herst.<br \/>\n301x - Reifen &amp; Schl\u00e4uche Herst.<br \/>\n302x - Gummi-&amp; Plastikschuhe Herst.<br \/>\n305x - R\u00f6hren, Riemen, N\u00e4hte, Packungen Herst.<br \/>\n306x - Sonst. Gummiprodukte Herst.<br \/>\n308x - Sonst. versch. Plastikprodukte Herst.<br \/>\n30xx - Gummi &amp; versch. Plastikprodukte Herst.<br \/>\n321x - Flachglas Herst.<br \/>\n322x - Pre\u00dfglas &amp; geblasenes Glas Herst.<br \/>\n326x - Keramikprodukte &amp; verw. Produkte Herst.<br \/>\n329x - Versch. Nichtmetall. Mineral. Prod. Hrst<br \/>\n32xx - Glasprodukte<\/td>\n<\/tr>\n<tr>\n<td><\/td>\n<\/tr>\n<tr>\n<td><strong>DIS - Handel<\/strong><\/td>\n<\/tr>\n<tr>\n<td>501x - Motorfahrzeuge &amp; Teile Gro\u00dfh.<br \/>\n502x - M\u00f6bel &amp; Wohnungsausstattungen Gro\u00dfh.<br \/>\n503x - Bauholz &amp; Baumaterialien Gro\u00dfh.<br \/>\n504x - Profession.\/kommerz. Ausstatung Gro\u00dfh.<br \/>\n505x - Metalle\/Mineralien au\u00dfer \u00d6l Gro\u00dfh.<br \/>\n506x - Elektroartikel Gro\u00dfh.<br \/>\n507x - Eisenwaren\/Installation\/Heizung Gro\u00dfh.<br \/>\n508x - Maschinen, Anlagen &amp; Zubeh\u00f6r Gro\u00dfh.<br \/>\n509x - Versch. langlebige G\u00fcter Gro\u00dfh.<br \/>\n50xx - Gro\u00dfhandel langlebiger G\u00fcter<br \/>\n511x - Papier &amp; Papierprodukte Gro\u00dfh.<br \/>\n512x - Medikamente\/Drogerie\/Kosmetik Gro\u00dfh.<br \/>\n513x - Bekleidung,Textilien &amp; Kurzwaren Gro\u00dfh.<br \/>\n514x - Lebensmittel &amp; verw. Produkte Gro\u00dfh.<br \/>\n515x - Landwirtschaftliche Rohprodukte Gro\u00dfh.<br \/>\n516x - Chemische &amp; Kunststoffprodukte Gro\u00dfh.<br \/>\n517x - Erd\u00f6l &amp; Erd\u00f6lprodukte Gro\u00dfh.<br \/>\n518x - Bier, Wein &amp; Spirituosen Gro\u00dfh.<br \/>\n519x - Versch. Verbrauchsg\u00fcter Gro\u00dfh.<br \/>\n51xx - Verbrauchsg\u00fcter Gro\u00dfh.<br \/>\n521x - Bauholz &amp; andere Baumaterialien Einzelh.<br \/>\n523x - Farben, Tapeten &amp; Glas Einzelh.<br \/>\n525x - Eisenwaren Einzelh.<br \/>\n526x - Baumschulen &amp; Gartenbedarf Einzelh.<br \/>\n527x - Wohnmobile Einzelh.<br \/>\n52xx - Baumaterial &amp; Gartenger\u00e4te Einzelh.<br \/>\n531x - Warenh\u00e4user<br \/>\n533x - Gemischtwarenhandlung<br \/>\n539x - Versch. allgem. Warenh\u00e4use Einzelh.<br \/>\n53xx - Allgem. Warenh\u00e4use Einzelh.<br \/>\n541x - Lebensmittelgesch\u00e4fte, Superm\u00e4rkte<br \/>\n542x - Fleisch-&amp; Fischmarkt<br \/>\n543x - Obst-&amp; Gem\u00fcsemarkt<br \/>\n544x - Kandis-, N\u00fcsse-&amp; S\u00fc\u00dfwarengesch\u00e4fte<br \/>\n545x - Molkereiprodukte Einzelh.<br \/>\n546x - B\u00e4ckereien<br \/>\n549x - Versch. Lebensmittelgesch\u00e4fte<br \/>\n54xx - Lebensmittel Einzelh. Superm\u00e4rkte<br \/>\n551x - Neu-&amp; Gebrauchtwagenh\u00e4ndler<br \/>\n552x - Gebrauchtwagenh\u00e4ndler<br \/>\n553x - Zubeh\u00f6r f. KFZ &amp; Wohneinricht. Einzelh.<br \/>\n554x - Tankstellen<br \/>\n555x - Bootsh\u00e4ndler<br \/>\n556x - Campingwagen &amp; Wohnmobil H\u00e4ndler<br \/>\n557x - Motorradh\u00e4ndler<br \/>\n559x - Sonst. Fahrzeugh\u00e4ndler<br \/>\n55xx - Fahrzeugh\u00e4ndler &amp; Tankstellen<br \/>\n565x - Allgem. Bekleidungsgesch\u00e4fte<br \/>\n566x - Schuhgesch\u00e4fte<br \/>\n569x - Versch. Bekleidungs-&amp; Zubeh\u00f6rgesch\u00e4fte<br \/>\n56xx - Bekleidung-&amp; Zubeh\u00f6rgesch\u00e4fte<br \/>\n571x - M\u00f6bel-&amp; Wohnungseinrichtungensgesch\u00e4fte<br \/>\n572x - Haushaltsger\u00e4te Einzelh.<br \/>\n573x - Gesch\u00e4fte f\u00fcr Radio, Fernseh &amp; Musik<br \/>\n57xx - M\u00f6bel-&amp; Wohnungseinrichtungen Einzelh.<br \/>\n591x - Drogerien &amp; Apotheken<br \/>\n592x - Alkoholgetr\u00e4nke Einzelh.<br \/>\n593x - Gebrauchtwarengesch\u00e4fte<br \/>\n594x - Versch. Einzelhandelgesch\u00e4fte<br \/>\n596x - Einzelh\u00e4ndler ohne L\u00e4den<br \/>\n598x - Brenn-&amp; Treibstoff Einzelh.<br \/>\n599x - Sonst. Einzelwarenh\u00e4ndler<br \/>\n59xx - Versch. Einzelhandel<\/td>\n<\/tr>\n<tr>\n<td><\/td>\n<\/tr>\n<tr>\n<td><strong>DIV - Diverse Industrie<\/strong><\/td>\n<\/tr>\n<tr>\n<td>391x - Schmuck\/Silberwaren\/Verzierung Herst.<br \/>\n393x - Musikinstrumente Herst.<br \/>\n394x - Spielzeuge &amp; Sportartikel Herst.<br \/>\n395x - F\u00fcllfeder\/B\u00fcro-&amp; K\u00fcnstlerbedarf Herst.<br \/>\n396x - Modeschmuck, Kurzwaren &amp; verw. Artikel<br \/>\n399x - Versch. Hersteller<br \/>\n39xx - Versch. herstellende Industrien<\/td>\n<\/tr>\n<tr>\n<td><\/td>\n<\/tr>\n<tr>\n<td><strong>EDI - Druckereien\/Verlage<\/strong><\/td>\n<\/tr>\n<tr>\n<td>271x - Zeitungen Druckerei &amp; Verlag<br \/>\n272x - Zeitschriften Druckerei &amp; Verlag<br \/>\n273x - Buchdruckerei &amp; Verlag<br \/>\n274x - Versch. Verlage<br \/>\n275x - Drucksachen f\u00fcr Gewerbliche Zwecke<br \/>\n276x - Mehrfach-Gesch\u00e4ftsformulare-Druckerei<br \/>\n277x - Gru\u00dfkartenverlag<br \/>\n278x - Blankob\u00fccher, Buchbinder-Arbeiten<br \/>\n279x - Dienstleistungen f\u00fcr die Druckerei<br \/>\n27xx - Druckereien &amp; Verlag<\/td>\n<\/tr>\n<tr>\n<td><\/td>\n<\/tr>\n<tr>\n<td><strong>ELE - Electr. Maschinen<\/strong><\/td>\n<\/tr>\n<tr>\n<td>361x - \u00dcbertragungs-&amp; Versorgungseinrichtung<br \/>\n362x - Elektrische Apparate f. Industrie Herst.<br \/>\n363x - Haushaltsger\u00e4te Herst.<br \/>\n364x - Elektr. Beleucht.\/Verdraht.-Anlagen Hrst<br \/>\n365x - Audio-&amp; Video-Haushaltsger\u00e4te Herst.<br \/>\n366x - Kommunikationsger\u00e4te Herst.<br \/>\n367x - Elektronische Bauteile &amp; Zubeh\u00f6r Herst.<br \/>\n369x - Versch. elektr. Einricht.\/Zubeh\u00f6r Herst.<br \/>\n36xx - Elektrische Maschinen &amp; verw. Herst.<\/td>\n<\/tr>\n<tr>\n<td><\/td>\n<\/tr>\n<tr>\n<td><strong>INF - Informatik<\/strong><\/td>\n<\/tr>\n<tr>\n<td>357x - Computer Herstellers<br \/>\n481x - Telefongesellschaften, Telco<br \/>\n504x - Resellers<br \/>\n7374 - Rechenzentren<br \/>\n7376 - ASP Applications Services Provider<br \/>\n7379 - ISP Internet Services Provider<br \/>\n737x - EDV-Diensleistungen<\/td>\n<\/tr>\n<tr>\n<td><\/td>\n<\/tr>\n<tr>\n<td><strong>MEC - Maschinenbau<\/strong><\/td>\n<\/tr>\n<tr>\n<td>351x - Motoren &amp; Turbinen Herst.<br \/>\n352x - Land-&amp; Gartenmaschinen Herst.<br \/>\n353x - Bau-,Bergbau-,Verladen-Maschinen Herst.<br \/>\n354x - Metallbearbeitungsmaschinen Herst.<br \/>\n355x - Industrie-Spezialmaschinen Herst.<br \/>\n356x - Allg. Maschinen f. die Industrie Herst.<br \/>\n357x - B\u00fcromaschinen Herst.<br \/>\n358x - K\u00fchl-&amp; Dienstl.-Industriemasch. Herst.<br \/>\n359x - Sonst. Industriemaschinen Herst.<br \/>\n35xx - Industr. Maschinen &amp; Ausr\u00fcstung Herst.<br \/>\n381x - Forschungs-&amp; Navigationseinricht. Herst.<br \/>\n382x - Me\u00df-&amp; Pr\u00fcfger\u00e4te Herst.<br \/>\n384x - Medizin. Instrumente &amp; Zubeh\u00f6r Herst.<br \/>\n385x - Augenoptische Artikel Herst.<br \/>\n386x - Fotografische Ausr\u00fcstung\/Zubeh\u00f6r Herst.<br \/>\n387x - Uhren, Teile &amp; verw. Artikel Herst.<br \/>\n38xx - Me\u00df-Instrumente &amp; verw. Herst.<\/td>\n<\/tr>\n<tr>\n<td><\/td>\n<\/tr>\n<tr>\n<td><strong>MET - Mineralabbau\/Bergbau<\/strong><\/td>\n<\/tr>\n<tr>\n<td>108x - Dienstleistungen im Metallbergbau<br \/>\n109x - Verschiedene F\u00f6rderung von Metallerzen<br \/>\n10xx - Metallbergbau<br \/>\n12xx - Kohlebergbau<br \/>\n141x - Abbau von Blocksteinen<br \/>\n142x - Stein-Abbau, zerkleinert &amp; gebrochen<br \/>\n144x - Sand-&amp; Kiesgewinnung<br \/>\n148x - Dienstl.f.nichtmetall.Mineral.Gewinnung<br \/>\n149x - Versch. nichtmetall.Mineralien Gewinnung<br \/>\n14xx - Nichtmetall. Mineral. au\u00dfer Kraftstoff<\/td>\n<\/tr>\n<tr>\n<td><\/td>\n<\/tr>\n<tr>\n<td><strong>PET - Erd\u00f6l-,Erdgasgewinnung<\/strong><\/td>\n<\/tr>\n<tr>\n<td>13xx - \u00d6l-&amp; Gasgewinnung<br \/>\n291x - Petroleumraffinerien<br \/>\n295x - Asphalt f\u00fcr Stra\u00dfenbelag &amp; Dachdeckerei<br \/>\n299x - Versch. Erd\u00f6l &amp; Kohleprodukte Herst.<br \/>\n29xx - Erd\u00f6l-&amp; Kohlenprodukte Herst.<br \/>\n491x - Elektrizit\u00e4tsgesellschaften<br \/>\n492x - Gaserzeugung &amp;-Verteilung<br \/>\n493x - Versorgungs-Mischbetrieb<br \/>\n494x - Wasserversorgung<br \/>\n495x - \u00d6ffentliche Reinigungsdienste<br \/>\n496x - Zubeh\u00f6r f. Dampfversorgung\/Klima-Anlagen<br \/>\n497x - Bew\u00e4sserungssysteme<br \/>\n49xx - Strom-, Gas-&amp; Entsorgungsdienste<\/td>\n<\/tr>\n<tr>\n<td><\/td>\n<\/tr>\n<tr>\n<td><strong>SER - Dienstleistungen<\/strong><\/td>\n<\/tr>\n<tr>\n<td>482x - Telegrafenwesen &amp; andere Fernmeldewesen<br \/>\n483x - Radio-&amp; Fernseh-Sendestationen<br \/>\n484x - Verkabelung &amp; andere Privatsender<br \/>\n48xx - Fernmeldewesen<br \/>\n58xx - Speisewirtschaften &amp; Trinkstelle<br \/>\n6091 - Treuhandgesellschaft ohne Einlagen<br \/>\n6211 - Wertpapiermakler &amp;-Vermittler<br \/>\n6221 - Warnemakler &amp;-Vermittler<br \/>\n6289 - Sonst.Wertpapiere-&amp; Warenb\u00f6rsen Dienstl.<br \/>\n62xx - Wertpapier-&amp; Warenmakler<br \/>\n6794 - Patentinhaber &amp; Lizenzgeber<br \/>\n701x - Hotels &amp; Motels<br \/>\n702x - Pensionen &amp; Fremdenheime<br \/>\n703x - Freizeitzentren &amp; Campingpl\u00e4tze<br \/>\n704x - Hotels von Organisat.,Betriebe &amp; Vereine<br \/>\n70xx - Hotels &amp; weitere Beherbergungsbetriebe<br \/>\n721x - W\u00e4schereien, Reinigung &amp; Kleiderdienste<br \/>\n726x - Beerdigungsinstitute &amp; Krematorien<br \/>\n729x - Sonst. Pers\u00f6nliche Dienste<br \/>\n72xx - Privat-Dienstleistungen<br \/>\n731x - Werbung<br \/>\n732x - Kreditauskunfteien &amp; Inkassofirmen<br \/>\n733x - Drucksache, Reproduktion, Schreibdienste<br \/>\n734x - Geb\u00e4udedienstleistungen<br \/>\n735x - Versch. Material-Vermietung &amp;-Leasing<br \/>\n736x - Dienstleistung im Personalbedarf<br \/>\n738x - Versch. kommerzielle Dienstleistungen<br \/>\n73xx - Kommerzielle Dienstleistungen<br \/>\n751x - KFZ-Vermietung &amp; Leasing ohne Fahrer<br \/>\n752x - PKW-Parkanlagen<br \/>\n753x - KFZ-Reparatur-Werkst\u00e4tte<br \/>\n754x - KFZ-Dienstleistungen au\u00dfer Reparatur<br \/>\n75xx - Autoreparatur, Dienste &amp; Parkanlagen<br \/>\n762x - Elektroreparaturwerkst\u00e4tte<br \/>\n763x - Reparatur von Uhren &amp; Schmuck<br \/>\n769x - Versch. Reparaturdienste<br \/>\n76xx - Versch. Reparaturdienste<br \/>\n781x - Filmproduktionen &amp; verw. Dienste<br \/>\n782x - Filmverleih &amp; verw. Dienste<br \/>\n783x - Filmtheater<br \/>\n78xx - Film-Industrie<br \/>\n792x - Produzente, Orchester, Artisten<br \/>\n799x - Versch. Vergn\u00fcgungs\/Unterhaltungsst\u00e4tten<br \/>\n79xx - Vergn\u00fcgungs-&amp; Unterhaltungst\u00e4tten<br \/>\n801x - Arztpraxen &amp;-Kliniken<br \/>\n802x - Zahnarztpraxen &amp;-Kliniken<br \/>\n804x - Sonst. Praxen weiterer Heilpraktiker<br \/>\n807x - Medizinische &amp; Zahntechnische Labors<br \/>\n80xx - Arztpraxen - Medizinische Labors<br \/>\n81xx - Juristische Dienstleistungen<br \/>\n861x - Kommerzielle Fachverb\u00e4nde<br \/>\n862x - Berufsverb\u00e4nde<br \/>\n863x - Arbeiter-Organisationen &amp; Gewerkschaften<br \/>\n864x - Zivil-, Sozial-&amp; Bruderschafts-Vereine<br \/>\n865x - Politische Organisationen<br \/>\n866x - Religionsgemeinschaften<br \/>\n869x - Sonst. Vereine &amp; Verb\u00e4nde<br \/>\n86xx - Gemeinn\u00fctzige Organisationen<br \/>\n871x - Ingenieurb\u00fcros &amp; Architekten<br \/>\n872x - Buchhaltung\/Bilanzpr\u00fcfung\/Rechnungswesen<br \/>\n873x - Wissenschaftliche Forschung und Test<br \/>\n874x - Dienste f. Verwaltung &amp; Public Relations<br \/>\n87xx - Ingenieure &amp; Managementdienste<br \/>\n88xx - Haushaltspersonal<br \/>\n89xx - Sonst. Dienstleistungen<\/td>\n<\/tr>\n<tr>\n<td><\/td>\n<\/tr>\n<tr>\n<td><strong>SID - Metallgewinnung\/-verarbeitung<\/strong><\/td>\n<\/tr>\n<tr>\n<td>331x - Hoch\u00f6fen, Grundprodukte aus Stahl<br \/>\n332x - Eisen &amp; Stahl Gie\u00dferei<br \/>\n333x - NE-Metalle, Prim\u00e4r-Schmelzen &amp;-L\u00e4utern<br \/>\n335x - Walzen,Ziehen,Extrahierung von NE-Metall<br \/>\n336x - NE-Metallische Gie\u00dferei &amp; Gu\u00dfformen<br \/>\n339x - Versch. Rohmetallprodukte Herst.<br \/>\n33xx - Rohmetallindustrie<br \/>\n341x - Metalldosen &amp;-Container Herst.<br \/>\n342x - Handwerkzeuge Besteck &amp; Eisenwaren Herst<br \/>\n343x - Installation &amp; Heizger\u00e4te nicht elektr.<br \/>\n344x - Gefertigte Stahlteile Herst.<br \/>\n345x - Schraubenfabrik<br \/>\n346x - Metallschmiede &amp; Stanzen<br \/>\n347x - Metallsticherei, \u00dcberz\u00fcge &amp; verw. Arbeit<br \/>\n348x - Versch. Waffen &amp; Zubeh\u00f6r Herst.<br \/>\n349x - Versch. Fertig-Metallwaren Herst.<br \/>\n34xx - Metallwaren Herst.<\/td>\n<\/tr>\n<tr>\n<td><\/td>\n<\/tr>\n<tr>\n<td><strong>TEX - Textil-Industrie<\/strong><\/td>\n<\/tr>\n<tr>\n<td>221x - Breitgewebe aus Baumwolle Herst.<br \/>\n222x - Seide &amp; Kunstfasern-Breitgewebe Herst.<br \/>\n223x - Breitgewebe aus Wolle Herst.<br \/>\n224x - Schmalweberei<br \/>\n225x - Strickereien<br \/>\n226x - Textilien-Endbearbeitung au\u00dfer Wolle<br \/>\n227x - Teppiche &amp; L\u00e4ufer Herst.<br \/>\n228x - Garn-&amp; Fadenspinnereien<br \/>\n229x - Versch. Textilwaren Herst.<br \/>\n22xx - Textilindustrie<br \/>\n232x - Herren-&amp; Knaben-Oberbekleidung Herst.<br \/>\n233x - Damen-&amp; M\u00e4dchen-Oberbekleidung Herst.<br \/>\n234x- Damen-&amp; Kinderunterw\u00e4sche Herst.<br \/>\n236x - Kinderoberbekleidung Herst.<br \/>\n237x - Pelzwaren Herst.<br \/>\n238x - Versch. Bekleidung &amp; Zubeh\u00f6r Herst.<br \/>\n239x - Versch. Textilprodukte Herst.<br \/>\n23xx - Bekleidung &amp; Textil-Fertigprod. Herst.<br \/>\n311x - Ledergerberei &amp; Verarbeitung<br \/>\n313x - Zugeschnittenes Schuhleder Herst.<br \/>\n314x - Schuhe au\u00dfer aus Gummi Herst.<br \/>\n315x - Lederhandschuhe &amp;-Fausthandschuhe Herst.<br \/>\n316x - Ledergep\u00e4ck Herst.<br \/>\n317x - Handtaschen &amp; verw. Lederwaren Herst.<br \/>\n319x - Sonst. Lederartikel Herst.<br \/>\n31xx - Leder &amp; Lederprodukte Herst.<\/td>\n<\/tr>\n<tr>\n<td><\/td>\n<\/tr>\n<tr>\n<td><strong>TRA - Oeff.Verkehrsmittel\/ Transport<\/strong><\/td>\n<\/tr>\n<tr>\n<td>401x - Eisenbahnlinien<br \/>\n40xx - Bahntransporte<br \/>\n411x - Ort-&amp; Vorortverkehr<br \/>\n412x - Taxibetriebe<br \/>\n413x - Intercity-&amp; \u00dcberland-Bustransporte<br \/>\n414x - Busreisen-Vermietung<br \/>\n415x - Schulbusse<br \/>\n417x - Bus-Terminalbetriebe &amp; verw. Dienste<br \/>\n41xx - Passagiertransporte Ort\/Vorort\/\u00dcberland<br \/>\n421x - Stra\u00dfen- &amp; Eiltransporte au\u00dfer per Luft<br \/>\n422x - \u00d6ffentl. Lagerh\u00e4user\/Bereitstellungen<br \/>\n423x - LKW-Bahnh\u00f6fe mit Service<br \/>\n42xx - Stra\u00dfentransporte &amp; Lagerung<br \/>\n443x - Binnenschiffahrt, Fracht<br \/>\n444x - Sonst. Wassertransporte, Fracht<br \/>\n448x - Schifftransporte f\u00fcr Passagiere<br \/>\n449x - Dienste f\u00fcr den Wassertransport<br \/>\n44xx - Wassertransporte<br \/>\n451x - Regul\u00e4rer Lufttransport &amp; Eiltransport<br \/>\n452x - Nicht regul\u00e4rer Lulftransport<br \/>\n458x - Flugh\u00e4fendienste, Au\u00dfenbahnen<br \/>\n45xx - Lufttransporte<br \/>\n461x - Pipelines au\u00dfer Erdgas<br \/>\n46xx - Pipelines au\u00dfer Erdgas<br \/>\n472x - Passagiertransport<br \/>\n473x - Fracht-&amp; Lasttransport-Dienste<br \/>\n478x Versch. Transportdienste<br \/>\n47xx - Transportdienste<\/td>\n<\/tr>\n<\/tbody>\n<\/table>\n<\/div>\n<\/div><\/div><\/div><\/div><\/div>","protected":false},"excerpt":{"rendered":"<p>ADM &#8211; Beh\u00f6rden\/Gesundheit\/Bildung 43xx &#8211; Postdienst 805x &#8211; Krankenplege &amp; Pflegeeinrichtungen 806x &#8211; Krankenh\u00e4user 808x &#8211; Ambulante \u00e4rztliche Versorgungen 809x &#8211; Sonst. Gesundheitsdienste &amp; verw.Dienste 80xx &#8211; Gesundheitsdienste 821x &#8211; Grund-,Haupt-, Realschulen &amp; Gymnasien 822x &#8211; Universit\u00e4ten &amp; Fachhochschulen 823x &#8211; Bibliotheken 824x &#8211; Berufsschulen 829x &#8211; Sonst. Schulen &amp; Ausbildungsst\u00e4tten 82xx &#8211; Ausbildungsdienste 832x &hellip; <a href=\"https:\/\/www.profondia.com\/de\/ict-datenbank\/sic-branchencodes\/\" class=\"more-link\">Continue reading<span class=\"screen-reader-text\"> &#8222;SIC-Branchencodes&#8220;<\/span><\/a><\/p>\n","protected":false},"author":1,"featured_media":0,"parent":10,"menu_order":0,"comment_status":"closed","ping_status":"closed","template":"","meta":{"_seopress_robots_primary_cat":"","_seopress_titles_title":"SIC-Branchencodes - Profondia AG","_seopress_titles_desc":"Profondia ist die Quelle f\u00fcr aktuelle Informationen \u00fcber den Einsatz von Informatik und Telekommunikation bei den 12&#039;000 gr\u00f6ssten Unternehmen in der Schweiz.","_seopress_robots_index":"","_kiway_template_id":"","_kiway_page_mode":"","_kiway_site_id":"","_kiway_nav_order":0,"_kiway_nav_parent":"","_kiway_is_front_page":""},"acf":[],"_links":{"self":[{"href":"https:\/\/www.profondia.com\/de\/wp-json\/wp\/v2\/pages\/1346"}],"collection":[{"href":"https:\/\/www.profondia.com\/de\/wp-json\/wp\/v2\/pages"}],"about":[{"href":"https:\/\/www.profondia.com\/de\/wp-json\/wp\/v2\/types\/page"}],"author":[{"embeddable":true,"href":"https:\/\/www.profondia.com\/de\/wp-json\/wp\/v2\/users\/1"}],"replies":[{"embeddable":true,"href":"https:\/\/www.profondia.com\/de\/wp-json\/wp\/v2\/comments?post=1346"}],"version-history":[{"count":4,"href":"https:\/\/www.profondia.com\/de\/wp-json\/wp\/v2\/pages\/1346\/revisions"}],"predecessor-version":[{"id":1351,"href":"https:\/\/www.profondia.com\/de\/wp-json\/wp\/v2\/pages\/1346\/revisions\/1351"}],"up":[{"embeddable":true,"href":"https:\/\/www.profondia.com\/de\/wp-json\/wp\/v2\/pages\/10"}],"wp:attachment":[{"href":"https:\/\/www.profondia.com\/de\/wp-json\/wp\/v2\/media?parent=1346"}],"curies":[{"name":"wp","href":"https:\/\/api.w.org\/{rel}","templated":true}]}}