{"id":12,"date":"2021-12-16T11:26:01","date_gmt":"2021-12-16T11:26:01","guid":{"rendered":"http:\/\/profondia.ch\/?page_id=12"},"modified":"2022-01-26T10:48:38","modified_gmt":"2022-01-26T10:48:38","slug":"it-adressen-kaufen","status":"publish","type":"page","link":"https:\/\/www.profondia.com\/de\/ict-datenbank\/it-adressen-kaufen\/","title":{"rendered":"Userbase Datenbank-Service"},"content":{"rendered":"<div id=\"pl-12\"  class=\"panel-layout\" ><div id=\"pg-12-0\"  class=\"panel-grid panel-no-style\" ><div id=\"pgc-12-0-0\"  class=\"panel-grid-cell\" ><div id=\"panel-12-0-0-0\" class=\"so-panel widget widget_sow-editor panel-first-child panel-last-child\" data-index=\"0\" ><div\n\t\t\t\n\t\t\tclass=\"so-widget-sow-editor so-widget-sow-editor-base\"\n\t\t\t\n\t\t>\n<div class=\"siteorigin-widget-tinymce textwidget\">\n\t<h1 class=\"pageTitle\">Die ICT-Datenbank als Rundum-Sorglos-Paket<\/h1>\n<p class=\"lead\">Versenden Sie Mailings oder t\u00e4tigen Sie Akquisitions-Anrufe wann immer Sie wollen und so oft Sie wollen. Dank Onlinezugriff auf unsere IT-Adressdatenbank Userbase arbeiten Sie stets mit den aktuellsten Adressen und Informationen \u00fcber die ICT-Situation bei den Kunden. Ganz einfach.<\/p>\n<p>W\u00e4hlen Sie je nach Bed\u00fcrfnis das passende Serviceabo Address Data, Full Data oder Full Service. Gerne beraten wir Sie, welcher Userbase Datenbankservice Sie am schnellsten an Ihr Ziel bringt.<\/p>\n<h4>Address Data<\/h4>\n<p>Firmendaten mit demografischen Kriterien und allen von uns ermittelten Entscheidungstr\u00e4gern.<\/p>\n<h4>Full Data<\/h4>\n<p>Address Data zuz\u00fcglich installierter Basis an Informatik- und Telekommunikations-Ausr\u00fcstung in den Segmenten:<\/p>\n<ul>\n<li>Host Systems - Server<\/li>\n<li>PCs - Microcomputer<\/li>\n<li>Printers<\/li>\n<li>Storage<\/li>\n<li>Operating Systems<\/li>\n<li>PC Applications<\/li>\n<li>Strategical Applications<\/li>\n<li>LAN Local Area Networks<\/li>\n<li>WAN Wide Area Networks<\/li>\n<li>Voice and Video Systems<\/li>\n<li>Databases - Application Development<\/li>\n<li>Security<\/li>\n<li>IT Services<\/li>\n<\/ul>\n<h4>Full Service<\/h4>\n<p>Full Data Standard zuz\u00fcglich ermittelter Investitionsvorhaben innerhalb der selektierten Zielgruppe.<\/p>\n<h4>Wichtig zu wissen<\/h4>\n<p>Ob Sie Cloud Services, Server, Netzwerkinfrastruktur, Softwarel\u00f6sungen oder Drucker anbieten: Es gibt f\u00fcr jeden unserer Kunden die richtige Userbase Datenbank-Lizenz zum passenden Budget. Profitieren Sie von unserer langj\u00e4hrigen ICT-Kompetenz!<\/p>\n<\/div>\n<\/div><\/div><\/div><\/div><\/div>","protected":false},"excerpt":{"rendered":"<p>Die ICT-Datenbank als Rundum-Sorglos-Paket Versenden Sie Mailings oder t\u00e4tigen Sie Akquisitions-Anrufe wann immer Sie wollen und so oft Sie wollen. Dank Onlinezugriff auf unsere IT-Adressdatenbank Userbase arbeiten Sie stets mit den aktuellsten Adressen und Informationen \u00fcber die ICT-Situation bei den Kunden. Ganz einfach. W\u00e4hlen Sie je nach Bed\u00fcrfnis das passende Serviceabo Address Data, Full Data &hellip; <a href=\"https:\/\/www.profondia.com\/de\/ict-datenbank\/it-adressen-kaufen\/\" class=\"more-link\">Continue reading<span class=\"screen-reader-text\"> &#8222;Userbase Datenbank-Service&#8220;<\/span><\/a><\/p>\n","protected":false},"author":1,"featured_media":0,"parent":10,"menu_order":0,"comment_status":"closed","ping_status":"closed","template":"","meta":{"_seopress_robots_primary_cat":"","_seopress_titles_title":"IT Adressen kaufen: Userbase Datenbank Service - Profondia AG","_seopress_titles_desc":"Die ICT-Datenbank als Rundum-Sorglos-Paket. Versenden Sie Mailings oder t\u00e4tigen Sie Akquisitions-Anrufe wann immer Sie wollen und so oft Sie wollen. ","_seopress_robots_index":"","_kiway_template_id":"","_kiway_page_mode":"","_kiway_site_id":"","_kiway_nav_order":0,"_kiway_nav_parent":"","_kiway_is_front_page":""},"acf":[],"_links":{"self":[{"href":"https:\/\/www.profondia.com\/de\/wp-json\/wp\/v2\/pages\/12"}],"collection":[{"href":"https:\/\/www.profondia.com\/de\/wp-json\/wp\/v2\/pages"}],"about":[{"href":"https:\/\/www.profondia.com\/de\/wp-json\/wp\/v2\/types\/page"}],"author":[{"embeddable":true,"href":"https:\/\/www.profondia.com\/de\/wp-json\/wp\/v2\/users\/1"}],"replies":[{"embeddable":true,"href":"https:\/\/www.profondia.com\/de\/wp-json\/wp\/v2\/comments?post=12"}],"version-history":[{"count":6,"href":"https:\/\/www.profondia.com\/de\/wp-json\/wp\/v2\/pages\/12\/revisions"}],"predecessor-version":[{"id":5907,"href":"https:\/\/www.profondia.com\/de\/wp-json\/wp\/v2\/pages\/12\/revisions\/5907"}],"up":[{"embeddable":true,"href":"https:\/\/www.profondia.com\/de\/wp-json\/wp\/v2\/pages\/10"}],"wp:attachment":[{"href":"https:\/\/www.profondia.com\/de\/wp-json\/wp\/v2\/media?parent=12"}],"curies":[{"name":"wp","href":"https:\/\/api.w.org\/{rel}","templated":true}]}}