{"id":10033,"date":"2025-04-14T08:37:50","date_gmt":"2025-04-14T07:37:50","guid":{"rendered":"https:\/\/www.profondia.com\/?page_id=10033"},"modified":"2025-05-05T13:26:42","modified_gmt":"2025-05-05T12:26:42","slug":"ip-targeting","status":"publish","type":"page","link":"https:\/\/www.profondia.com\/de\/ip-targeting\/","title":{"rendered":"IP-Targeting"},"content":{"rendered":"<div id=\"pl-10033\"  class=\"panel-layout\" ><div id=\"pg-10033-0\"  class=\"panel-grid panel-no-style\" ><div id=\"pgc-10033-0-0\"  class=\"panel-grid-cell\" ><div id=\"panel-10033-0-0-0\" class=\"so-panel widget widget_sow-editor panel-first-child panel-last-child\" data-index=\"0\" ><div\n\t\t\t\n\t\t\tclass=\"so-widget-sow-editor so-widget-sow-editor-base\"\n\t\t\t\n\t\t>\n<div class=\"siteorigin-widget-tinymce textwidget\">\n\t<h1>IP-Targeting \u2013 Account Based Marketing den Schweizer Medien<\/h1>\n<p>Mit IP-Targeting von Profondia erreichen Sie gezielt Firmenkunden und minimieren Streuverluste. Basierend auf unseren detaillierten Unternehmensdaten k\u00f6nnen Sie exakt jene Unternehmen ansprechen, die das gr\u00f6sste Potenzial f\u00fcr Ihre Produkte und Dienstleistungen haben.<\/p>\n<p><strong>So funktioniert\u2019s:<\/strong><\/p>\n<ul>\n<li>Werbung wird auf Grund der IP-Adresse direkt bei den relevanten Firmen ausgespielt<\/li>\n<li>Zielgerichtete Filter Technologienutzung, Branche oder Firmengr\u00f6sse oder sind m\u00f6glich<\/li>\n<li>Erneute Ansprache von Interessenten, auch ausserhalb des Firmennetzwerks<\/li>\n<li>Optionales Tracking f\u00fcr gezieltes Retargeting und Folgeaktionen<\/li>\n<\/ul>\n<p><strong>Ihr Vorteil:<\/strong><\/p>\n<ul class=\"custom-list\">\n<li>Effiziente Budgetnutzung durch pr\u00e4zise Zielgruppenansprache<\/li>\n<li>Wiederholte Kontaktpunkte f\u00fcr eine nachhaltige Wirkung<\/li>\n<li>Ideal f\u00fcr B2B-Entscheidungsprozesse, die selten spontan getroffen werden<\/li>\n<\/ul>\n<p>Mit Profondia setzen Sie auf eine datengetriebene, hochpr\u00e4zise Marketingl\u00f6sung, die Ihre Reichweite optimiert und messbare Erfolge liefert.<\/p>\n<\/div>\n<\/div><\/div><\/div><\/div><\/div>","protected":false},"excerpt":{"rendered":"<p>IP-Targeting \u2013 Account Based Marketing den Schweizer Medien Mit IP-Targeting von Profondia erreichen Sie gezielt Firmenkunden und minimieren Streuverluste. Basierend auf unseren detaillierten Unternehmensdaten k\u00f6nnen Sie exakt jene Unternehmen ansprechen, die das gr\u00f6sste Potenzial f\u00fcr Ihre Produkte und Dienstleistungen haben. So funktioniert\u2019s: Werbung wird auf Grund der IP-Adresse direkt bei den relevanten Firmen ausgespielt Zielgerichtete &hellip; <a href=\"https:\/\/www.profondia.com\/de\/ip-targeting\/\" class=\"more-link\">Continue reading<span class=\"screen-reader-text\"> &#8222;IP-Targeting&#8220;<\/span><\/a><\/p>\n","protected":false},"author":2,"featured_media":0,"parent":0,"menu_order":0,"comment_status":"closed","ping_status":"closed","template":"","meta":{"_seopress_robots_primary_cat":"","_seopress_titles_title":"","_seopress_titles_desc":"","_seopress_robots_index":"","_kiway_template_id":"","_kiway_page_mode":"","_kiway_site_id":"","_kiway_nav_order":0,"_kiway_nav_parent":"","_kiway_is_front_page":""},"acf":[],"_links":{"self":[{"href":"https:\/\/www.profondia.com\/de\/wp-json\/wp\/v2\/pages\/10033"}],"collection":[{"href":"https:\/\/www.profondia.com\/de\/wp-json\/wp\/v2\/pages"}],"about":[{"href":"https:\/\/www.profondia.com\/de\/wp-json\/wp\/v2\/types\/page"}],"author":[{"embeddable":true,"href":"https:\/\/www.profondia.com\/de\/wp-json\/wp\/v2\/users\/2"}],"replies":[{"embeddable":true,"href":"https:\/\/www.profondia.com\/de\/wp-json\/wp\/v2\/comments?post=10033"}],"version-history":[{"count":8,"href":"https:\/\/www.profondia.com\/de\/wp-json\/wp\/v2\/pages\/10033\/revisions"}],"predecessor-version":[{"id":10217,"href":"https:\/\/www.profondia.com\/de\/wp-json\/wp\/v2\/pages\/10033\/revisions\/10217"}],"wp:attachment":[{"href":"https:\/\/www.profondia.com\/de\/wp-json\/wp\/v2\/media?parent=10033"}],"curies":[{"name":"wp","href":"https:\/\/api.w.org\/{rel}","templated":true}]}}