{"id":10,"date":"2021-12-16T11:25:47","date_gmt":"2021-12-16T11:25:47","guid":{"rendered":"http:\/\/profondia.ch\/?page_id=10"},"modified":"2026-03-27T16:50:02","modified_gmt":"2026-03-27T15:50:02","slug":"ict-datenbank","status":"publish","type":"page","link":"https:\/\/www.profondia.com\/de\/ict-datenbank\/","title":{"rendered":"ICT Datenbank"},"content":{"rendered":"<div id=\"pl-10\"  class=\"panel-layout\" ><div id=\"pg-10-0\"  class=\"panel-grid panel-no-style\" ><div id=\"pgc-10-0-0\"  class=\"panel-grid-cell\" ><div id=\"panel-10-0-0-0\" class=\"so-panel widget widget_sow-editor panel-first-child\" data-index=\"0\" ><div\n\t\t\t\n\t\t\tclass=\"so-widget-sow-editor so-widget-sow-editor-base\"\n\t\t\t\n\t\t>\n<div class=\"siteorigin-widget-tinymce textwidget\">\n\t<h1 class=\"pageTitle\">Gr\u00f6sse ist alles - In diesem Fall nicht!<\/h1>\n<p class=\"lead\">Nicht die Gr\u00f6sse einer Liste mit m\u00f6glichen Neukunden ist entscheidend f\u00fcr Ihren Erfolg, sondern deren Qualit\u00e4t. Eine kleinere Zielgruppe mit clever ausgew\u00e4hlten Kriterien bringt Sie rascher ans Ziel und garantiert den effizienten Einsatz Ihrer Ressourcen.<\/p>\n<p>In unserer ICT\u00a0Datenbank Userbase finden Sie die f\u00fcr Ihr Unternehmen richtigen Kontakte - tagesaktuell und fein s\u00e4uberlich gegliedert nach unz\u00e4hligen Kriterien, die f\u00fcr ICT-Anbieter relevant sind: Anzahl Mitarbeitende, Gr\u00f6sse der IT-Abteilung, Funktionen der Entscheidungstr\u00e4ger, installierte IT-Ausr\u00fcstung oder Equipment an Hardware, eingesetzte Softwarel\u00f6sungen bis hin zu Dienstleistungsvertr\u00e4gen mit Dritten. Damit wird es f\u00fcr Sie m\u00f6glich, Ihre Zielgruppe \u00e4usserst pr\u00e4zise zu definieren und damit Marketingbudget treffsicher einzusetzen.<\/p>\n<h4>Wichtig zu wissen<\/h4>\n<p>Seit \u00fcber 30 Jahren konzentrieren wir uns mit unserer ICT Datenbank auf qualitativ hochwertige Daten \u00fcber den Schweizer ICT-Markt zum Nutzen unserer langj\u00e4hrigen, zufriedenen Kunden. Systematisch und regelm\u00e4ssig qualifizieren wir alle Informationen, deren Qualit\u00e4t weit \u00fcber normale Adresslisten anderer Anbieter hinausgeht.<\/p>\n<\/div>\n<\/div><\/div>\r\n<!-- \/\/ IMAGE TEASER \/\/ -->\r\n<div class=\"video-thumbnail\">\r\n\t<div class=\"video_popup\">\r\n    \t<div class=\"video_popupinr\">\r\n            <a href=\"javascript:\" class=\"close_vidpopup\"><i class=\"fa fa-times\"><\/i><\/a>\r\n            <div class=\"embed-responsive\">\r\n                <video controls=\"\" poster=\"https:\/\/www.profondia.com\/wp-content\/uploads\/2021\/12\/guy_v3.png\">\r\n                    <source src=\"https:\/\/www.profondia.com\/wp-content\/uploads\/2022\/01\/video_de.mp4\" type=\"video\/mp4\"> \r\n                    Your browser does not support the video tag.\r\n                <\/video>\r\n            <\/div>\r\n        <\/div>\r\n    <\/div>\r\n\t<a class=\"launch-popup\" href=\"javascript:\"><img src=\"https:\/\/www.profondia.com\/wp-content\/uploads\/2021\/12\/guy_v3.png\" \/><\/a> \r\n<\/div>\r\n<!-- END HERE -->\r\n\r\n<\/div><\/div><\/div>","protected":false},"excerpt":{"rendered":"<p>Gr\u00f6sse ist alles &#8211; In diesem Fall nicht! Nicht die Gr\u00f6sse einer Liste mit m\u00f6glichen Neukunden ist entscheidend f\u00fcr Ihren Erfolg, sondern deren Qualit\u00e4t. Eine kleinere Zielgruppe mit clever ausgew\u00e4hlten Kriterien bringt Sie rascher ans Ziel und garantiert den effizienten Einsatz Ihrer Ressourcen. In unserer ICT\u00a0Datenbank Userbase finden Sie die f\u00fcr Ihr Unternehmen richtigen Kontakte &hellip; <a href=\"https:\/\/www.profondia.com\/de\/ict-datenbank\/\" class=\"more-link\">Continue reading<span class=\"screen-reader-text\"> &#8222;ICT Datenbank&#8220;<\/span><\/a><\/p>\n","protected":false},"author":1,"featured_media":0,"parent":0,"menu_order":0,"comment_status":"closed","ping_status":"closed","template":"","meta":{"_seopress_robots_primary_cat":"","_seopress_titles_title":"","_seopress_titles_desc":"Gr\u00f6sse ist alles - In diesem Fall nicht! Nicht die Gr\u00f6sse einer Liste mit m\u00f6glichen Neukunden ist entscheidend f\u00fcr Ihren Erfolg, sondern deren Qualit\u00e4t.","_seopress_robots_index":"","_kiway_template_id":"","_kiway_page_mode":"page","_kiway_site_id":"","_kiway_nav_order":0,"_kiway_nav_parent":"","_kiway_is_front_page":""},"acf":[],"_links":{"self":[{"href":"https:\/\/www.profondia.com\/de\/wp-json\/wp\/v2\/pages\/10"}],"collection":[{"href":"https:\/\/www.profondia.com\/de\/wp-json\/wp\/v2\/pages"}],"about":[{"href":"https:\/\/www.profondia.com\/de\/wp-json\/wp\/v2\/types\/page"}],"author":[{"embeddable":true,"href":"https:\/\/www.profondia.com\/de\/wp-json\/wp\/v2\/users\/1"}],"replies":[{"embeddable":true,"href":"https:\/\/www.profondia.com\/de\/wp-json\/wp\/v2\/comments?post=10"}],"version-history":[{"count":14,"href":"https:\/\/www.profondia.com\/de\/wp-json\/wp\/v2\/pages\/10\/revisions"}],"predecessor-version":[{"id":10899,"href":"https:\/\/www.profondia.com\/de\/wp-json\/wp\/v2\/pages\/10\/revisions\/10899"}],"wp:attachment":[{"href":"https:\/\/www.profondia.com\/de\/wp-json\/wp\/v2\/media?parent=10"}],"curies":[{"name":"wp","href":"https:\/\/api.w.org\/{rel}","templated":true}]}}